{"id":113767,"date":"2021-11-08T06:40:00","date_gmt":"2021-11-08T05:40:00","guid":{"rendered":"https:\/\/shop.metal-badge.ch\/?post_type=product&#038;p=113767"},"modified":"2021-11-09T17:47:36","modified_gmt":"2021-11-09T16:47:36","slug":"porte-badge-a-fixation-au-bras-avec-fenetre-didentification-citron","status":"publish","type":"product","link":"https:\/\/metal-badge.ch\/fr\/product\/113767\/porte-badge-a-fixation-au-bras-avec-fenetre-didentification-citron\/","title":{"rendered":"Porte-badge \u00e0 fixation au bras avec fen\u00eatre d&rsquo;identification citron"},"content":{"rendered":"<p><span style=\"font-weight: 400;\">Porte-badge \u00e0 fixation au bras pour une identification facile des personnes dans les environnements de travail actifs. Gr\u00e2ce \u00e0 la boucle \u00e9lastique r\u00e9glable suppl\u00e9mentaire, les cartes d&rsquo;identit\u00e9 des employ\u00e9s, par exemple, peuvent \u00eatre fix\u00e9es en toute s\u00e9curit\u00e9 sur le bras et rester parfaitement visibles quelle que soit l&rsquo;activit\u00e9 du porteur. Particuli\u00e8rement adapt\u00e9 aux activit\u00e9s dans les a\u00e9roports, aux machines, aux tapis roulants, au personnel de s\u00e9curit\u00e9, etc., l\u00e0 o\u00f9 les sangles textiles conventionnelles peuvent facilement se coincer ou s&rsquo;accrocher. Gr\u00e2ce \u00e0 leur r\u00e9sistance aux intemp\u00e9ries, les porte-badges conviennent \u00e0 une utilisation en int\u00e9rieur comme en ext\u00e9rieur, par exemple pour les employ\u00e9s \u00e0 l&rsquo;a\u00e9roport ou dans des entrep\u00f4ts. Porte-badge pour 1 carte d&rsquo;identit\u00e9. R\u00e9sistant aux UV et imperm\u00e9able. R\u00e9sistant au froid jusqu&rsquo;\u00e0 -20\u00b0C. Boucle de fixation au bras r\u00e9glable pour un diam\u00e8tre de 7 \u00e0 18 cm.<\/span><\/p>\n<p><b>Informations sur le produit :&nbsp;<\/b><\/p>\n<ul>\n<li><span style=\"font-weight: 400;\">D\u00e9signation : Porte-badge \u00e0 fixation au bras<\/span><\/li>\n<li><span style=\"font-weight: 400;\">Prot\u00e8ge le badge qui reste toujours visible<\/span><\/li>\n<li><span style=\"font-weight: 400;\">Construction en vinyle durable<\/span><\/li>\n<li><span style=\"font-weight: 400;\">Taille ajustable et \u00e9lastique&nbsp;&nbsp;<\/span><\/li>\n<li><span style=\"font-weight: 400;\">En diff\u00e9rentes couleurs : Citron<\/span><\/li>\n<li><span style=\"font-weight: 400;\">Pour badges de dimensions 10 cm x 6 cm<\/span><\/li>\n<li><span style=\"font-weight: 400;\">R\u00e9sistant aux intemp\u00e9ries<\/span><\/li>\n<li><span style=\"font-weight: 400;\">Porte-badge pour 1 carte d&rsquo;identit\u00e9<\/span><\/li>\n<li><span style=\"font-weight: 400;\">\u00c9tanche<\/span><\/li>\n<li><span style=\"font-weight: 400;\">R\u00e9sistant aux rayons UV<\/span><\/li>\n<li><span style=\"font-weight: 400;\">R\u00e9sistant au froid jusqu\u2019\u00e0 -20 \u00baC<\/span><\/li>\n<li><span style=\"font-weight: 400;\">Id\u00e9al pour l&rsquo;int\u00e9rieur et l&rsquo;ext\u00e9rieur<\/span><\/li>\n<li><span style=\"font-weight: 400;\">Porte-cartes \u00e0 fixation au bras pour une identification facile des personnes dans les environnements de travail actifs.<\/span><\/li>\n<\/ul>\n","protected":false},"excerpt":{"rendered":"<p><span style=\"font-weight: 400;\">Porte-badge \u00e0 fixation au bras pour une identification facile des personnes dans les environnements de travail actifs. Gr\u00e2ce \u00e0 la boucle \u00e9lastique r\u00e9glable suppl\u00e9mentaire, les cartes d&rsquo;identit\u00e9 des employ\u00e9s, par exemple, peuvent \u00eatre fix\u00e9es en toute s\u00e9curit\u00e9 sur le bras et rester parfaitement visibles quelle que soit l&rsquo;activit\u00e9 du porteur. <\/span><\/p>\n","protected":false},"featured_media":113791,"comment_status":"closed","ping_status":"closed","template":"","meta":{"inline_featured_image":false},"product_brand":[],"product_cat":[887],"product_tag":[1781],"class_list":{"0":"post-113767","1":"product","2":"type-product","3":"status-publish","4":"has-post-thumbnail","6":"product_cat-accessoires","7":"product_tag-police-securite","9":"first","10":"instock","11":"taxable","12":"shipping-taxable","13":"purchasable","14":"product-type-simple"},"_links":{"self":[{"href":"https:\/\/metal-badge.ch\/fr\/wp-json\/wp\/v2\/product\/113767","targetHints":{"allow":["GET"]}}],"collection":[{"href":"https:\/\/metal-badge.ch\/fr\/wp-json\/wp\/v2\/product"}],"about":[{"href":"https:\/\/metal-badge.ch\/fr\/wp-json\/wp\/v2\/types\/product"}],"replies":[{"embeddable":true,"href":"https:\/\/metal-badge.ch\/fr\/wp-json\/wp\/v2\/comments?post=113767"}],"wp:featuredmedia":[{"embeddable":true,"href":"https:\/\/metal-badge.ch\/fr\/wp-json\/wp\/v2\/media\/113791"}],"wp:attachment":[{"href":"https:\/\/metal-badge.ch\/fr\/wp-json\/wp\/v2\/media?parent=113767"}],"wp:term":[{"taxonomy":"product_brand","embeddable":true,"href":"https:\/\/metal-badge.ch\/fr\/wp-json\/wp\/v2\/product_brand?post=113767"},{"taxonomy":"product_cat","embeddable":true,"href":"https:\/\/metal-badge.ch\/fr\/wp-json\/wp\/v2\/product_cat?post=113767"},{"taxonomy":"product_tag","embeddable":true,"href":"https:\/\/metal-badge.ch\/fr\/wp-json\/wp\/v2\/product_tag?post=113767"}],"curies":[{"name":"wp","href":"https:\/\/api.w.org\/{rel}","templated":true}]}}