{"id":113659,"date":"2021-10-11T06:58:19","date_gmt":"2021-10-11T04:58:20","guid":{"rendered":"https:\/\/shop.metal-badge.ch\/?post_type=product&#038;p=113659"},"modified":"2021-10-11T07:15:05","modified_gmt":"2021-10-11T05:15:05","slug":"veste-tactique-noire-avec-capuche-zippee-et-logos-ipa-2","status":"publish","type":"product","link":"https:\/\/metal-badge.ch\/fr\/product\/113659\/veste-tactique-noire-avec-capuche-zippee-et-logos-ipa-2\/","title":{"rendered":"Veste tactique noire avec capuche zipp\u00e9e et logos IPA"},"content":{"rendered":"<p><span style=\"font-weight: 400;\">La veste en polyester noir impressionne par sa coupe moderne. Avec sa capuche zipp\u00e9e, elle constitue un v\u00eatement indispensable. La veste est disponible dans deux versions. Avec le logo IPA <\/span><b>dor\u00e9<\/b><span style=\"font-weight: 400;\"> : le badge IPA Suisse, qui a fait ses preuves, est <\/span><b>imprim\u00e9<\/b><span style=\"font-weight: 400;\"> sur la poitrine, devant \u00e0 droite, et dans le dos et sur le haut du bras gauche. Ou la version avec le logo IPA <\/span><b>argent\u00e9<\/b><span style=\"font-weight: 400;\"> \u00e0 droite de la poitrine et l&rsquo;insigne IPA Suisse argent\u00e9e sur le haut du bras gauche.&nbsp;<\/span><\/p>\n<p><span style=\"font-weight: 400;\">La veste est en outre \u00e9quip\u00e9e de bandes r\u00e9fl\u00e9chissantes sur les deux manches. Le tissu nylon \/ polyester d\u00e9perlant vous tient agr\u00e9ablement au chaud, m\u00eame par temps froid. La capuche peut \u00eatre retir\u00e9e \u00e0 l&rsquo;aide d&rsquo;une fermeture \u00e9clair. La veste comporte deux grandes poches lat\u00e9rales zipp\u00e9es \u00e0 l&rsquo;ext\u00e9rieur. Il y a \u00e9galement deux grandes poches de poitrine \u00e0 l&rsquo;ext\u00e9rieur, ainsi qu&rsquo;une poche zipp\u00e9e avec une fermeture \u00e9clair \u00e9tanche. La fermeture \u00e9clair frontale YKK est commod\u00e9ment recouverte d&rsquo;une bande velcro. Un rabat rond en velcro de 7,5 cm de diam\u00e8tre est fix\u00e9 sur le bras sup\u00e9rieur droit pour la fixation de diff\u00e9rents patchs. Il y a \u00e9galement une poche poitrine en velcro sur la gauche pour les badges nominatifs mesurant 9 x 2 cm. L&rsquo;int\u00e9rieur de la veste est \u00e9quip\u00e9 d&rsquo;une doublure matelass\u00e9e et d&rsquo;une grande poche en velcro.&nbsp;<\/span><\/p>\n<p><b>Informations sur le produit :<\/b><\/p>\n<ul>\n<li><span style=\"font-weight: 400;\">Couleur : bleu<\/span><\/li>\n<li><span style=\"font-weight: 400;\">Mati\u00e8re&nbsp;: Polyester \/ Nylon&nbsp;<\/span><\/li>\n<li><span style=\"font-weight: 400;\">Doublure matelass\u00e9e<\/span><\/li>\n<li><span style=\"font-weight: 400;\">Capuche d\u00e9tachable &nbsp;<\/span><\/li>\n<li><span style=\"font-weight: 400;\">Poche velcro sur la poitrine \u00e0 gauche pour badge nominatif de 9 x 2cm&nbsp;<\/span><\/li>\n<li><span style=\"font-weight: 400;\">Fermeture \u00e9clair frontale : dissimul\u00e9e par une bande velcro<\/span><\/li>\n<li><span style=\"font-weight: 400;\">Fermeture \u00e9clair avant YKK<\/span><\/li>\n<li><span style=\"font-weight: 400;\">Deux grandes poches lat\u00e9rales \u00e0 fermeture \u00e9clair&nbsp;<\/span><\/li>\n<li><span style=\"font-weight: 400;\">Deux grandes poches de poitrine avec fermeture velcro<\/span><\/li>\n<li><span style=\"font-weight: 400;\">Poche poitrine avec fermeture \u00e9clair \u00e9tanche&nbsp;&nbsp;<\/span><\/li>\n<li><span style=\"font-weight: 400;\">Rabat en velcro de 7,5 cm de diam\u00e8tre pour la fixation de patchs sur le bras droit<\/span><\/li>\n<li><span style=\"font-weight: 400;\">Bandes r\u00e9fl\u00e9chissantes sur les deux manches<\/span><\/li>\n<li><span style=\"font-weight: 400;\">Poche int\u00e9rieure avec fermeture velcro<\/span><\/li>\n<li><span style=\"font-weight: 400;\">Poignets \u00e9lastiques avec velcro pour le r\u00e9glage.<\/span><\/li>\n<li><span style=\"font-weight: 400;\">Ceinture \u00e9lastiqu\u00e9e&nbsp;<\/span><\/li>\n<li><span style=\"font-weight: 400;\">Col montant d\u00e9contract\u00e9 pliable de 8 cm&nbsp;&nbsp;<\/span><\/li>\n<li><span style=\"font-weight: 400;\">Avec le logo IPA argent\u00e9e sur la poche sur la poitrine \u00e0 droite : Diam\u00e8tre d&rsquo;environ 8 cm<\/span><\/li>\n<li><span style=\"font-weight: 400;\">Avec badge IPA argent\u00e9e sur le haut du bras gauche : Diam\u00e8tre de 8 cm&nbsp;<\/span><\/li>\n<li><span style=\"font-weight: 400;\">Lavage en machine : 40 degr\u00e9s :<\/span><\/li>\n<li><span style=\"font-weight: 400;\">Tailles : S, M, L, XL, 2XL&nbsp;&nbsp;<\/span><\/li>\n<li><span style=\"font-weight: 400;\">Poids : 220 GSM<\/span><\/li>\n<\/ul>\n","protected":false},"excerpt":{"rendered":"<p><span style=\"font-weight: 400;\">La veste en polyester noir impressionne par sa coupe moderne. Avec sa capuche zipp\u00e9e, elle constitue un v\u00eatement indispensable. La veste est disponible dans deux versions. Avec le logo IPA <\/span><b>dor\u00e9<\/b><span style=\"font-weight: 400;\"> : le badge IPA Suisse, qui a fait ses preuves, est <\/span><b>imprim\u00e9<\/b><span style=\"font-weight: 400;\"> sur la poitrine, devant \u00e0 droite, et dans le dos et sur le haut du bras gauche. Ou la version avec le logo IPA <\/span><b>argent\u00e9<\/b><span style=\"font-weight: 400;\"> \u00e0 droite de la poitrine et l&rsquo;insigne IPA Suisse argent\u00e9e sur le haut du bras gauche.&nbsp;<\/span><\/p>\n","protected":false},"featured_media":113643,"comment_status":"closed","ping_status":"closed","template":"","meta":{"inline_featured_image":false},"product_brand":[],"product_cat":[1263,1634],"product_tag":[],"class_list":{"0":"post-113659","1":"product","2":"type-product","3":"status-publish","4":"has-post-thumbnail","6":"product_cat-ipa-casual-wear-fr","7":"product_cat-vestes-and-vetements-tactiques-couleurs-de-camouflage","9":"first","10":"instock","11":"taxable","12":"shipping-taxable","13":"purchasable","14":"product-type-simple"},"_links":{"self":[{"href":"https:\/\/metal-badge.ch\/fr\/wp-json\/wp\/v2\/product\/113659","targetHints":{"allow":["GET"]}}],"collection":[{"href":"https:\/\/metal-badge.ch\/fr\/wp-json\/wp\/v2\/product"}],"about":[{"href":"https:\/\/metal-badge.ch\/fr\/wp-json\/wp\/v2\/types\/product"}],"replies":[{"embeddable":true,"href":"https:\/\/metal-badge.ch\/fr\/wp-json\/wp\/v2\/comments?post=113659"}],"wp:featuredmedia":[{"embeddable":true,"href":"https:\/\/metal-badge.ch\/fr\/wp-json\/wp\/v2\/media\/113643"}],"wp:attachment":[{"href":"https:\/\/metal-badge.ch\/fr\/wp-json\/wp\/v2\/media?parent=113659"}],"wp:term":[{"taxonomy":"product_brand","embeddable":true,"href":"https:\/\/metal-badge.ch\/fr\/wp-json\/wp\/v2\/product_brand?post=113659"},{"taxonomy":"product_cat","embeddable":true,"href":"https:\/\/metal-badge.ch\/fr\/wp-json\/wp\/v2\/product_cat?post=113659"},{"taxonomy":"product_tag","embeddable":true,"href":"https:\/\/metal-badge.ch\/fr\/wp-json\/wp\/v2\/product_tag?post=113659"}],"curies":[{"name":"wp","href":"https:\/\/api.w.org\/{rel}","templated":true}]}}