{"id":113575,"date":"2021-10-10T06:10:44","date_gmt":"2021-10-10T04:10:44","guid":{"rendered":"https:\/\/shop.metal-badge.ch\/?post_type=product&#038;p=113575"},"modified":"2024-08-03T04:31:56","modified_gmt":"2024-08-03T02:31:56","slug":"gilet-tactique-bleu-avec-elements-reflechissants-et-velcro","status":"publish","type":"product","link":"https:\/\/metal-badge.ch\/fr\/product\/113575\/gilet-tactique-bleu-avec-elements-reflechissants-et-velcro\/","title":{"rendered":"Gilet tactique bleu avec \u00e9l\u00e9ments r\u00e9fl\u00e9chissants et velcro"},"content":{"rendered":"<p><span style=\"font-weight: 400;\">Ce gilet tactique l\u00e9ger et fonctionnel bleu avec des bandes r\u00e9fl\u00e9chissantes 3M tout autour garantit que le porteur est facilement perceptible, m\u00eame en cas de mauvaise visibilit\u00e9 ou dans l&rsquo;obscurit\u00e9. Fabriqu\u00e9 en maille respirante \u00ab Polyster Mesh 425 GSM \u00bb et en nylon 1000 deniers avec rev\u00eatement PU hydrofuge.<\/span><\/p>\n<p><span style=\"font-weight: 400;\">Le gilet est disponible en plusieurs tailles et peut \u00eatre ferm\u00e9 \u00e0 l&rsquo;avant par une fermeture \u00e9clair. En outre, il peut \u00eatre ouvert sur les c\u00f4t\u00e9s \u00e0 l&rsquo;aide de velcro et \u00eatre ajust\u00e9 \u00e0 son porteur.&nbsp;<\/span><\/p>\n<p><span style=\"font-weight: 400;\">Le dos du gilet est \u00e9quip\u00e9 d&rsquo;une large bande velcro, de sorte que les diff\u00e9rentes inscriptions r\u00e9fl\u00e9chissantes <\/span><b>SECURITY \/ POLICE, etc.<\/b><span style=\"font-weight: 400;\"> peuvent \u00eatre facilement enlev\u00e9es ou appos\u00e9es. La dimension du velcro au dos est de 30 x 10 cm.<\/span><\/p>\n<p><span style=\"font-weight: 400;\">Il y a \u00e9galement un velcro attach\u00e9 \u00e0 l&rsquo;avant, sur la poitrine \u00e0 gauche, mesurant 12 x 4 cm pour y fixer diverses inscriptions que nous proposons, comme par exemple : <\/span><b>SECURITY \/ POLICE<\/b><span style=\"font-weight: 400;\">,&nbsp;etc.<\/span><\/p>\n<p><span style=\"font-weight: 400;\">Le gilet est \u00e9quip\u00e9 de deux grandes poches \u00e0 double fermeture \u00e9clair \u00e0 l&rsquo;avant. Les deux poches sont \u00e9quip\u00e9es de supports \u00e9lastiques et d&rsquo;une poche int\u00e9rieure, ainsi que d&rsquo;une poche suppl\u00e9mentaire en velcro \u00e0 l&rsquo;ext\u00e9rieur. Une autre poche en velcro pour la radio ou le t\u00e9l\u00e9phone portable est situ\u00e9e \u00e0 l&rsquo;avant, \u00e0 hauteur de la poitrine, \u00e0 gauche. En outre, le gilet est \u00e9quip\u00e9 d&rsquo;un compartiment pour 4 stylos et d&rsquo;un anneau m\u00e9tallique robuste. Bien s\u00fbr, il y a aussi une fen\u00eatre d&rsquo;identification avec velcro pour les noms.&nbsp;<\/span><\/p>\n<p><b>Informations sur le produit :&nbsp;<\/b><\/p>\n<ul>\n<li><span style=\"font-weight: 400;\">D\u00e9signation : Gilet tactique&nbsp;&nbsp;<\/span><\/li>\n<li><span style=\"font-weight: 400;\">Mati\u00e8re&nbsp;: Fabriqu\u00e9 en maille respirante \u00ab Polyster Mesh 425 GSM \u00bb et en nylon 1000 deniers avec rev\u00eatement PU hydrofuge.<\/span><\/li>\n<li><span style=\"font-weight: 400;\">Couleur : bleu<\/span><\/li>\n<li><span style=\"font-weight: 400;\">Robuste et durable&nbsp;<\/span><\/li>\n<li><span style=\"font-weight: 400;\">Le gilet peut \u00eatre ajust\u00e9 pour s&rsquo;adapter encore mieux \u00e0 son porteur gr\u00e2ce \u00e0 des velcros sur les c\u00f4t\u00e9s.<\/span><\/li>\n<li><span style=\"font-weight: 400;\">\u00c9quip\u00e9 d&rsquo;une fen\u00eatre d&rsquo;identification, d&rsquo;un anneau m\u00e9tallique, d&rsquo;une fixation pour velcro pour le nom et d&rsquo;un velcro pour la d\u00e9signation.<\/span><\/li>\n<li><span style=\"font-weight: 400;\">2 grands compartiments zipp\u00e9s avec poche ext\u00e9rieure de 21 cm de largeur pour 15 cm de hauteur<\/span><\/li>\n<li><span style=\"font-weight: 400;\">1 poche radio ou t\u00e9l\u00e9phone portable de 9 cm de largeur pour 14 cm de hauteur<\/span><\/li>\n<li><span style=\"font-weight: 400;\">1 compartiment \u00e0 stylos pour 4 stylos&nbsp;<\/span><\/li>\n<li><span style=\"font-weight: 400;\">Bandes r\u00e9fl\u00e9chissantes 3M tout autour&nbsp;<\/span><\/li>\n<li><span style=\"font-weight: 400;\">Inscriptions en velcro : Inscriptions vari\u00e9es interchangeables par velcro selon les besoins.<\/span><\/li>\n<li><span style=\"font-weight: 400;\">Poids : 750 g.&nbsp;<\/span><\/li>\n<li><span style=\"font-weight: 400;\">Tailles : S, M, L, XL, 2XL, peut \u00e9galement \u00eatre r\u00e9alis\u00e9 sur mesure, sur simple demande&nbsp;<\/span><\/li>\n<\/ul>\n<p><b>Prix r\u00e9duit pour les commandes de 40 unit\u00e9s ou plus, contactez-nous.<\/b><\/p>\n","protected":false},"excerpt":{"rendered":"<p><span style=\"font-weight: 400;\">Ce gilet tactique l\u00e9ger et fonctionnel bleu avec des bandes r\u00e9fl\u00e9chissantes 3M tout autour garantit que le porteur est facilement perceptible, m\u00eame en cas de mauvaise visibilit\u00e9 ou dans l&rsquo;obscurit\u00e9. Fabriqu\u00e9 en maille respirante \u00ab Polyster Mesh 425 GSM \u00bb et en nylon 1000 deniers avec rev\u00eatement PU hydrofuge.<\/span><\/p>\n<p><span style=\"font-weight: 400;\">Le gilet est disponible en plusieurs tailles et peut \u00eatre ferm\u00e9 \u00e0 l&rsquo;avant par une fermeture \u00e9clair. En outre, il peut \u00eatre ouvert sur les c\u00f4t\u00e9s \u00e0 l&rsquo;aide de velcro et \u00eatre ajust\u00e9 \u00e0 son porteur.&nbsp;<\/span><\/p>\n","protected":false},"featured_media":113539,"comment_status":"closed","ping_status":"closed","template":"","meta":{"inline_featured_image":false},"product_brand":[],"product_cat":[1103,2215,1606],"product_tag":[],"class_list":{"0":"post-113575","1":"product","2":"type-product","3":"status-publish","4":"has-post-thumbnail","6":"product_cat-vetements","7":"product_cat-vestes_tactiques","8":"product_cat-vetements-haute-visibilite-et-lumineux","10":"first","11":"instock","12":"taxable","13":"shipping-taxable","14":"purchasable","15":"product-type-simple"},"_links":{"self":[{"href":"https:\/\/metal-badge.ch\/fr\/wp-json\/wp\/v2\/product\/113575","targetHints":{"allow":["GET"]}}],"collection":[{"href":"https:\/\/metal-badge.ch\/fr\/wp-json\/wp\/v2\/product"}],"about":[{"href":"https:\/\/metal-badge.ch\/fr\/wp-json\/wp\/v2\/types\/product"}],"replies":[{"embeddable":true,"href":"https:\/\/metal-badge.ch\/fr\/wp-json\/wp\/v2\/comments?post=113575"}],"wp:featuredmedia":[{"embeddable":true,"href":"https:\/\/metal-badge.ch\/fr\/wp-json\/wp\/v2\/media\/113539"}],"wp:attachment":[{"href":"https:\/\/metal-badge.ch\/fr\/wp-json\/wp\/v2\/media?parent=113575"}],"wp:term":[{"taxonomy":"product_brand","embeddable":true,"href":"https:\/\/metal-badge.ch\/fr\/wp-json\/wp\/v2\/product_brand?post=113575"},{"taxonomy":"product_cat","embeddable":true,"href":"https:\/\/metal-badge.ch\/fr\/wp-json\/wp\/v2\/product_cat?post=113575"},{"taxonomy":"product_tag","embeddable":true,"href":"https:\/\/metal-badge.ch\/fr\/wp-json\/wp\/v2\/product_tag?post=113575"}],"curies":[{"name":"wp","href":"https:\/\/api.w.org\/{rel}","templated":true}]}}