{"id":113424,"date":"2021-10-07T19:31:04","date_gmt":"2021-10-07T17:31:05","guid":{"rendered":"https:\/\/shop.metal-badge.ch\/?post_type=product&#038;p=113424"},"modified":"2024-08-03T05:58:18","modified_gmt":"2024-08-03T03:58:18","slug":"gilet-tactique-orange-jaune-fluorescent-avec-elements-reflechissants-et-velcro","status":"publish","type":"product","link":"https:\/\/metal-badge.ch\/fr\/product\/113424\/gilet-tactique-orange-jaune-fluorescent-avec-elements-reflechissants-et-velcro\/","title":{"rendered":"Gilet tactique orange \/ jaune fluorescent avec \u00e9l\u00e9ments r\u00e9fl\u00e9chissants et velcro"},"content":{"rendered":"<p><span style=\"font-weight: 400;\">Ce gilet tactique l\u00e9ger et fonctionnel orange \/ jaune fluorescent avec des bandes r\u00e9fl\u00e9chissantes 3M tout autour garantit que le porteur est facilement perceptible, m\u00eame en cas de mauvaise visibilit\u00e9 ou dans l&rsquo;obscurit\u00e9. Fabriqu\u00e9 en maille respirante \u00ab Polyster Mesh 425 GSM \u00bb et en nylon 1000 deniers avec rev\u00eatement PU hydrofuge.<\/span><\/p>\n<p><span style=\"font-weight: 400;\">Le gilet est disponible en plusieurs tailles et peut \u00eatre ferm\u00e9 \u00e0 l&rsquo;avant par une fermeture \u00e9clair. En outre, il peut \u00eatre ouvert sur les c\u00f4t\u00e9s et sur les \u00e9paules \u00e0 l&rsquo;aide de velcro et \u00eatre ajust\u00e9 \u00e0 son porteur.&nbsp;<\/span><\/p>\n<p><span style=\"font-weight: 400;\">Le dos du gilet est \u00e9quip\u00e9 d&rsquo;une large bande velcro, de sorte que les diff\u00e9rentes inscriptions r\u00e9fl\u00e9chissantes <\/span><b>SECURITY \/ POLICE<\/b><span style=\"font-weight: 400;\"> peuvent \u00eatre facilement enlev\u00e9es ou appos\u00e9es. La dimension du velcro au dos est de 30 x 10 cm.<\/span><\/p>\n<p><span style=\"font-weight: 400;\">Il y a \u00e9galement un velcro attach\u00e9 \u00e0 l&rsquo;avant, sur la poitrine \u00e0 gauche, mesurant 12 x 4 cm pour y fixer diverses inscriptions que nous proposons, comme par exemple : <\/span><b>SECURITY \/ POLICE, etc<\/b><span style=\"font-weight: 400;\">.&nbsp;<\/span><\/p>\n<p><span style=\"font-weight: 400;\">Le gilet est \u00e9quip\u00e9 de 5 poches ext\u00e9rieures diff\u00e9rentes \u00e0 l&rsquo;avant.&nbsp;&nbsp;<\/span><\/p>\n<p><span style=\"font-weight: 400;\">Une pochette radio universelle, qui peut \u00eatre adapt\u00e9e individuellement \u00e0 votre radio gr\u00e2ce \u00e0 des bandes velcro et \u00e9lastiques. Une poche pour t\u00e9l\u00e9phone portable, une poche pour lampe de poche, une grande poche divis\u00e9e en deux compartiments avec des supports \u00e9lastiques \u00e0 l&rsquo;int\u00e9rieur pour du mat\u00e9riel vari\u00e9 ainsi qu&rsquo;une poche de 18 cm de hauteur pour 12 cm de largeur pour d&rsquo;autres articles viennent compl\u00e9ter ce gilet.<\/span><\/p>\n<p><b>Sur l\u2019\u00e9paule<\/b><span style=\"font-weight: 400;\">, vous trouverez des fixations rapides pour microphone des deux c\u00f4t\u00e9s.<\/span><\/p>\n<p><span style=\"font-weight: 400;\">Le gilet poss\u00e8de des boucles sous les bras des deux c\u00f4t\u00e9s avec des boutons-pression pour les insignes de dipl\u00f4me, etc. Sur le c\u00f4t\u00e9 gauche, au niveau de la poitrine, se trouve une fen\u00eatre pour cartes d&rsquo;identification.&nbsp;<\/span><\/p>\n<p><span style=\"font-weight: 400;\">Deux grands compartiments de rangement pour le pistolet, les gants et tout autre mat\u00e9riel sont facilement accessibles de l&rsquo;ext\u00e9rieur gr\u00e2ce \u00e0 des fermetures \u00e9clair de chaque c\u00f4t\u00e9 pour les gauchers et les droitiers. Les dimensions de ces deux poches \u00e0 droite et \u00e0 gauche sont de 23 cm de hauteur pour 22 cm de largeur.<\/span><\/p>\n<p><b>Informations sur le produit :&nbsp;<\/b><\/p>\n<ul>\n<li><span style=\"font-weight: 400;\">D\u00e9signation : Gilet tactique&nbsp;&nbsp;<\/span><\/li>\n<li><span style=\"font-weight: 400;\">Mat\u00e9riau : tissu en maille respirante \u00ab Polyester Mesh 425 GSM \u00bb et tissu en nylon 1000 deniers<\/span><\/li>\n<li><span style=\"font-weight: 400;\">Couleur : orange \/ jaune fluorescent<\/span><\/li>\n<li><span style=\"font-weight: 400;\">Robuste et durable&nbsp;<\/span><\/li>\n<li><span style=\"font-weight: 400;\">\u00c9quip\u00e9 de 5 poches ext\u00e9rieures vari\u00e9es<\/span><\/li>\n<li><span style=\"font-weight: 400;\">Bandes r\u00e9fl\u00e9chissantes 3M tout autour&nbsp;<\/span><\/li>\n<li><span style=\"font-weight: 400;\">Inscriptions en velcro : Inscriptions vari\u00e9es interchangeables par velcro selon les besoins.<\/span><\/li>\n<li><span style=\"font-weight: 400;\">Poids : 730 g.&nbsp;<\/span><\/li>\n<li><span style=\"font-weight: 400;\">Tailles : S, M, L, XL, 2XL, peut \u00e9galement \u00eatre r\u00e9alis\u00e9 sur mesure, sur simple demande&nbsp;<\/span><\/li>\n<\/ul>\n<p><b>Une impression personnalis\u00e9e est disponible sur demande pour les commandes de 40 pi\u00e8ces ou plus. Prix r\u00e9duit pour les commandes de 40 unit\u00e9s ou plus, contactez-nous.<\/b><\/p>\n","protected":false},"excerpt":{"rendered":"<p><span style=\"font-weight: 400;\">Ce gilet tactique l\u00e9ger et fonctionnel orange \/ jaune fluorescent avec des bandes r\u00e9fl\u00e9chissantes 3M tout autour garantit que le porteur est facilement perceptible, m\u00eame en cas de mauvaise visibilit\u00e9 ou dans l&rsquo;obscurit\u00e9. Fabriqu\u00e9 en maille respirante \u00ab Polyster Mesh 425 GSM \u00bb et en nylon 1000 deniers avec rev\u00eatement PU hydrofuge.<\/span><\/p>\n","protected":false},"featured_media":113380,"comment_status":"closed","ping_status":"closed","template":"","meta":{"inline_featured_image":false},"product_brand":[],"product_cat":[1103,2215,1606],"product_tag":[],"class_list":{"0":"post-113424","1":"product","2":"type-product","3":"status-publish","4":"has-post-thumbnail","6":"product_cat-vetements","7":"product_cat-vestes_tactiques","8":"product_cat-vetements-haute-visibilite-et-lumineux","10":"first","11":"instock","12":"taxable","13":"shipping-taxable","14":"purchasable","15":"product-type-simple"},"_links":{"self":[{"href":"https:\/\/metal-badge.ch\/fr\/wp-json\/wp\/v2\/product\/113424","targetHints":{"allow":["GET"]}}],"collection":[{"href":"https:\/\/metal-badge.ch\/fr\/wp-json\/wp\/v2\/product"}],"about":[{"href":"https:\/\/metal-badge.ch\/fr\/wp-json\/wp\/v2\/types\/product"}],"replies":[{"embeddable":true,"href":"https:\/\/metal-badge.ch\/fr\/wp-json\/wp\/v2\/comments?post=113424"}],"wp:featuredmedia":[{"embeddable":true,"href":"https:\/\/metal-badge.ch\/fr\/wp-json\/wp\/v2\/media\/113380"}],"wp:attachment":[{"href":"https:\/\/metal-badge.ch\/fr\/wp-json\/wp\/v2\/media?parent=113424"}],"wp:term":[{"taxonomy":"product_brand","embeddable":true,"href":"https:\/\/metal-badge.ch\/fr\/wp-json\/wp\/v2\/product_brand?post=113424"},{"taxonomy":"product_cat","embeddable":true,"href":"https:\/\/metal-badge.ch\/fr\/wp-json\/wp\/v2\/product_cat?post=113424"},{"taxonomy":"product_tag","embeddable":true,"href":"https:\/\/metal-badge.ch\/fr\/wp-json\/wp\/v2\/product_tag?post=113424"}],"curies":[{"name":"wp","href":"https:\/\/api.w.org\/{rel}","templated":true}]}}