{"id":113109,"date":"2021-09-27T03:29:17","date_gmt":"2021-09-27T01:29:18","guid":{"rendered":"https:\/\/shop.metal-badge.ch\/?post_type=product&#038;p=113109"},"modified":"2022-10-08T19:48:16","modified_gmt":"2022-10-08T17:48:16","slug":"sweat-shirt-a-capuche-haute-visibilite-avec-bandes-reflechissantes-2","status":"publish","type":"product","link":"https:\/\/metal-badge.ch\/fr\/product\/113109\/sweat-shirt-a-capuche-haute-visibilite-avec-bandes-reflechissantes-2\/","title":{"rendered":"Sweat-shirt \u00e0 capuche haute visibilit\u00e9 avec bandes r\u00e9fl\u00e9chissantes"},"content":{"rendered":"<p><span style=\"font-weight: 400;\">Sweat-shirt \u00e0 capuche haute visibilit\u00e9 avec fermeture \u00e9clair YKK sur toute la longueur et capuche avec cordon de serrage. La micro polaire rend le sweat-shirt confortable \u00e0 porter. Ce sweat \u00e0 capuche est fabriqu\u00e9 en 100 % polyester et \u00e9quip\u00e9 de bandes r\u00e9fl\u00e9chissantes 3M tout autour. La coupe pr\u00e8s du corps assure un ajustement optimal et une grande libert\u00e9 de mouvement. Ceinture \u00e9lastique de 7 cm de large. L&rsquo;avant est \u00e9quip\u00e9 de deux grandes poches \u00e0 fermeture \u00e9clair \u00e0 droite et \u00e0 gauche. Une autre poche zipp\u00e9e se trouve \u00e0 hauteur de la poitrine et sur le haut du bras gauche Il y a \u00e9galement une poche zipp\u00e9e \u00e0 l&rsquo;int\u00e9rieur \u00e0 gauche. Le col peut \u00eatre ajust\u00e9 avec un \u00e9lastique et la capuche peut \u00eatre rentr\u00e9e avec un cordon. Le polyester durable est facile \u00e0 entretenir et peut \u00eatre lav\u00e9 en machine \u00e0 40 degr\u00e9s. Le sweat-shirt \u00e0 capuche est \u00e9quip\u00e9 de velcro sur le devant et le dos pour l&rsquo;\u00e9tiquetage. En outre, une fen\u00eatre d&rsquo;identification se trouve \u00e0 l&rsquo;avant, ainsi qu&rsquo;un rabat en velcro pour les noms de 10 x 2cm. Nous proposons \u00e9galement une large gamme d&rsquo;\u00e9tiquettes.&nbsp;<\/span><\/p>\n<p><span style=\"font-weight: 400;\">Contactez-nous.&nbsp;&nbsp;<\/span><\/p>\n<p><span style=\"font-weight: 400;\">Cette veste \u00e0 doublure int\u00e9rieure convient \u00e9galement quand les temp\u00e9ratures commencent \u00e0 baisser.<\/span><\/p>\n<p><span style=\"font-weight: 400;\">Prix r\u00e9duit pour les commandes de 20 unit\u00e9s ou plus. En outre, nous pouvons personnaliser la veste en y apportant diverses modifications selon les besoins. Contactez-nous.<\/span><\/p>\n<p><b>Informations sur le produit :&nbsp;<\/b><\/p>\n<ul>\n<li><span style=\"font-weight: 400;\">D\u00e9signation : Sweat-shirt \u00e0 capuche haute visibilit\u00e9 HI-5504-A&nbsp;<\/span><\/li>\n<li><span style=\"font-weight: 400;\">Mati\u00e8re&nbsp;: Micro-polaire 100 % polyester<\/span><\/li>\n<li><span style=\"font-weight: 400;\">Couleur : citron \/ noir&nbsp;<\/span><\/li>\n<li><span style=\"font-weight: 400;\">Bandes r\u00e9fl\u00e9chissantes : Bandes r\u00e9fl\u00e9chissantes 3M tout autour&nbsp;<\/span><\/li>\n<li><span style=\"font-weight: 400;\">Poids : \/ grammage : 280 GSM<\/span><\/li>\n<li><span style=\"font-weight: 400;\">2 grandes poches frontales \u00e0 fermeture \u00e9clair \u00e0 gauche et \u00e0 droite<\/span><\/li>\n<li><span style=\"font-weight: 400;\">1 poche \u00e0 fermeture \u00e9clair sur la poitrine&nbsp;<\/span><\/li>\n<li><span style=\"font-weight: 400;\">1 poche \u00e0 fermeture \u00e9clair sur le bras gauche&nbsp;<\/span><\/li>\n<li><span style=\"font-weight: 400;\">1 poche \u00e0 fermeture \u00e9clair dans la doublure int\u00e9rieure, \u00e0 gauche&nbsp;<\/span><\/li>\n<li><span style=\"font-weight: 400;\">Fermeture \u00e9clair YKK<\/span><\/li>\n<li><span style=\"font-weight: 400;\">Capuche avec cordon de serrage et \u00e9lastique<\/span><\/li>\n<li><span style=\"font-weight: 400;\">Respirant et facile d&rsquo;entretien<\/span><\/li>\n<li><span style=\"font-weight: 400;\">Poignets \u00e9lastiqu\u00e9s<\/span><\/li>\n<li><span style=\"font-weight: 400;\">Haute visibilit\u00e9<\/span><\/li>\n<li><span style=\"font-weight: 400;\">Coupe moderne avec une grande libert\u00e9 de mouvement&nbsp;<\/span><\/li>\n<li><span style=\"font-weight: 400;\">Fixation pour velcro dans le dos : 30cm x 10cm<\/span><\/li>\n<li><span style=\"font-weight: 400;\">Fixation pour velcro \u00e0 l&rsquo;avant 12 cm x 10 cm<\/span><\/li>\n<li><span style=\"font-weight: 400;\">Fen\u00eatre ID&nbsp;&nbsp;<\/span><\/li>\n<li><span style=\"font-weight: 400;\">Fixation pour velcro 10 x 2 cm<\/span><span style=\"font-weight: 400;\"><br \/>\n<\/span><span style=\"font-weight: 400;\">La veste appartient au groupe de haute visibilit\u00e9 A et est certifi\u00e9e selon la norme EN ISO 20471 &#8211; classe 3.<\/span><\/li>\n<\/ul>\n","protected":false},"excerpt":{"rendered":"<p><span style=\"font-weight: 400;\">Sweat-shirt \u00e0 capuche haute visibilit\u00e9 avec fermeture \u00e9clair YKK sur toute la longueur et capuche avec cordon de serrage. La micro polaire rend le sweat-shirt confortable \u00e0 porter. Ce sweat \u00e0 capuche est fabriqu\u00e9 en 100 % polyester et \u00e9quip\u00e9 de bandes r\u00e9fl\u00e9chissantes 3M tout autour. La coupe pr\u00e8s du corps assure un ajustement optimal et une grande libert\u00e9 de mouvement. Ceinture \u00e9lastique de 7 cm de large. L&rsquo;avant est \u00e9quip\u00e9 de deux grandes poches \u00e0 fermeture \u00e9clair \u00e0 droite et \u00e0 gauche. <\/span><\/p>\n","protected":false},"featured_media":113068,"comment_status":"closed","ping_status":"closed","template":"","meta":{"inline_featured_image":false},"product_brand":[],"product_cat":[1602,1582,1606],"product_tag":[],"class_list":{"0":"post-113109","1":"product","2":"type-product","3":"status-publish","4":"has-post-thumbnail","6":"product_cat-vestes-en-softshell-pantalons-et-vetements-haute-visibilite","7":"product_cat-sweats-a-capuche","8":"product_cat-vetements-haute-visibilite-et-lumineux","10":"first","11":"instock","12":"taxable","13":"shipping-taxable","14":"purchasable","15":"product-type-simple"},"_links":{"self":[{"href":"https:\/\/metal-badge.ch\/fr\/wp-json\/wp\/v2\/product\/113109","targetHints":{"allow":["GET"]}}],"collection":[{"href":"https:\/\/metal-badge.ch\/fr\/wp-json\/wp\/v2\/product"}],"about":[{"href":"https:\/\/metal-badge.ch\/fr\/wp-json\/wp\/v2\/types\/product"}],"replies":[{"embeddable":true,"href":"https:\/\/metal-badge.ch\/fr\/wp-json\/wp\/v2\/comments?post=113109"}],"wp:featuredmedia":[{"embeddable":true,"href":"https:\/\/metal-badge.ch\/fr\/wp-json\/wp\/v2\/media\/113068"}],"wp:attachment":[{"href":"https:\/\/metal-badge.ch\/fr\/wp-json\/wp\/v2\/media?parent=113109"}],"wp:term":[{"taxonomy":"product_brand","embeddable":true,"href":"https:\/\/metal-badge.ch\/fr\/wp-json\/wp\/v2\/product_brand?post=113109"},{"taxonomy":"product_cat","embeddable":true,"href":"https:\/\/metal-badge.ch\/fr\/wp-json\/wp\/v2\/product_cat?post=113109"},{"taxonomy":"product_tag","embeddable":true,"href":"https:\/\/metal-badge.ch\/fr\/wp-json\/wp\/v2\/product_tag?post=113109"}],"curies":[{"name":"wp","href":"https:\/\/api.w.org\/{rel}","templated":true}]}}