{"id":112968,"date":"2021-09-25T23:16:08","date_gmt":"2021-09-25T21:16:08","guid":{"rendered":"https:\/\/shop.metal-badge.ch\/product\/112968\/set-de-nettoyage-pour-armes-courtes-et-longues\/"},"modified":"2021-09-25T23:16:08","modified_gmt":"2021-09-25T21:16:08","slug":"set-de-nettoyage-pour-armes-courtes-et-longues","status":"publish","type":"product","link":"https:\/\/metal-badge.ch\/fr\/product\/112968\/set-de-nettoyage-pour-armes-courtes-et-longues\/","title":{"rendered":"Set de nettoyage pour armes courtes et longues"},"content":{"rendered":"<p><span style=\"font-weight: 400;\">Compos\u00e9 d&rsquo;un c\u00e2ble en acier de 99 cm de long recouvert de plastique pour les armes longues, d&rsquo;une tige en laiton en deux parties de 21,5 cm de long pour les armes courtes et d&rsquo;une poign\u00e9e pour le c\u00e2ble et la tige. Pour chaque calibre, vous trouverez une brosse en cuivre pour les grosses salet\u00e9s, une brosse en laine pour les salet\u00e9s l\u00e9g\u00e8res et deux porte-\u00e9toupes de tailles diff\u00e9rentes. Livr\u00e9 dans un \u00e9tui robuste avec fermeture \u00e9clair.&nbsp; Convient aux calibres .30 \/ 7,62 mm, .270 \/ 6,8 mm, .22 \/ 5,6 mm, .44-.45 \/ 11,43 mm, .40 \/ 10 mm, .357-.38 \/ 9,6 mm.<\/span><\/p>\n<p><b>Informations sur le produit :&nbsp;<\/b><\/p>\n<ul>\n<li><span style=\"font-weight: 400;\">D\u00e9signation : Set de nettoyage d&rsquo;arme<\/span><\/li>\n<li><span style=\"font-weight: 400;\">Livr\u00e9 avec sac&nbsp;<\/span><\/li>\n<li><span style=\"font-weight: 400;\">Poids : 335 g avec sac<\/span><\/li>\n<\/ul>\n","protected":false},"excerpt":{"rendered":"<p><span style=\"font-weight: 400;\">Compos\u00e9 d&rsquo;un c\u00e2ble en acier de 99 cm de long recouvert de plastique pour les armes longues, d&rsquo;une tige en laiton en deux parties de 21,5 cm de long pour les armes courtes et d&rsquo;une poign\u00e9e pour le c\u00e2ble et la tige. Pour chaque calibre, vous trouverez une brosse en cuivre pour les grosses salet\u00e9s, une brosse en laine pour les salet\u00e9s l\u00e9g\u00e8res et deux porte-\u00e9toupes de tailles diff\u00e9rentes. Livr\u00e9 dans un \u00e9tui robuste avec fermeture \u00e9clair.&nbsp; Convient aux calibres .30 \/ 7,62 mm, .270 \/ 6,8 mm, .22 \/ 5,6 mm, .44-.45 \/ 11,43 mm, .40 \/ 10 mm, .357-.38 \/ 9,6 mm.<\/span><\/p>\n","protected":false},"featured_media":112944,"comment_status":"closed","ping_status":"closed","template":"","meta":{"inline_featured_image":false},"product_brand":[],"product_cat":[887,1347,1439],"product_tag":[1781],"class_list":{"0":"post-112968","1":"product","2":"type-product","3":"status-publish","4":"has-post-thumbnail","6":"product_cat-accessoires","7":"product_cat-accessoires-militaires-de-chasse","8":"product_cat-lunettes-et-supports","9":"product_tag-police-securite","11":"first","12":"instock","13":"taxable","14":"shipping-taxable","15":"purchasable","16":"product-type-simple"},"_links":{"self":[{"href":"https:\/\/metal-badge.ch\/fr\/wp-json\/wp\/v2\/product\/112968","targetHints":{"allow":["GET"]}}],"collection":[{"href":"https:\/\/metal-badge.ch\/fr\/wp-json\/wp\/v2\/product"}],"about":[{"href":"https:\/\/metal-badge.ch\/fr\/wp-json\/wp\/v2\/types\/product"}],"replies":[{"embeddable":true,"href":"https:\/\/metal-badge.ch\/fr\/wp-json\/wp\/v2\/comments?post=112968"}],"wp:featuredmedia":[{"embeddable":true,"href":"https:\/\/metal-badge.ch\/fr\/wp-json\/wp\/v2\/media\/112944"}],"wp:attachment":[{"href":"https:\/\/metal-badge.ch\/fr\/wp-json\/wp\/v2\/media?parent=112968"}],"wp:term":[{"taxonomy":"product_brand","embeddable":true,"href":"https:\/\/metal-badge.ch\/fr\/wp-json\/wp\/v2\/product_brand?post=112968"},{"taxonomy":"product_cat","embeddable":true,"href":"https:\/\/metal-badge.ch\/fr\/wp-json\/wp\/v2\/product_cat?post=112968"},{"taxonomy":"product_tag","embeddable":true,"href":"https:\/\/metal-badge.ch\/fr\/wp-json\/wp\/v2\/product_tag?post=112968"}],"curies":[{"name":"wp","href":"https:\/\/api.w.org\/{rel}","templated":true}]}}