{"id":112918,"date":"2021-09-25T20:43:52","date_gmt":"2021-09-25T18:43:53","guid":{"rendered":"https:\/\/shop.metal-badge.ch\/?post_type=product&#038;p=112918"},"modified":"2021-09-25T21:05:16","modified_gmt":"2021-09-25T19:05:16","slug":"carquois-rigide-pour-dimages-cannes-a-peche-fleches-vert","status":"publish","type":"product","link":"https:\/\/metal-badge.ch\/fr\/product\/112918\/carquois-rigide-pour-dimages-cannes-a-peche-fleches-vert\/","title":{"rendered":"Carquois rigide pour d&rsquo;images, cannes \u00e0 p\u00eache, fl\u00e8ches &#8211; vert"},"content":{"rendered":"<p><span style=\"font-weight: 400;\">Carquois pratique et rigide pour le rangement et le transport en toute s\u00e9curit\u00e9 d&rsquo;images, de fl\u00e8ches, de cannes \u00e0 p\u00eache, etc. Longueur t\u00e9lescopique r\u00e9glable de 58 cm \u00e0 107 cm. Le carquois est en plastique et poss\u00e8de un bouchon \u00e0 vis. Absolument \u00e9tanche et offrant de l&rsquo;espace pour environ 15 fl\u00e8ches. Gr\u00e2ce \u00e0 une bandouli\u00e8re r\u00e9glable, notre carquois peut \u00eatre accroch\u00e9. Le carquois rigide r\u00e9pondra \u00e0 tous vos besoins.&nbsp;<\/span><\/p>\n<p><b>Caract\u00e9ristiques du produit :<\/b><span style=\"font-weight: 400;\"><br \/>\n<\/span><\/p>\n<ul>\n<li><span style=\"font-weight: 400;\">Carquois t\u00e9lescopique pour fl\u00e8ches, images, cannes \u00e0 p\u00eache <\/span><span style=\"font-weight: 400;\"><br \/>\n<\/span><\/li>\n<li><span style=\"font-weight: 400;\">Sangle de transport r\u00e9glable &nbsp; &nbsp; &nbsp; &nbsp; &nbsp; &nbsp; &nbsp; &nbsp; &nbsp; &nbsp; &nbsp; &nbsp; &nbsp; &nbsp; &nbsp; &nbsp; &nbsp; &nbsp; &nbsp; &nbsp; &nbsp; &nbsp; &nbsp; &nbsp; &nbsp; &nbsp; &nbsp; &nbsp; &nbsp; &nbsp; &nbsp; &nbsp; &nbsp; &nbsp; &nbsp; &nbsp; &nbsp; &nbsp; &nbsp; <\/span><span style=\"font-weight: 400;\"><br \/>\n<\/span><\/li>\n<li><span style=\"font-weight: 400;\">Poids : 380 gr.<\/span><span style=\"font-weight: 400;\"><br \/>\n<\/span><\/li>\n<li><span style=\"font-weight: 400;\">Fermeture : Couvercle avec bouchon \u00e0 vis<\/span><span style=\"font-weight: 400;\"><br \/>\n<\/span><\/li>\n<li><span style=\"font-weight: 400;\">Couleur : vert <\/span><span style=\"font-weight: 400;\"><br \/>\n<\/span><\/li>\n<li><span style=\"font-weight: 400;\">Mat\u00e9riau : PE, plastique<\/span><span style=\"font-weight: 400;\"><br \/>\n<\/span><\/li>\n<li><span style=\"font-weight: 400;\">Imperm\u00e9able \u00e0 l&rsquo;eau<\/span><span style=\"font-weight: 400;\"><br \/>\n<\/span><\/li>\n<li><span style=\"font-weight: 400;\">Diam\u00e8tre : 8 cm<\/span><span style=\"font-weight: 400;\"><br \/>\n<\/span><\/li>\n<li><span style=\"font-weight: 400;\">Longueur minimale : 58 cm<\/span><span style=\"font-weight: 400;\"><br \/>\n<\/span><\/li>\n<li><span style=\"font-weight: 400;\">Longueur maximale : 107 cm<\/span><\/li>\n<\/ul>\n","protected":false},"excerpt":{"rendered":"<p><span style=\"font-weight: 400;\">Carquois pratique et rigide pour le rangement et le transport en toute s\u00e9curit\u00e9 d&rsquo;images, de fl\u00e8ches, de cannes \u00e0 p\u00eache, etc. Longueur t\u00e9lescopique r\u00e9glable de 58 cm \u00e0 107 cm. Le carquois est en plastique et poss\u00e8de un bouchon \u00e0 vis. Absolument \u00e9tanche et offrant de l&rsquo;espace pour environ 15 fl\u00e8ches. Gr\u00e2ce \u00e0 une bandouli\u00e8re r\u00e9glable, notre carquois peut \u00eatre accroch\u00e9. Le carquois rigide r\u00e9pondra \u00e0 tous vos besoins.&nbsp;<\/span><\/p>\n<p>&nbsp;<\/p>\n","protected":false},"featured_media":112922,"comment_status":"closed","ping_status":"closed","template":"","meta":{"inline_featured_image":false},"product_brand":[],"product_cat":[1347,1475],"product_tag":[1765],"class_list":{"0":"post-112918","1":"product","2":"type-product","3":"status-publish","4":"has-post-thumbnail","6":"product_cat-accessoires-militaires-de-chasse","7":"product_cat-tir-a-larc-arbalete-sarbacane","8":"product_tag-sport-outdoor-fr","10":"first","11":"instock","12":"taxable","13":"shipping-taxable","14":"purchasable","15":"product-type-simple"},"_links":{"self":[{"href":"https:\/\/metal-badge.ch\/fr\/wp-json\/wp\/v2\/product\/112918","targetHints":{"allow":["GET"]}}],"collection":[{"href":"https:\/\/metal-badge.ch\/fr\/wp-json\/wp\/v2\/product"}],"about":[{"href":"https:\/\/metal-badge.ch\/fr\/wp-json\/wp\/v2\/types\/product"}],"replies":[{"embeddable":true,"href":"https:\/\/metal-badge.ch\/fr\/wp-json\/wp\/v2\/comments?post=112918"}],"wp:featuredmedia":[{"embeddable":true,"href":"https:\/\/metal-badge.ch\/fr\/wp-json\/wp\/v2\/media\/112922"}],"wp:attachment":[{"href":"https:\/\/metal-badge.ch\/fr\/wp-json\/wp\/v2\/media?parent=112918"}],"wp:term":[{"taxonomy":"product_brand","embeddable":true,"href":"https:\/\/metal-badge.ch\/fr\/wp-json\/wp\/v2\/product_brand?post=112918"},{"taxonomy":"product_cat","embeddable":true,"href":"https:\/\/metal-badge.ch\/fr\/wp-json\/wp\/v2\/product_cat?post=112918"},{"taxonomy":"product_tag","embeddable":true,"href":"https:\/\/metal-badge.ch\/fr\/wp-json\/wp\/v2\/product_tag?post=112918"}],"curies":[{"name":"wp","href":"https:\/\/api.w.org\/{rel}","templated":true}]}}