{"id":112877,"date":"2021-09-25T19:21:45","date_gmt":"2021-09-25T17:21:45","guid":{"rendered":"https:\/\/shop.metal-badge.ch\/product\/112877\/etui-en-cuir-a-porter-autour-du-cou-avec-inscription-police-sur-un-cote\/"},"modified":"2024-01-04T04:19:53","modified_gmt":"2024-01-04T03:19:53","slug":"etui-en-cuir-a-porter-autour-du-cou-avec-inscription-police-sur-un-cote","status":"publish","type":"product","link":"https:\/\/metal-badge.ch\/fr\/product\/112877\/etui-en-cuir-a-porter-autour-du-cou-avec-inscription-police-sur-un-cote\/","title":{"rendered":"\u00c9tui en cuir \u00e0 porter autour du cou, avec inscription POLICE sur un c\u00f4t\u00e9"},"content":{"rendered":"<p><span style=\"font-weight: 400;\">POLICE avec cha\u00eenette, inscription d&rsquo;un c\u00f4t\u00e9 (POLICE), en lettres blanches. Avec porte-badge pour deux cartes d&rsquo;identit\u00e9 au format carte. Un c\u00f4t\u00e9 neutre non marqu\u00e9. Cha\u00eenette en acier inoxydable.&nbsp;<\/span><\/p>\n<p><strong>Attention : Nous appliquons une remise de 20 % pour les achats et pour les commandes de 100 pi\u00e8ces et plus.<\/strong><\/p>\n","protected":false},"excerpt":{"rendered":"<p><span style=\"font-weight: 400;\">POLICE avec cha\u00eenette, inscription d&rsquo;un c\u00f4t\u00e9 (POLICE), en lettres blanches. Avec porte-badge pour deux cartes d&rsquo;identit\u00e9 au format carte. Un c\u00f4t\u00e9 neutre non marqu\u00e9. Cha\u00eenette en acier inoxydable.&nbsp;<\/span><\/p>\n","protected":false},"featured_media":112874,"comment_status":"closed","ping_status":"closed","template":"","meta":{"inline_featured_image":false},"product_brand":[],"product_cat":[947,887,907],"product_tag":[],"class_list":{"0":"post-112877","1":"product","2":"type-product","3":"status-publish","4":"has-post-thumbnail","6":"product_cat-portemonnaies-etuis-en-cuir","7":"product_cat-accessoires","8":"product_cat-etuis-en-cuir-sans-badge","10":"first","11":"instock","12":"taxable","13":"shipping-taxable","14":"purchasable","15":"product-type-simple"},"_links":{"self":[{"href":"https:\/\/metal-badge.ch\/fr\/wp-json\/wp\/v2\/product\/112877","targetHints":{"allow":["GET"]}}],"collection":[{"href":"https:\/\/metal-badge.ch\/fr\/wp-json\/wp\/v2\/product"}],"about":[{"href":"https:\/\/metal-badge.ch\/fr\/wp-json\/wp\/v2\/types\/product"}],"replies":[{"embeddable":true,"href":"https:\/\/metal-badge.ch\/fr\/wp-json\/wp\/v2\/comments?post=112877"}],"wp:featuredmedia":[{"embeddable":true,"href":"https:\/\/metal-badge.ch\/fr\/wp-json\/wp\/v2\/media\/112874"}],"wp:attachment":[{"href":"https:\/\/metal-badge.ch\/fr\/wp-json\/wp\/v2\/media?parent=112877"}],"wp:term":[{"taxonomy":"product_brand","embeddable":true,"href":"https:\/\/metal-badge.ch\/fr\/wp-json\/wp\/v2\/product_brand?post=112877"},{"taxonomy":"product_cat","embeddable":true,"href":"https:\/\/metal-badge.ch\/fr\/wp-json\/wp\/v2\/product_cat?post=112877"},{"taxonomy":"product_tag","embeddable":true,"href":"https:\/\/metal-badge.ch\/fr\/wp-json\/wp\/v2\/product_tag?post=112877"}],"curies":[{"name":"wp","href":"https:\/\/api.w.org\/{rel}","templated":true}]}}