{"id":112869,"date":"2021-09-25T18:49:27","date_gmt":"2021-09-25T16:49:27","guid":{"rendered":"https:\/\/shop.metal-badge.ch\/product\/112869\/sweat-shirt-a-capuche-softshell-citron-avec-bandes-reflechissantes-3m\/"},"modified":"2023-10-10T23:52:10","modified_gmt":"2023-10-10T21:52:10","slug":"sweat-shirt-a-capuche-softshell-citron-avec-bandes-reflechissantes-3m","status":"publish","type":"product","link":"https:\/\/metal-badge.ch\/fr\/product\/112869\/sweat-shirt-a-capuche-softshell-citron-avec-bandes-reflechissantes-3m\/","title":{"rendered":"Sweat-shirt \u00e0 capuche softshell citron avec bandes r\u00e9fl\u00e9chissantes 3M"},"content":{"rendered":"<p><span style=\"font-weight: 400;\">Ce sweat-shirt en softshell est \u00e9quip\u00e9e de bandes r\u00e9fl\u00e9chissantes de s\u00e9curit\u00e9 3M sur les manches, les \u00e9paules et le bas, conform\u00e9ment \u00e0 la norme EN 20471. Elle comporte une fen\u00eatre d&rsquo;identification transparente \u00e0 l&rsquo;avant \u00e0 gauche et un rabat en velcro pour un badge. Rabat en velcro au dos et sur l&rsquo;avant de la poitrine pour les badges nominatifs. Cette veste, dont la doublure int\u00e9rieure est en 100 % polyester convient \u00e9galement quand les temp\u00e9ratures commencent \u00e0 baisser. Une grande poche int\u00e9rieure avec fermeture \u00e0 glissi\u00e8re, ainsi que deux grandes poches ext\u00e9rieures avec fermeture \u00e9clair \u00e0 droite \/ \u00e0 gauche, offrent de nombreux espaces de rangement. Les poignets des manches peuvent \u00eatre r\u00e9gl\u00e9s avec le velcro. Le col et la taille peuvent \u00eatre r\u00e9gl\u00e9s par un cordon \u00e9lastique. La capuche du sweat-shirt peut \u00eatre ferm\u00e9e \u00e0 l&rsquo;aide d&rsquo;un cordon.&nbsp;<\/span><\/p>\n<p><span style=\"font-weight: 400;\">Nous proposons \u00e9galement une large gamme d\u2019inscriptions \u00e0 fixer avec velcro. Nous pouvons \u00e9galement r\u00e9aliser l&rsquo;inscription de votre choix sur demande.&nbsp;<\/span><\/p>\n<p><span style=\"font-weight: 400;\">Prix r\u00e9duit pour les commandes de 20 unit\u00e9s ou plus. En outre, nous pouvons personnaliser la veste en y apportant diverses modifications selon les besoins. Contactez-nous.<\/span><\/p>\n<p><b>Informations sur le produit :&nbsp;<\/b><\/p>\n<ul>\n<li><span style=\"font-weight: 400;\">D\u00e9signation : Sweat-shirt \u00e0 capuche softshell Hl-5501<\/span><\/li>\n<li><span style=\"font-weight: 400;\">Cette veste est munie de velcro au dos et \u00e0 l&rsquo;avant pour y fixer une inscription.<\/span><span style=\"font-weight: 400;\"><br \/>\n<\/span><\/li>\n<li><span style=\"font-weight: 400;\">Dimensions de l&rsquo;inscription velcro \u00e0 l&rsquo;avant: 12 cm x 4 cm<\/span><span style=\"font-weight: 400;\"><br \/>\n<\/span><\/li>\n<li><span style=\"font-weight: 400;\">Dimensions de l&rsquo;inscription velcro dans le dos : 30 cm x 10 cm<\/span><\/li>\n<li><span style=\"font-weight: 400;\">100 % polyester \u00e0 super isolation contre le froid, micro polaire 4 couches respirante<\/span><\/li>\n<li><span style=\"font-weight: 400;\">Avec fen\u00eatre transparente pour carte d&rsquo;identit\u00e9&nbsp;<\/span><\/li>\n<li><span style=\"font-weight: 400;\">R\u00e9sistant au vent et \u00e0 l&rsquo;eau<\/span><\/li>\n<li><span style=\"font-weight: 400;\">Col haut de 8 cm<\/span><\/li>\n<li><span style=\"font-weight: 400;\">Respirant<\/span><\/li>\n<li><span style=\"font-weight: 400;\">Poignets r\u00e9glables avec fermeture velcro<\/span><\/li>\n<li><span style=\"font-weight: 400;\">Le col et la taille peuvent \u00eatre ajust\u00e9s \u00e0 l&rsquo;aide d&rsquo;un cordon \u00e9lastique.<\/span><\/li>\n<li><span style=\"font-weight: 400;\">Grand confort d&rsquo;utilisation<\/span><\/li>\n<li><span style=\"font-weight: 400;\">3 poches avec beaucoup d&rsquo;espace de rangement et fermeture \u00e9clair<\/span><\/li>\n<li><span style=\"font-weight: 400;\">Doublure : 100 % polyester<\/span><\/li>\n<li><span style=\"font-weight: 400;\">Certifi\u00e9 selon la norme EN 20471, (protection haute visibilit\u00e9)<\/span><\/li>\n<li><span style=\"font-weight: 400;\">Poids du mat\u00e9riau : 280 GSM<\/span><\/li>\n<li><span style=\"font-weight: 400;\">\u00c9l\u00e9ments r\u00e9fl\u00e9chissants&nbsp;: 3M&nbsp;<\/span><\/li>\n<li><span style=\"font-weight: 400;\">Fermeture \u00e9clair : YKK&nbsp;<\/span><\/li>\n<li><span style=\"font-weight: 400;\">Int\u00e9rieur en micropolaire avec rev\u00eatement TPU respirant<\/span><\/li>\n<li><span style=\"font-weight: 400;\">Couleur : citron, argent r\u00e9fl\u00e9chissant 3M<\/span><\/li>\n<\/ul>\n","protected":false},"excerpt":{"rendered":"<p><span style=\"font-weight: 400;\">Ce sweat-shirt en softshell est \u00e9quip\u00e9e de bandes r\u00e9fl\u00e9chissantes de s\u00e9curit\u00e9 3M sur les manches, les \u00e9paules et le bas, conform\u00e9ment \u00e0 la norme EN 20471. Elle comporte une fen\u00eatre d&rsquo;identification transparente \u00e0 l&rsquo;avant \u00e0 gauche et un rabat en velcro pour un badge. Rabat en velcro au dos et sur l&rsquo;avant de la poitrine pour les badges nominatifs. Cette veste, dont la doublure int\u00e9rieure est en 100 % polyester convient \u00e9galement quand les temp\u00e9ratures commencent \u00e0 baisser. Une grande poche int\u00e9rieure avec fermeture \u00e0 glissi\u00e8re, ainsi que deux grandes poches ext\u00e9rieures avec fermeture \u00e9clair \u00e0 droite \/ \u00e0 gauche, offrent de nombreux espaces de rangement. Les poignets des manches peuvent \u00eatre r\u00e9gl\u00e9s avec le velcro. Le col et la taille peuvent \u00eatre r\u00e9gl\u00e9s par un cordon \u00e9lastique. La capuche du sweat-shirt peut \u00eatre ferm\u00e9e \u00e0 l&rsquo;aide d&rsquo;un cordon.&nbsp;<\/span><\/p>\n","protected":false},"featured_media":112829,"comment_status":"closed","ping_status":"closed","template":"","meta":{"inline_featured_image":false},"product_brand":[],"product_cat":[1606,1582,1602],"product_tag":[],"class_list":{"0":"post-112869","1":"product","2":"type-product","3":"status-publish","4":"has-post-thumbnail","6":"product_cat-vetements-haute-visibilite-et-lumineux","7":"product_cat-sweats-a-capuche","8":"product_cat-vestes-en-softshell-pantalons-et-vetements-haute-visibilite","10":"first","11":"instock","12":"taxable","13":"shipping-taxable","14":"purchasable","15":"product-type-simple"},"_links":{"self":[{"href":"https:\/\/metal-badge.ch\/fr\/wp-json\/wp\/v2\/product\/112869","targetHints":{"allow":["GET"]}}],"collection":[{"href":"https:\/\/metal-badge.ch\/fr\/wp-json\/wp\/v2\/product"}],"about":[{"href":"https:\/\/metal-badge.ch\/fr\/wp-json\/wp\/v2\/types\/product"}],"replies":[{"embeddable":true,"href":"https:\/\/metal-badge.ch\/fr\/wp-json\/wp\/v2\/comments?post=112869"}],"wp:featuredmedia":[{"embeddable":true,"href":"https:\/\/metal-badge.ch\/fr\/wp-json\/wp\/v2\/media\/112829"}],"wp:attachment":[{"href":"https:\/\/metal-badge.ch\/fr\/wp-json\/wp\/v2\/media?parent=112869"}],"wp:term":[{"taxonomy":"product_brand","embeddable":true,"href":"https:\/\/metal-badge.ch\/fr\/wp-json\/wp\/v2\/product_brand?post=112869"},{"taxonomy":"product_cat","embeddable":true,"href":"https:\/\/metal-badge.ch\/fr\/wp-json\/wp\/v2\/product_cat?post=112869"},{"taxonomy":"product_tag","embeddable":true,"href":"https:\/\/metal-badge.ch\/fr\/wp-json\/wp\/v2\/product_tag?post=112869"}],"curies":[{"name":"wp","href":"https:\/\/api.w.org\/{rel}","templated":true}]}}