{"id":112690,"date":"2021-09-24T04:07:20","date_gmt":"2021-09-24T02:07:20","guid":{"rendered":"https:\/\/shop.metal-badge.ch\/product\/112690\/porte-munitions-molle-en-differentes-couleurs\/"},"modified":"2021-09-24T05:16:14","modified_gmt":"2021-09-24T03:16:14","slug":"porte-munitions-molle-en-noir-couleur","status":"publish","type":"product","link":"https:\/\/metal-badge.ch\/fr\/product\/112690\/porte-munitions-molle-en-noir-couleur\/","title":{"rendered":"Porte-munitions &#8211; Molle en noir couleur"},"content":{"rendered":"<p><span style=\"font-weight: 400;\">Le porte-munitions Molle combine une pochette modulaire pour fusils et une pochette modulaire pour pistolets en une seule unit\u00e9 s\u00e9curis\u00e9e. Ce porte-munitions Molle unique peut \u00e9galement contenir d&rsquo;autres accessoires tels qu&rsquo;un t\u00e9l\u00e9phone portable, une lampe de poche, un outil multifonctions, une radio, etc. en plus du magazine. Les magazines ou autres articles peuvent \u00eatre ferm\u00e9s et ajust\u00e9s gr\u00e2ce \u00e0 l&rsquo;\u00e9lastique. Les pochettes Molle sont \u00e9quip\u00e9es d&rsquo;un syst\u00e8me de fermeture \u00e0 pression au dos, et peuvent donc \u00eatre facilement fix\u00e9es \u00e0 la ceinture ou \u00e0 un sac \u00e0 dos.&nbsp;<\/span><\/p>\n<p><b>Informations sur le produit :<\/b><\/p>\n<ul>\n<li><span style=\"font-weight: 400;\">Poids : 95 g.&nbsp;<\/span><\/li>\n<li><span style=\"font-weight: 400;\">Couleurs : noir<\/span><\/li>\n<li><span style=\"font-weight: 400;\">Dimensions : hauteur 1,5 cm x largeur 7,5 cm x profondeur extensible avec \u00e9lastique 2,0 \u00e0 7,0 cm <\/span><\/li>\n<\/ul>\n","protected":false},"excerpt":{"rendered":"<p><span style=\"font-weight: 400;\">Le porte-munitions Molle combine une pochette modulaire pour fusils et une pochette modulaire pour pistolets en une seule unit\u00e9 s\u00e9curis\u00e9e. Ce porte-munitions Molle unique peut \u00e9galement contenir d&rsquo;autres accessoires tels qu&rsquo;un t\u00e9l\u00e9phone portable, une lampe de poche, un outil multifonctions, une radio, etc. en plus du magazine. Les magazines ou autres articles peuvent \u00eatre ferm\u00e9s et ajust\u00e9s gr\u00e2ce \u00e0 l&rsquo;\u00e9lastique. Les pochettes Molle sont \u00e9quip\u00e9es d&rsquo;un syst\u00e8me de fermeture \u00e0 pression au dos, et peuvent donc \u00eatre facilement fix\u00e9es \u00e0 la ceinture ou \u00e0 un sac \u00e0 dos.&nbsp;<\/span><\/p>\n","protected":false},"featured_media":112666,"comment_status":"closed","ping_status":"closed","template":"","meta":{"inline_featured_image":false},"product_brand":[],"product_cat":[887,1347,1946,2291],"product_tag":[1781],"class_list":{"0":"post-112690","1":"product","2":"type-product","3":"status-publish","4":"has-post-thumbnail","6":"product_cat-accessoires","7":"product_cat-accessoires-militaires-de-chasse","8":"product_cat-organisations-lumiere-bleue-securite","9":"product_cat-sacs-modulaires","10":"product_tag-police-securite","12":"first","13":"instock","14":"taxable","15":"shipping-taxable","16":"purchasable","17":"product-type-simple"},"_links":{"self":[{"href":"https:\/\/metal-badge.ch\/fr\/wp-json\/wp\/v2\/product\/112690","targetHints":{"allow":["GET"]}}],"collection":[{"href":"https:\/\/metal-badge.ch\/fr\/wp-json\/wp\/v2\/product"}],"about":[{"href":"https:\/\/metal-badge.ch\/fr\/wp-json\/wp\/v2\/types\/product"}],"replies":[{"embeddable":true,"href":"https:\/\/metal-badge.ch\/fr\/wp-json\/wp\/v2\/comments?post=112690"}],"wp:featuredmedia":[{"embeddable":true,"href":"https:\/\/metal-badge.ch\/fr\/wp-json\/wp\/v2\/media\/112666"}],"wp:attachment":[{"href":"https:\/\/metal-badge.ch\/fr\/wp-json\/wp\/v2\/media?parent=112690"}],"wp:term":[{"taxonomy":"product_brand","embeddable":true,"href":"https:\/\/metal-badge.ch\/fr\/wp-json\/wp\/v2\/product_brand?post=112690"},{"taxonomy":"product_cat","embeddable":true,"href":"https:\/\/metal-badge.ch\/fr\/wp-json\/wp\/v2\/product_cat?post=112690"},{"taxonomy":"product_tag","embeddable":true,"href":"https:\/\/metal-badge.ch\/fr\/wp-json\/wp\/v2\/product_tag?post=112690"}],"curies":[{"name":"wp","href":"https:\/\/api.w.org\/{rel}","templated":true}]}}