{"id":112662,"date":"2021-09-24T03:21:44","date_gmt":"2021-09-24T01:21:44","guid":{"rendered":"https:\/\/shop.metal-badge.ch\/product\/112662\/gants-de-securite-routiere-blancs-avec-impression\/"},"modified":"2021-09-24T03:21:44","modified_gmt":"2021-09-24T01:21:44","slug":"gants-de-securite-routiere-blancs-avec-impression","status":"publish","type":"product","link":"https:\/\/metal-badge.ch\/fr\/product\/112662\/gants-de-securite-routiere-blancs-avec-impression\/","title":{"rendered":"Gants de s\u00e9curit\u00e9 routi\u00e8re blancs avec impression"},"content":{"rendered":"<p><span style=\"font-weight: 400;\">Gants de s\u00e9curit\u00e9 routi\u00e8re en polyester \/ \u00e9lasthanne de couleur blanche avec impression \u00ab Stop \u00bb sur la paume et avec des bandes lumineuses sur le dos de la main en jaune. Les gants se caract\u00e9risent par&nbsp; leur m\u00e9lange de polyester \/ \u00e9lasthanne flexible et l\u00e9ger, avec un excellent ajustement.<\/span><\/p>\n<p><span style=\"font-weight: 400;\">Ces gants hydrofuges et respirants sont id\u00e9aux pour les services de la circulation, la police, les pompiers, les militaires, etc. <\/span><\/p>\n<p><b>Informations sur le produit :&nbsp;<\/b><\/p>\n<ul>\n<li><span style=\"font-weight: 400;\">D\u00e9signation :&nbsp; Gants pour la s\u00e9curit\u00e9 routi\u00e8re et la signalisation&nbsp;&nbsp;<\/span><\/li>\n<li><span style=\"font-weight: 400;\">Domaines d&rsquo;application : Service de la circulation, police, pompiers, arm\u00e9e<\/span><\/li>\n<li><span style=\"font-weight: 400;\">Mati\u00e8re&nbsp;: Polyester, \u00e9lasthanne&nbsp;<\/span><\/li>\n<li><span style=\"font-weight: 400;\">Tr\u00e8s bon ajustement&nbsp;<\/span><\/li>\n<li><span style=\"font-weight: 400;\">L\u00e9ger et sensible<\/span><\/li>\n<li><span style=\"font-weight: 400;\">Respirant et hydrofuge&nbsp;<\/span><\/li>\n<li><span style=\"font-weight: 400;\">Poids : 46 g \/ paire<\/span><\/li>\n<li><span style=\"font-weight: 400;\">Couleur : blanc&nbsp;<\/span><\/li>\n<li><span style=\"font-weight: 400;\">Impression : Stop dans la paume de la main en rouge&nbsp;<\/span><\/li>\n<li><span style=\"font-weight: 400;\">Dos de la main en jaune fluo comme sur la photo<\/span><\/li>\n<\/ul>\n","protected":false},"excerpt":{"rendered":"<p><span style=\"font-weight: 400;\">Gants de s\u00e9curit\u00e9 routi\u00e8re en polyester \/ \u00e9lasthanne de couleur blanche avec impression \u00ab Stop \u00bb sur la paume et avec des bandes lumineuses sur le dos de la main en jaune. Les gants se caract\u00e9risent par&nbsp; leur m\u00e9lange de polyester \/ \u00e9lasthanne flexible et l\u00e9ger, avec un excellent ajustement.<\/span><\/p>\n","protected":false},"featured_media":112659,"comment_status":"closed","ping_status":"closed","template":"","meta":{"inline_featured_image":false},"product_brand":[],"product_cat":[1643],"product_tag":[],"class_list":{"0":"post-112662","1":"product","2":"type-product","3":"status-publish","4":"has-post-thumbnail","6":"product_cat-gants-gants-dintervention","8":"first","9":"instock","10":"taxable","11":"shipping-taxable","12":"purchasable","13":"product-type-simple"},"_links":{"self":[{"href":"https:\/\/metal-badge.ch\/fr\/wp-json\/wp\/v2\/product\/112662","targetHints":{"allow":["GET"]}}],"collection":[{"href":"https:\/\/metal-badge.ch\/fr\/wp-json\/wp\/v2\/product"}],"about":[{"href":"https:\/\/metal-badge.ch\/fr\/wp-json\/wp\/v2\/types\/product"}],"replies":[{"embeddable":true,"href":"https:\/\/metal-badge.ch\/fr\/wp-json\/wp\/v2\/comments?post=112662"}],"wp:featuredmedia":[{"embeddable":true,"href":"https:\/\/metal-badge.ch\/fr\/wp-json\/wp\/v2\/media\/112659"}],"wp:attachment":[{"href":"https:\/\/metal-badge.ch\/fr\/wp-json\/wp\/v2\/media?parent=112662"}],"wp:term":[{"taxonomy":"product_brand","embeddable":true,"href":"https:\/\/metal-badge.ch\/fr\/wp-json\/wp\/v2\/product_brand?post=112662"},{"taxonomy":"product_cat","embeddable":true,"href":"https:\/\/metal-badge.ch\/fr\/wp-json\/wp\/v2\/product_cat?post=112662"},{"taxonomy":"product_tag","embeddable":true,"href":"https:\/\/metal-badge.ch\/fr\/wp-json\/wp\/v2\/product_tag?post=112662"}],"curies":[{"name":"wp","href":"https:\/\/api.w.org\/{rel}","templated":true}]}}