{"id":112562,"date":"2021-09-23T07:59:44","date_gmt":"2021-09-23T05:59:44","guid":{"rendered":"https:\/\/shop.metal-badge.ch\/product\/112562\/carquois-rigide-pour-dimages-cannes-a-peche-fleches\/"},"modified":"2021-09-23T07:59:44","modified_gmt":"2021-09-23T05:59:44","slug":"carquois-rigide-pour-dimages-cannes-a-peche-fleches","status":"publish","type":"product","link":"https:\/\/metal-badge.ch\/fr\/product\/112562\/carquois-rigide-pour-dimages-cannes-a-peche-fleches\/","title":{"rendered":"Carquois rigide pour d&rsquo;images, cannes \u00e0 p\u00eache, fl\u00e8ches"},"content":{"rendered":"<p><span style=\"font-weight: 400;\">Carquois pratique et rigide pour le rangement et le transport en toute s\u00e9curit\u00e9 d&rsquo;images, de fl\u00e8ches, de cannes \u00e0 p\u00eache, etc. Longueur t\u00e9lescopique r\u00e9glable de 77cm \u00e0 125cm. Le carquois est en plastique et poss\u00e8de un bouchon \u00e0 vis. Absolument \u00e9tanche et offrant de l&rsquo;espace pour environ 15 \u00e0 20 fl\u00e8ches. Gr\u00e2ce \u00e0 une bandouli\u00e8re r\u00e9glable, notre carquois peut \u00eatre accroch\u00e9 ou port\u00e9e par sa poign\u00e9e. Ce carquois rigide est \u00e9galement id\u00e9al pour transporter des affiches, des cartes, des images ou des cannes \u00e0 p\u00eache. Le carquois rigide r\u00e9pondra \u00e0 tous vos besoins.&nbsp;<\/span><\/p>\n<p><b>Caract\u00e9ristiques du produit :<\/b><span style=\"font-weight: 400;\"><br \/>\n<\/span><\/p>\n<ul>\n<li><span style=\"font-weight: 400;\">Carquois t\u00e9lescopique pour fl\u00e8ches, images, cannes \u00e0 p\u00eache <\/span><span style=\"font-weight: 400;\"><br \/>\n<\/span><\/li>\n<li><span style=\"font-weight: 400;\">Sangle de transport r\u00e9glable<\/span><span style=\"font-weight: 400;\"><br \/>\n<\/span><\/li>\n<li><span style=\"font-weight: 400;\">Poign\u00e9e de transport<\/span><span style=\"font-weight: 400;\"><br \/>\n<\/span><\/li>\n<li><span style=\"font-weight: 400;\">Poids : 390 g.<\/span><span style=\"font-weight: 400;\"><br \/>\n<\/span><\/li>\n<li><span style=\"font-weight: 400;\">Fermeture : Couvercle avec fermeture viss\u00e9e<\/span><span style=\"font-weight: 400;\"><br \/>\n<\/span><\/li>\n<li><span style=\"font-weight: 400;\">Couleur : Noir<\/span><span style=\"font-weight: 400;\"><br \/>\n<\/span><\/li>\n<li><span style=\"font-weight: 400;\">Mati\u00e8re : PE, plastique<\/span><span style=\"font-weight: 400;\"><br \/>\n<\/span><\/li>\n<li><span style=\"font-weight: 400;\">Imperm\u00e9able \u00e0 l&rsquo;eau<\/span><span style=\"font-weight: 400;\"><br \/>\n<\/span><\/li>\n<li><span style=\"font-weight: 400;\">Diam\u00e8tre : 10 cm<\/span><span style=\"font-weight: 400;\"><br \/>\n<\/span><\/li>\n<li><span style=\"font-weight: 400;\">Longueur minimale : 77 cm<\/span><span style=\"font-weight: 400;\"><br \/>\n<\/span><\/li>\n<li><span style=\"font-weight: 400;\">Longueur maximale : 125 cm<\/span><\/li>\n<\/ul>\n","protected":false},"excerpt":{"rendered":"<p><span style=\"font-weight: 400;\">Carquois pratique et rigide pour le rangement et le transport en toute s\u00e9curit\u00e9 d&rsquo;images, de fl\u00e8ches, de cannes \u00e0 p\u00eache, etc. Longueur t\u00e9lescopique r\u00e9glable de 77cm \u00e0 125cm. Le carquois est en plastique et poss\u00e8de un bouchon \u00e0 vis. Absolument \u00e9tanche et offrant de l&rsquo;espace pour environ 15 \u00e0 20 fl\u00e8ches. Gr\u00e2ce \u00e0 une bandouli\u00e8re r\u00e9glable, notre carquois peut \u00eatre accroch\u00e9 ou port\u00e9e par sa poign\u00e9e. Ce carquois rigide est \u00e9galement id\u00e9al pour transporter des affiches, des cartes, des images ou des cannes \u00e0 p\u00eache. Le carquois rigide r\u00e9pondra \u00e0 tous vos besoins.&nbsp;<\/span><\/p>\n","protected":false},"featured_media":112538,"comment_status":"closed","ping_status":"closed","template":"","meta":{"inline_featured_image":false},"product_brand":[],"product_cat":[1347,1475],"product_tag":[1765],"class_list":{"0":"post-112562","1":"product","2":"type-product","3":"status-publish","4":"has-post-thumbnail","6":"product_cat-accessoires-militaires-de-chasse","7":"product_cat-tir-a-larc-arbalete-sarbacane","8":"product_tag-sport-outdoor-fr","10":"first","11":"instock","12":"taxable","13":"shipping-taxable","14":"purchasable","15":"product-type-simple"},"_links":{"self":[{"href":"https:\/\/metal-badge.ch\/fr\/wp-json\/wp\/v2\/product\/112562","targetHints":{"allow":["GET"]}}],"collection":[{"href":"https:\/\/metal-badge.ch\/fr\/wp-json\/wp\/v2\/product"}],"about":[{"href":"https:\/\/metal-badge.ch\/fr\/wp-json\/wp\/v2\/types\/product"}],"replies":[{"embeddable":true,"href":"https:\/\/metal-badge.ch\/fr\/wp-json\/wp\/v2\/comments?post=112562"}],"wp:featuredmedia":[{"embeddable":true,"href":"https:\/\/metal-badge.ch\/fr\/wp-json\/wp\/v2\/media\/112538"}],"wp:attachment":[{"href":"https:\/\/metal-badge.ch\/fr\/wp-json\/wp\/v2\/media?parent=112562"}],"wp:term":[{"taxonomy":"product_brand","embeddable":true,"href":"https:\/\/metal-badge.ch\/fr\/wp-json\/wp\/v2\/product_brand?post=112562"},{"taxonomy":"product_cat","embeddable":true,"href":"https:\/\/metal-badge.ch\/fr\/wp-json\/wp\/v2\/product_cat?post=112562"},{"taxonomy":"product_tag","embeddable":true,"href":"https:\/\/metal-badge.ch\/fr\/wp-json\/wp\/v2\/product_tag?post=112562"}],"curies":[{"name":"wp","href":"https:\/\/api.w.org\/{rel}","templated":true}]}}