{"id":112478,"date":"2021-09-23T06:30:19","date_gmt":"2021-09-23T04:30:19","guid":{"rendered":"https:\/\/shop.metal-badge.ch\/?post_type=product&#038;p=112478"},"modified":"2021-09-23T06:45:51","modified_gmt":"2021-09-23T04:45:51","slug":"gilet-de-sauvetage-aide-a-la-flottabilite-avec-chambre-flottante-amovible-noir-couture-rouge","status":"publish","type":"product","link":"https:\/\/metal-badge.ch\/fr\/product\/112478\/gilet-de-sauvetage-aide-a-la-flottabilite-avec-chambre-flottante-amovible-noir-couture-rouge\/","title":{"rendered":"Gilet de sauvetage \/ aide \u00e0 la flottabilit\u00e9 avec chambre flottante amovible &#8211; noir \/ couture rouge"},"content":{"rendered":"<p><span style=\"font-weight: 400;\">Gilet de sauvetage r\u00e9glable noir de JARUSITE avec de nombreuses fonctions. La grande poche arri\u00e8re avec fermeture \u00e9clair offre un grand espace de rangement. Deux autres grandes poches \u00e0 fermeture \u00e9clair se trouvent \u00e0 l&rsquo;avant, chacune avec deux autres compartiments \u00e0 fermeture \u00e9clair, des velcros et des supports ext\u00e9rieurs pour diff\u00e9rents usages. Une autre petite poche \u00e0 fermeture \u00e9clair est situ\u00e9e \u00e0 l&rsquo;avant, \u00e0 droite au niveau de la poitrine. Cette poche est \u00e9tanche et peut \u00eatre retir\u00e9e \u00e0 l&rsquo;aide d&rsquo;un velcro et du mousqueton qui y est fix\u00e9. La poche \u00e0 fermeture \u00e9clair est id\u00e9ale pour les t\u00e9l\u00e9phones portables ou les objets ne peuvent pas \u00eatre mouill\u00e9s. Il y a une autre petite poche \u00e0 fermeture \u00e9clair sur l&rsquo;avant gauche au niveau de la poitrine. Les fermetures \u00e9clair sont toutes tr\u00e8s robustes et disposent d&rsquo;une extension. Le gilet de sauvetage a une fabrication de grande qualit\u00e9, \u00e0 double couture et durable. Le gilet \u00e0 couture rouge voyante est \u00e9quip\u00e9 de plusieurs r\u00e9flecteurs. Cela permet de s&rsquo;assurer que son porteur est per\u00e7u m\u00eame dans des conditions de mauvaise visibilit\u00e9. Un sifflet de signalisation fort est fix\u00e9 \u00e0 l&rsquo;avant du gilet de sauvetage.<\/span><\/p>\n<p><span style=\"font-weight: 400;\">Le gilet de sauvetage est \u00e9quip\u00e9 de 3 flotteurs BUOYANCY \u00ab mousse EPE \u00bb qui assurent jusqu&rsquo;\u00e0 80 kg de flottabilit\u00e9. Ces 3 flotteurs peuvent \u00eatre ouverts et retir\u00e9s au moyen d&rsquo;une fermeture \u00e9clair. Vous disposez ainsi d&rsquo;un gilet normal pour d&rsquo;autres utilisations non li\u00e9es aux sports nautiques.&nbsp;<\/span><\/p>\n<p><span style=\"font-weight: 400;\">Le gilet est fabriqu\u00e9 en tissu Oxfort 400D respirant, en maille de polyester et en tissu de nylon. La longueur et la circonf\u00e9rence du gilet de sauvetage peuvent \u00eatre ajust\u00e9es de mani\u00e8re optimale \u00e0 l&rsquo;utilisateur \u00e0 l&rsquo;aide de velcro. Ce gilet de sauvetage est id\u00e9al pour tous les sports nautiques tels que la plong\u00e9e avec tuba, le surf, le rafting, le kayak, la p\u00eache ou avec la chambre de flottaison retir\u00e9e comme un gilet de sauvetage normal.<\/span><\/p>\n<p><span style=\"font-weight: 400;\">Notre gilet est tr\u00e8s facile \u00e0 nettoyer, peut \u00eatre d\u00e9mont\u00e9 en 3 parties et offre un tr\u00e8s grand espace de rangement. <\/span><b><br \/>\n<\/b><span style=\"font-weight: 400;\">En outre, le gilet est \u00e9quip\u00e9 de deux boucles de s\u00e9curit\u00e9 pour les jambes avec velcro.<\/span> <b><br \/>\n<\/b><b>Prix r\u00e9duit garanti pour les commandes de 20 unit\u00e9s ou plus, contactez-nous.<\/b><\/p>\n<p><b>Informations sur le produit :&nbsp;<\/b><\/p>\n<ul>\n<li><span style=\"font-weight: 400;\">D\u00e9signation : Gilet de natation \/ gilet de sauvetage \/ gilet d\u2019intervention<\/span><\/li>\n<li><span style=\"font-weight: 400;\">Marque : JARUSITE&nbsp;<\/span><\/li>\n<li><span style=\"font-weight: 400;\">Couleur : noir \/ couture rouge<\/span><\/li>\n<li><span style=\"font-weight: 400;\">Flottabilit\u00e9&nbsp;: 70 N<\/span><\/li>\n<li><span style=\"font-weight: 400;\">Capacit\u00e9 de port maximale : 80 kg&nbsp;<\/span><\/li>\n<li><span style=\"font-weight: 400;\">V\u00e9rifi\u00e9 selon EN ISO 12402<\/span><\/li>\n<li><span style=\"font-weight: 400;\">Mat\u00e9riau int\u00e9rieur : corps en mousse EPE&nbsp;<\/span><\/li>\n<li><span style=\"font-weight: 400;\">Mat\u00e9riau ext\u00e9rieur : Tissu nylon polyester Oxfort 400D, maille<\/span><\/li>\n<li><span style=\"font-weight: 400;\">R\u00e9flecteurs cousus pour une meilleure visibilit\u00e9<\/span><\/li>\n<li><span style=\"font-weight: 400;\">Avec un syst\u00e8me pratique de fermeture \u00e0 glissi\u00e8re&nbsp;<\/span><\/li>\n<li><span style=\"font-weight: 400;\">Fermeture rapide \u00e0 boucle<\/span><\/li>\n<li><span style=\"font-weight: 400;\">Sifflet de signalisation<\/span><\/li>\n<li><span style=\"font-weight: 400;\">Ajustement optimal gr\u00e2ce aux sangles r\u00e9glables individuellement et au velcro.<\/span><\/li>\n<li><span style=\"font-weight: 400;\">Flotteurs amovibles avec syst\u00e8me de fermeture \u00e9clair<\/span><\/li>\n<li><span style=\"font-weight: 400;\">Fabriqu\u00e9 dans un mat\u00e9riau robuste et durable<\/span><\/li>\n<li><span style=\"font-weight: 400;\">Nombreux extras, beaucoup d&rsquo;espace de rangement avec diff\u00e9rentes poches \u00e0 fermeture \u00e9clair.&nbsp;<\/span><\/li>\n<li><span style=\"font-weight: 400;\">5 \u00e0 fermeture \u00e9clair&nbsp;<\/span><\/li>\n<li><span style=\"font-weight: 400;\">2 compartiments \u00e0 fermeture \u00e9clair&nbsp;<\/span><\/li>\n<li><span style=\"font-weight: 400;\">Taille : taille unique R\u00e9glable de la taille S \u00e0 la taille XL<\/span><\/li>\n<li><span style=\"font-weight: 400;\">Poids avec corps de flottaison :&nbsp; 950 g.&nbsp;<\/span><\/li>\n<\/ul>\n","protected":false},"excerpt":{"rendered":"<p><span style=\"font-weight: 400;\">Gilet de sauvetage r\u00e9glable noir de JARUSITE avec de nombreuses fonctions. La grande poche arri\u00e8re avec fermeture \u00e9clair offre un grand espace de rangement. Deux autres grandes poches \u00e0 fermeture \u00e9clair se trouvent \u00e0 l&rsquo;avant, chacune avec deux autres compartiments \u00e0 fermeture \u00e9clair, des velcros et des supports ext\u00e9rieurs pour diff\u00e9rents usages. Une autre petite poche \u00e0 fermeture \u00e9clair est situ\u00e9e \u00e0 l&rsquo;avant, \u00e0 droite au niveau de la poitrine. <\/span><\/p>\n","protected":false},"featured_media":112482,"comment_status":"closed","ping_status":"closed","template":"","meta":{"inline_featured_image":false},"product_brand":[],"product_cat":[2215,2189,1634],"product_tag":[],"class_list":{"0":"post-112478","1":"product","2":"type-product","3":"status-publish","4":"has-post-thumbnail","6":"product_cat-vestes_tactiques","7":"product_cat-vetementsdeloisirs","8":"product_cat-vestes-and-vetements-tactiques-couleurs-de-camouflage","10":"first","11":"instock","12":"taxable","13":"shipping-taxable","14":"purchasable","15":"product-type-simple"},"_links":{"self":[{"href":"https:\/\/metal-badge.ch\/fr\/wp-json\/wp\/v2\/product\/112478","targetHints":{"allow":["GET"]}}],"collection":[{"href":"https:\/\/metal-badge.ch\/fr\/wp-json\/wp\/v2\/product"}],"about":[{"href":"https:\/\/metal-badge.ch\/fr\/wp-json\/wp\/v2\/types\/product"}],"replies":[{"embeddable":true,"href":"https:\/\/metal-badge.ch\/fr\/wp-json\/wp\/v2\/comments?post=112478"}],"wp:featuredmedia":[{"embeddable":true,"href":"https:\/\/metal-badge.ch\/fr\/wp-json\/wp\/v2\/media\/112482"}],"wp:attachment":[{"href":"https:\/\/metal-badge.ch\/fr\/wp-json\/wp\/v2\/media?parent=112478"}],"wp:term":[{"taxonomy":"product_brand","embeddable":true,"href":"https:\/\/metal-badge.ch\/fr\/wp-json\/wp\/v2\/product_brand?post=112478"},{"taxonomy":"product_cat","embeddable":true,"href":"https:\/\/metal-badge.ch\/fr\/wp-json\/wp\/v2\/product_cat?post=112478"},{"taxonomy":"product_tag","embeddable":true,"href":"https:\/\/metal-badge.ch\/fr\/wp-json\/wp\/v2\/product_tag?post=112478"}],"curies":[{"name":"wp","href":"https:\/\/api.w.org\/{rel}","templated":true}]}}