{"id":112312,"date":"2021-09-21T05:01:40","date_gmt":"2021-09-21T03:01:41","guid":{"rendered":"https:\/\/shop.metal-badge.ch\/?post_type=product&#038;p=112312"},"modified":"2021-09-21T05:47:44","modified_gmt":"2021-09-21T03:47:44","slug":"beach-box-strandsafe-boite-etanche-jaune","status":"publish","type":"product","link":"https:\/\/metal-badge.ch\/fr\/product\/112312\/beach-box-strandsafe-boite-etanche-jaune\/","title":{"rendered":"Beach Box \/ STRANDSAFE \u2013 Bo\u00eete \u00e9tanche &#8211; jaune"},"content":{"rendered":"<p>Prot\u00e9gez votre argent, vos papiers, vos cl\u00e9s et vos autres objets de valeur avec la bo\u00eete \u00e9tanche. Cette bo\u00eete \u00e0 accrocher est pratique sur la plage et \u00e0 la piscine et est parfaite pour tous les amateurs d&rsquo;eau<\/p>\n<p><strong>Caract\u00e9ristiques du produit :&nbsp;<\/strong><\/p>\n<ul>\n<li>Avec fermeture rapide<\/li>\n<li>Bo\u00eete en plastique \u00e9tanche<\/li>\n<li>avec cordon de suspension<\/li>\n<li>Mat\u00e9riau : plastique<\/li>\n<li>Coloris : jaune<\/li>\n<li>Taille : Largeur 7.0 cm \/ hauteur 11.0 cm \/ 3.0 cm<\/li>\n<\/ul>\n","protected":false},"excerpt":{"rendered":"<p><span style=\"font-weight: 400;\">Prot\u00e9gez votre argent, vos papiers, vos cl\u00e9s et vos autres objets de valeur avec la bo\u00eete \u00e9tanche. Cette bo\u00eete \u00e0 accrocher est pratique sur la plage et \u00e0 la piscine et est parfaite pour tous les amateurs d\u2019eau<\/span><\/p>\n","protected":false},"featured_media":112368,"comment_status":"open","ping_status":"closed","template":"","meta":{"inline_featured_image":false},"product_brand":[],"product_cat":[1435],"product_tag":[1777,1773],"class_list":{"0":"post-112312","1":"product","2":"type-product","3":"status-publish","4":"has-post-thumbnail","6":"product_cat-camping-voyage","7":"product_tag-camping-voyage","8":"product_tag-chasse-peche","10":"first","11":"instock","12":"taxable","13":"shipping-taxable","14":"purchasable","15":"product-type-simple"},"_links":{"self":[{"href":"https:\/\/metal-badge.ch\/fr\/wp-json\/wp\/v2\/product\/112312","targetHints":{"allow":["GET"]}}],"collection":[{"href":"https:\/\/metal-badge.ch\/fr\/wp-json\/wp\/v2\/product"}],"about":[{"href":"https:\/\/metal-badge.ch\/fr\/wp-json\/wp\/v2\/types\/product"}],"replies":[{"embeddable":true,"href":"https:\/\/metal-badge.ch\/fr\/wp-json\/wp\/v2\/comments?post=112312"}],"wp:featuredmedia":[{"embeddable":true,"href":"https:\/\/metal-badge.ch\/fr\/wp-json\/wp\/v2\/media\/112368"}],"wp:attachment":[{"href":"https:\/\/metal-badge.ch\/fr\/wp-json\/wp\/v2\/media?parent=112312"}],"wp:term":[{"taxonomy":"product_brand","embeddable":true,"href":"https:\/\/metal-badge.ch\/fr\/wp-json\/wp\/v2\/product_brand?post=112312"},{"taxonomy":"product_cat","embeddable":true,"href":"https:\/\/metal-badge.ch\/fr\/wp-json\/wp\/v2\/product_cat?post=112312"},{"taxonomy":"product_tag","embeddable":true,"href":"https:\/\/metal-badge.ch\/fr\/wp-json\/wp\/v2\/product_tag?post=112312"}],"curies":[{"name":"wp","href":"https:\/\/api.w.org\/{rel}","templated":true}]}}