{"id":112270,"date":"2021-08-12T18:11:51","date_gmt":"2021-08-12T16:11:51","guid":{"rendered":"https:\/\/shop.metal-badge.ch\/product\/112270\/brancard-durgence-pliable-en-sac-a-dos-couleurs-camouflage\/"},"modified":"2025-02-10T21:38:59","modified_gmt":"2025-02-10T20:38:59","slug":"brancard-durgence-pliable-en-sac-a-dos-couleurs-camouflage","status":"publish","type":"product","link":"https:\/\/metal-badge.ch\/fr\/product\/112270\/brancard-durgence-pliable-en-sac-a-dos-couleurs-camouflage\/","title":{"rendered":"Brancard d&rsquo;urgence pliable en sac \u00e0 dos, couleurs camouflage"},"content":{"rendered":"<p><span style=\"font-weight: 400;\">Brancard pliable et tr\u00e8s robuste pour un transport s\u00fbr en cas d&rsquo;urgence. Le brancard d&rsquo;urgence a un poids net de 9 kg et deux ceintures de s\u00e9curit\u00e9 pour s\u00e9curiser le patient ou bless\u00e9. Pli\u00e9, il ne prend que peu de place et peut \u00eatre rang\u00e9 dans le sac \u00e0 dos fourni. Le sac \u00e0 dos est \u00e9quip\u00e9 d&rsquo;une double fermeture \u00e9clair p\u00e9riph\u00e9rique. Le brancard s&rsquo;int\u00e8gre parfaitement dans les v\u00e9hicules et les armoires de premiers secours. Il peut \u00eatre d\u00e9pli\u00e9 en quelques secondes et est rapidement pr\u00eat \u00e0 l&#8217;emploi. Une fois d\u00e9pli\u00e9, le brancard est \u00e9quip\u00e9 de 4 pieds d&rsquo;appui de 8 cm de haut. Les poign\u00e9es de transport peuvent \u00eatre confortablement allong\u00e9es.&nbsp;&nbsp;&nbsp;<\/span><\/p>\n<p><b>Informations sur le produit :&nbsp;<\/b><\/p>\n<ul>\n<li><span style=\"font-weight: 400;\">Nom : YXH-1DL&nbsp;<\/span><\/li>\n<li><span style=\"font-weight: 400;\">Brancard en aluminium pliable en 4 sous forme de sac \u00e0 dos<\/span><\/li>\n<li><span style=\"font-weight: 400;\">En mode sac \u00e0 dos, les bretelles et la ceinture sont r\u00e9glables et rembourr\u00e9es.&nbsp;<\/span><\/li>\n<li><span style=\"font-weight: 400;\">Poign\u00e9e de transport pratique sur le sac \u00e0 dos qui peut \u00eatre utilis\u00e9e comme une valise.&nbsp;<\/span><\/li>\n<li><span style=\"font-weight: 400;\">Compartiment zipp\u00e9 \u00e0 l&rsquo;ext\u00e9rieur du sac \u00e0 dos<\/span><\/li>\n<li><span style=\"font-weight: 400;\">Petite taille de rangement \/ pliage<\/span><\/li>\n<li><span style=\"font-weight: 400;\">4 poign\u00e9es de transport extensibles et confortables&nbsp;<\/span><\/li>\n<li><span style=\"font-weight: 400;\">Brancard avec cadre de base en m\u00e9tal l\u00e9ger et aluminium<\/span><\/li>\n<li><span style=\"font-weight: 400;\">Articulations solides en acier verrouillables pour un pliage en 4&nbsp;<\/span><\/li>\n<li><span style=\"font-weight: 400;\">2 ceintures de s\u00e9curit\u00e9 patient r\u00e9glables avec fermetures rapides<\/span><\/li>\n<li><span style=\"font-weight: 400;\">4 pieds de 8 cm de haut<\/span><\/li>\n<li><span style=\"font-weight: 400;\">Mat\u00e9riau de la housse : tissu Oxford robuste de couleur camouflage<\/span><\/li>\n<li><span style=\"font-weight: 400;\">Poids total avec sac \u00e0 dos : 11 kg&nbsp;<\/span><\/li>\n<li><span style=\"font-weight: 400;\">Poids du brancard&nbsp;: 9 kg&nbsp;<\/span><\/li>\n<li><span style=\"font-weight: 400;\">Couleur du rev\u00eatement&nbsp;: Camouflage&nbsp;<\/span><\/li>\n<li><span style=\"font-weight: 400;\">D\u00e9sinfectable, facile \u00e0 nettoyer<\/span><\/li>\n<li><span style=\"font-weight: 400;\">Dimensions pli\u00e9 et emball\u00e9 : profondeur 18 cm x largeur 27 cm x hauteur 52 cm&nbsp;<\/span><\/li>\n<li><span style=\"font-weight: 400;\">Dimensions d\u00e9pli\u00e9es : longueur 190 cm x largeur 55 cm&nbsp;<\/span><\/li>\n<li><span style=\"font-weight: 400;\">Hauteur pieds : 12 cm&nbsp;<\/span><\/li>\n<li><span style=\"font-weight: 400;\">Charge max. : 160 kg <\/span><\/li>\n<\/ul>\n","protected":false},"excerpt":{"rendered":"<p><span style=\"font-weight: 400;\">Brancard pliable et tr\u00e8s robuste pour un transport s\u00fbr en cas d&rsquo;urgence. Le brancard d&rsquo;urgence a un poids net de 9 kg et deux ceintures de s\u00e9curit\u00e9 pour s\u00e9curiser le patient ou bless\u00e9. Pli\u00e9, il ne prend que peu de place et peut \u00eatre rang\u00e9 dans le sac \u00e0 dos fourni.<\/span><\/p>\n","protected":false},"featured_media":111571,"comment_status":"closed","ping_status":"closed","template":"","meta":{"inline_featured_image":false},"product_brand":[],"product_cat":[1946],"product_tag":[1785],"class_list":{"0":"post-112270","1":"product","2":"type-product","3":"status-publish","4":"has-post-thumbnail","6":"product_cat-organisations-lumiere-bleue-securite","7":"product_tag-premiers-secours-sauvetage","8":"product_shipping_class-objets-encombrants","10":"first","11":"instock","12":"taxable","13":"shipping-taxable","14":"purchasable","15":"product-type-simple"},"_links":{"self":[{"href":"https:\/\/metal-badge.ch\/fr\/wp-json\/wp\/v2\/product\/112270","targetHints":{"allow":["GET"]}}],"collection":[{"href":"https:\/\/metal-badge.ch\/fr\/wp-json\/wp\/v2\/product"}],"about":[{"href":"https:\/\/metal-badge.ch\/fr\/wp-json\/wp\/v2\/types\/product"}],"replies":[{"embeddable":true,"href":"https:\/\/metal-badge.ch\/fr\/wp-json\/wp\/v2\/comments?post=112270"}],"wp:featuredmedia":[{"embeddable":true,"href":"https:\/\/metal-badge.ch\/fr\/wp-json\/wp\/v2\/media\/111571"}],"wp:attachment":[{"href":"https:\/\/metal-badge.ch\/fr\/wp-json\/wp\/v2\/media?parent=112270"}],"wp:term":[{"taxonomy":"product_brand","embeddable":true,"href":"https:\/\/metal-badge.ch\/fr\/wp-json\/wp\/v2\/product_brand?post=112270"},{"taxonomy":"product_cat","embeddable":true,"href":"https:\/\/metal-badge.ch\/fr\/wp-json\/wp\/v2\/product_cat?post=112270"},{"taxonomy":"product_tag","embeddable":true,"href":"https:\/\/metal-badge.ch\/fr\/wp-json\/wp\/v2\/product_tag?post=112270"}],"curies":[{"name":"wp","href":"https:\/\/api.w.org\/{rel}","templated":true}]}}