{"id":112023,"date":"2021-08-18T19:02:44","date_gmt":"2021-08-18T17:02:45","guid":{"rendered":"https:\/\/shop.metal-badge.ch\/?post_type=product&#038;p=112023"},"modified":"2021-08-18T19:19:43","modified_gmt":"2021-08-18T17:19:43","slug":"pese-bagages-numerique-avec-ecran-lcd-50-kg-110-lb-argente","status":"publish","type":"product","link":"https:\/\/metal-badge.ch\/fr\/product\/112023\/pese-bagages-numerique-avec-ecran-lcd-50-kg-110-lb-argente\/","title":{"rendered":"P\u00e8se-bagages num\u00e9rique avec \u00e9cran LCD 50 kg \/ 110 lb &#8211; argent\u00e9"},"content":{"rendered":"<p><span style=\"font-weight: 400;\">Nous avons la solution \u00e0 votre probl\u00e8me ! Nous vous proposons un p\u00e8se-bagages num\u00e9rique, qui vous indique le poids exact de vos bagages. \u00c9pargnez-vous des frais inutiles et des paiements suppl\u00e9mentaires pour des bagages trop lourds \u00e0 l&rsquo;a\u00e9roport, par exemple, et enregistrez vos bagages l&rsquo;esprit tranquille.&nbsp;<\/span><\/p>\n<p><span style=\"font-weight: 400;\">Cette balance manuelle pratique a une capacit\u00e9 allant jusqu&rsquo;\u00e0 50 kg et est \u00e9quip\u00e9e d&rsquo;un syst\u00e8me de capteurs tr\u00e8s pr\u00e9cis.&nbsp;L&rsquo;\u00e9cran LCD facile \u00e0 lire vous indique les unit\u00e9s en kg, lb ou oz si vous le souhaitez. Il suffit de fixer le sac souhait\u00e9 aux crochets m\u00e9talliques et le petit p\u00e8se-bagages vous indique le poids total.<\/span><b><\/p>\n<p><\/b><\/p>\n<p><b>Informations sur le produit :&nbsp;<\/b><\/p>\n<ul>\n<li><span style=\"font-weight: 400;\">P\u00e8se-bagages num\u00e9rique avec affichage de la temp\u00e9rature ambiante<\/span><\/li>\n<li><span style=\"font-weight: 400;\">Couleur : noir \/ argent\u00e9&nbsp;<\/span><\/li>\n<li><span style=\"font-weight: 400;\">Mati\u00e8re&nbsp;: Plastique&nbsp;<\/span><\/li>\n<li><span style=\"font-weight: 400;\">Capacit\u00e9 : 50 kg<\/span><\/li>\n<li><span style=\"font-weight: 400;\">Tranches de poids du p\u00e8se-bagages . 10 g.<\/span><\/li>\n<li><span style=\"font-weight: 400;\">Id\u00e9al pour les d\u00e9placements<\/span><\/li>\n<li><span style=\"font-weight: 400;\">R\u00e9tro-\u00e9clairage \/ fonction de tare<\/span><\/li>\n<li><span style=\"font-weight: 400;\">Manipulation simple<\/span><\/li>\n<li><span style=\"font-weight: 400;\">1 pile bouton 3 V CR 2032 incluse dans la livraison<\/span><\/li>\n<li><span style=\"font-weight: 400;\">\u00c9cran LCD \u00e9clair\u00e9<\/span><\/li>\n<li><span style=\"font-weight: 400;\">Arr\u00eat automatique<\/span><\/li>\n<li><span style=\"font-weight: 400;\">Affichage de la batterie<\/span><\/li>\n<li><span style=\"font-weight: 400;\">Indication de batterie faible et de surcharge<\/span><\/li>\n<li><span style=\"font-weight: 400;\">Commutation kg \/ lb<\/span><\/li>\n<li><span style=\"font-weight: 400;\">Poign\u00e9e ergonomique pour faciliter le pesage des bagages<\/span><\/li>\n<li><span style=\"font-weight: 400;\">Facile \u00e0 ranger gr\u00e2ce \u00e0 son design compact<\/span><\/li>\n<li><span style=\"font-weight: 400;\">Haute pr\u00e9cision de mesure 10 g.<\/span><\/li>\n<li><span style=\"font-weight: 400;\">Poign\u00e9e de transport robuste avec crochet m\u00e9tallique<\/span><\/li>\n<li><span style=\"font-weight: 400;\">Poids : 70 g. <\/span><\/li>\n<\/ul>\n","protected":false},"excerpt":{"rendered":"<p><span style=\"font-weight: 400;\">Nous avons la solution \u00e0 votre probl\u00e8me ! Nous vous proposons un p\u00e8se-bagages num\u00e9rique, qui vous indique le poids exact de vos bagages. \u00c9pargnez-vous des frais inutiles et des paiements suppl\u00e9mentaires pour des bagages trop lourds \u00e0 l&rsquo;a\u00e9roport, par exemple, et enregistrez vos bagages l&rsquo;esprit tranquille.&nbsp;<\/span><\/p>\n","protected":false},"featured_media":112027,"comment_status":"closed","ping_status":"closed","template":"","meta":{"inline_featured_image":false},"product_brand":[],"product_cat":[887,1435],"product_tag":[1777],"class_list":{"0":"post-112023","1":"product","2":"type-product","3":"status-publish","4":"has-post-thumbnail","6":"product_cat-accessoires","7":"product_cat-camping-voyage","8":"product_tag-camping-voyage","10":"first","11":"instock","12":"taxable","13":"shipping-taxable","14":"purchasable","15":"product-type-simple"},"_links":{"self":[{"href":"https:\/\/metal-badge.ch\/fr\/wp-json\/wp\/v2\/product\/112023","targetHints":{"allow":["GET"]}}],"collection":[{"href":"https:\/\/metal-badge.ch\/fr\/wp-json\/wp\/v2\/product"}],"about":[{"href":"https:\/\/metal-badge.ch\/fr\/wp-json\/wp\/v2\/types\/product"}],"replies":[{"embeddable":true,"href":"https:\/\/metal-badge.ch\/fr\/wp-json\/wp\/v2\/comments?post=112023"}],"wp:featuredmedia":[{"embeddable":true,"href":"https:\/\/metal-badge.ch\/fr\/wp-json\/wp\/v2\/media\/112027"}],"wp:attachment":[{"href":"https:\/\/metal-badge.ch\/fr\/wp-json\/wp\/v2\/media?parent=112023"}],"wp:term":[{"taxonomy":"product_brand","embeddable":true,"href":"https:\/\/metal-badge.ch\/fr\/wp-json\/wp\/v2\/product_brand?post=112023"},{"taxonomy":"product_cat","embeddable":true,"href":"https:\/\/metal-badge.ch\/fr\/wp-json\/wp\/v2\/product_cat?post=112023"},{"taxonomy":"product_tag","embeddable":true,"href":"https:\/\/metal-badge.ch\/fr\/wp-json\/wp\/v2\/product_tag?post=112023"}],"curies":[{"name":"wp","href":"https:\/\/api.w.org\/{rel}","templated":true}]}}