{"id":111953,"date":"2021-08-17T21:10:36","date_gmt":"2021-08-17T19:10:37","guid":{"rendered":"https:\/\/shop.metal-badge.ch\/?post_type=product&#038;p=111953"},"modified":"2024-08-21T19:22:44","modified_gmt":"2024-08-21T17:22:44","slug":"bouee-de-natation-bouee-de-securite-citron-mr805","status":"publish","type":"product","link":"https:\/\/metal-badge.ch\/fr\/product\/111953\/bouee-de-natation-bouee-de-securite-citron-mr805\/","title":{"rendered":"Bou\u00e9e de natation, bou\u00e9e de s\u00e9curit\u00e9 citron &#8211; MR805"},"content":{"rendered":"<p><span style=\"font-weight: 400;\">La bou\u00e9e de natation se compose d&rsquo;une chambre gonflable et d&rsquo;une seconde chambre qui sert de sac sec et offre suffisamment d&rsquo;espace pour les objets de valeur, la serviette, le T-shirt, le pantalon, etc. La bou\u00e9e de natation aux dimensions 37 x 66 cm de couleur jaune fluo augmente votre visibilit\u00e9 en eau libre pour les nageurs et autres amateurs de sports nautiques. Fabriqu\u00e9e en nylon \/ PVC, la bou\u00e9e a une capacit\u00e9 de 25 L. La ceinture de taille incluse peut \u00eatre \u00e9tendue de 63 cm \u00e0 122 cm de circonf\u00e9rence, offrant ainsi un confort pour presque toutes les morphologies. La valve de haute qualit\u00e9 de la bou\u00e9e de natation permet de gonfler et de d\u00e9gonfler l&rsquo;air facilement et rapidement et offre une \u00e9tanch\u00e9it\u00e9 absolue. En outre, la bou\u00e9e est \u00e9quip\u00e9e d&rsquo;une poign\u00e9e de transport et d&rsquo;attache confortable pour la lani\u00e8re.&nbsp;<\/span><\/p>\n<p><b>Informations sur le produit :<\/b><\/p>\n<ul>\n<li><span style=\"font-weight: 400;\">Mod\u00e8le MR805<\/span><b>&#8211; <\/b><span style=\"font-weight: 400;\">MR805&nbsp;<\/span><\/li>\n<li><span style=\"font-weight: 400;\">Bou\u00e9e de s\u00e9curit\u00e9 gonflable pour la natation en eau libre<\/span><\/li>\n<li><span style=\"font-weight: 400;\">Poche int\u00e9rieure imperm\u00e9able avec fermeture \u00e0 rouleau pour garder le contenu au sec et en s\u00e9curit\u00e9<\/span><\/li>\n<li><span style=\"font-weight: 400;\">Mati\u00e8re&nbsp;: PVC&nbsp;<\/span><\/li>\n<li><span style=\"font-weight: 400;\">Taille : 37 cm de large x 66 cm de long d\u00e9roul\u00e9<\/span><\/li>\n<li><span style=\"font-weight: 400;\">Couleur : citron, jaune&nbsp;<\/span><\/li>\n<li><span style=\"font-weight: 400;\">Poids : 380 g&nbsp;<\/span><\/li>\n<li><span style=\"font-weight: 400;\">Contenu : 25 L&nbsp;<\/span><\/li>\n<li><span style=\"font-weight: 400;\">Avec poign\u00e9e de transport et de fixation pour la sangle<\/span><\/li>\n<li><span style=\"font-weight: 400;\">Augmente la visibilit\u00e9 en eau libre<\/span><\/li>\n<li><span style=\"font-weight: 400;\">Peut \u00eatre repli\u00e9e apr\u00e8s utilisation pour gagner de l&rsquo;espace<\/span><\/li>\n<li><span style=\"font-weight: 400;\">Ceinture r\u00e9glable jusqu&rsquo;\u00e0 120 cm de circonf\u00e9rence.<\/span><\/li>\n<li><span style=\"font-weight: 400;\">Ligne de s\u00e9curit\u00e9 de 70 cm de long pouvant \u00eatre facilement prolong\u00e9e<\/span><\/li>\n<li><span style=\"font-weight: 400;\">Facile \u00e0 gonfler gr\u00e2ce \u00e0 la valve tournante qui se ferme<\/span><\/li>\n<\/ul>\n","protected":false},"excerpt":{"rendered":"<p><span style=\"font-weight: 400;\">La bou\u00e9e de natation se compose d&rsquo;une chambre gonflable et d&rsquo;une seconde chambre qui sert de sac sec et offre suffisamment d&rsquo;espace pour les objets de valeur, la serviette, le T-shirt, le pantalon, etc. La bou\u00e9e de natation aux dimensions 37 x 66 cm de couleur jaune fluo augmente votre visibilit\u00e9 en eau libre pour les nageurs et autres amateurs de sports nautiques. Fabriqu\u00e9e en nylon \/ PVC, la bou\u00e9e a une capacit\u00e9 de 25 L. La ceinture de taille incluse peut \u00eatre \u00e9tendue de 63 cm \u00e0 122 cm de circonf\u00e9rence, offrant ainsi un confort pour presque toutes les morphologies. La valve de haute qualit\u00e9 de la bou\u00e9e de natation permet de gonfler et de d\u00e9gonfler l&rsquo;air facilement et rapidement et offre une \u00e9tanch\u00e9it\u00e9 absolue. En outre, la bou\u00e9e est \u00e9quip\u00e9e d&rsquo;une poign\u00e9e de transport et d&rsquo;attache confortable pour la lani\u00e8re.&nbsp;<\/span><\/p>\n","protected":false},"featured_media":111957,"comment_status":"closed","ping_status":"closed","template":"","meta":{"inline_featured_image":false},"product_brand":[],"product_cat":[1435],"product_tag":[1765],"class_list":{"0":"post-111953","1":"product","2":"type-product","3":"status-publish","4":"has-post-thumbnail","6":"product_cat-camping-voyage","7":"product_tag-sport-outdoor-fr","9":"first","10":"instock","11":"taxable","12":"shipping-taxable","13":"purchasable","14":"product-type-simple"},"_links":{"self":[{"href":"https:\/\/metal-badge.ch\/fr\/wp-json\/wp\/v2\/product\/111953","targetHints":{"allow":["GET"]}}],"collection":[{"href":"https:\/\/metal-badge.ch\/fr\/wp-json\/wp\/v2\/product"}],"about":[{"href":"https:\/\/metal-badge.ch\/fr\/wp-json\/wp\/v2\/types\/product"}],"replies":[{"embeddable":true,"href":"https:\/\/metal-badge.ch\/fr\/wp-json\/wp\/v2\/comments?post=111953"}],"wp:featuredmedia":[{"embeddable":true,"href":"https:\/\/metal-badge.ch\/fr\/wp-json\/wp\/v2\/media\/111957"}],"wp:attachment":[{"href":"https:\/\/metal-badge.ch\/fr\/wp-json\/wp\/v2\/media?parent=111953"}],"wp:term":[{"taxonomy":"product_brand","embeddable":true,"href":"https:\/\/metal-badge.ch\/fr\/wp-json\/wp\/v2\/product_brand?post=111953"},{"taxonomy":"product_cat","embeddable":true,"href":"https:\/\/metal-badge.ch\/fr\/wp-json\/wp\/v2\/product_cat?post=111953"},{"taxonomy":"product_tag","embeddable":true,"href":"https:\/\/metal-badge.ch\/fr\/wp-json\/wp\/v2\/product_tag?post=111953"}],"curies":[{"name":"wp","href":"https:\/\/api.w.org\/{rel}","templated":true}]}}