{"id":111849,"date":"2021-08-17T18:24:25","date_gmt":"2021-08-17T16:24:25","guid":{"rendered":"https:\/\/shop.metal-badge.ch\/?post_type=product&#038;p=111849"},"modified":"2021-08-17T18:46:26","modified_gmt":"2021-08-17T16:46:26","slug":"bouee-de-natation-bouee-de-securite-orange-mr809","status":"publish","type":"product","link":"https:\/\/metal-badge.ch\/fr\/product\/111849\/bouee-de-natation-bouee-de-securite-orange-mr809\/","title":{"rendered":"Bou\u00e9e de natation, bou\u00e9e de s\u00e9curit\u00e9 orange &#8211; MR809"},"content":{"rendered":"<p><span style=\"font-weight: 400;\">La bou\u00e9e se compose de deux chambres gonflables ind\u00e9pendantes et, au milieu, d&rsquo;un grand sac sec avec fermeture \u00e0 enroulement offrant un grand espace de rangement pour les objets de valeur, la serviette, le T-shirt, le pantalon, etc. La bou\u00e9e de natation aux dimensions 37 x 68 cm en orange vif et augmente votre visibilit\u00e9 en eau libre pour les nageurs et autres sports nautiques. Fabriqu\u00e9e en nylon \/ PVC, la bou\u00e9e a une capacit\u00e9 de 20 L. La ceinture de taille incluse peut \u00eatre \u00e9tendue de 63 cm \u00e0 122 cm de circonf\u00e9rence, offrant ainsi un confort pour presque toutes les morphologies.<\/span><\/p>\n<p><span style=\"font-weight: 400;\">Avec ses deux chambres s\u00e9par\u00e9es, la bou\u00e9e peut \u00eatre gonfl\u00e9e et d\u00e9gonfl\u00e9e rapidement gr\u00e2ce \u00e0 deux valves de s\u00e9curit\u00e9. En outre, la bou\u00e9e est \u00e9quip\u00e9e d&rsquo;une poign\u00e9e de transport et d&rsquo;attache confortable pour la lani\u00e8re.&nbsp;<\/span><\/p>\n<p><b>Informations sur le produit :<\/b><\/p>\n<ul>\n<li><span style=\"font-weight: 400;\">Mod\u00e8le MR809&nbsp;<\/span><\/li>\n<li><span style=\"font-weight: 400;\">Bou\u00e9e de s\u00e9curit\u00e9 gonflable avec deux chambres \u00e0 air s\u00e9par\u00e9es pour la natation en eau libre<\/span><\/li>\n<li><span style=\"font-weight: 400;\">Poche int\u00e9rieure imperm\u00e9able avec fermeture \u00e0 rouleau pour garder le contenu au sec et en s\u00e9curit\u00e9<\/span><\/li>\n<li><span style=\"font-weight: 400;\">Mati\u00e8re&nbsp;: PVC&nbsp;<\/span><\/li>\n<li><span style=\"font-weight: 400;\">Taille : 32 cm de large x 68 cm de long d\u00e9roul\u00e9<\/span><\/li>\n<li><span style=\"font-weight: 400;\">Couleur : orange&nbsp;<\/span><\/li>\n<li><span style=\"font-weight: 400;\">Poids : env.370 g&nbsp;<\/span><\/li>\n<li><span style=\"font-weight: 400;\">Contenu : 20 L&nbsp;<\/span><\/li>\n<li><span style=\"font-weight: 400;\">Avec poign\u00e9e de transport et de fixation pour les sangles&nbsp;<\/span><\/li>\n<li><span style=\"font-weight: 400;\">Augmente la visibilit\u00e9 en eau libre<\/span><\/li>\n<li><span style=\"font-weight: 400;\">Peut \u00eatre repli\u00e9e apr\u00e8s utilisation pour gagner de l&rsquo;espace<\/span><\/li>\n<li><span style=\"font-weight: 400;\">Ceinture r\u00e9glable jusqu&rsquo;\u00e0 122 cm de circonf\u00e9rence.<\/span><\/li>\n<li><span style=\"font-weight: 400;\">Ligne de s\u00e9curit\u00e9 de 70 cm de long pouvant \u00eatre facilement prolong\u00e9e<\/span><\/li>\n<\/ul>\n","protected":false},"excerpt":{"rendered":"<p><span style=\"font-weight: 400;\">La bou\u00e9e se compose de deux chambres gonflables ind\u00e9pendantes et, au milieu, d&rsquo;un grand sac sec avec fermeture \u00e0 enroulement offrant un grand espace de rangement pour les objets de valeur, la serviette, le T-shirt, le pantalon, etc. La bou\u00e9e de natation aux dimensions 37 x 68 cm en orange vif et augmente votre visibilit\u00e9 en eau libre pour les nageurs et autres sports nautiques. Fabriqu\u00e9e en nylon \/ PVC, la bou\u00e9e a une capacit\u00e9 de 20 L. La ceinture de taille incluse peut \u00eatre \u00e9tendue de 63 cm \u00e0 122 cm de circonf\u00e9rence, offrant ainsi un confort pour presque toutes les morphologies.<\/span><\/p>\n","protected":false},"featured_media":111853,"comment_status":"closed","ping_status":"closed","template":"","meta":{"inline_featured_image":false},"product_brand":[],"product_cat":[1435],"product_tag":[1765],"class_list":{"0":"post-111849","1":"product","2":"type-product","3":"status-publish","4":"has-post-thumbnail","6":"product_cat-camping-voyage","7":"product_tag-sport-outdoor-fr","9":"first","10":"instock","11":"taxable","12":"shipping-taxable","13":"purchasable","14":"product-type-simple"},"_links":{"self":[{"href":"https:\/\/metal-badge.ch\/fr\/wp-json\/wp\/v2\/product\/111849","targetHints":{"allow":["GET"]}}],"collection":[{"href":"https:\/\/metal-badge.ch\/fr\/wp-json\/wp\/v2\/product"}],"about":[{"href":"https:\/\/metal-badge.ch\/fr\/wp-json\/wp\/v2\/types\/product"}],"replies":[{"embeddable":true,"href":"https:\/\/metal-badge.ch\/fr\/wp-json\/wp\/v2\/comments?post=111849"}],"wp:featuredmedia":[{"embeddable":true,"href":"https:\/\/metal-badge.ch\/fr\/wp-json\/wp\/v2\/media\/111853"}],"wp:attachment":[{"href":"https:\/\/metal-badge.ch\/fr\/wp-json\/wp\/v2\/media?parent=111849"}],"wp:term":[{"taxonomy":"product_brand","embeddable":true,"href":"https:\/\/metal-badge.ch\/fr\/wp-json\/wp\/v2\/product_brand?post=111849"},{"taxonomy":"product_cat","embeddable":true,"href":"https:\/\/metal-badge.ch\/fr\/wp-json\/wp\/v2\/product_cat?post=111849"},{"taxonomy":"product_tag","embeddable":true,"href":"https:\/\/metal-badge.ch\/fr\/wp-json\/wp\/v2\/product_tag?post=111849"}],"curies":[{"name":"wp","href":"https:\/\/api.w.org\/{rel}","templated":true}]}}