{"id":111797,"date":"2021-08-17T16:59:39","date_gmt":"2021-08-17T14:59:39","guid":{"rendered":"https:\/\/shop.metal-badge.ch\/product\/111797\/bouee-de-natation-bouee-de-securite-orange-mr801\/"},"modified":"2024-08-21T19:13:32","modified_gmt":"2024-08-21T17:13:32","slug":"bouee-de-natation-bouee-de-securite-orange-mr801","status":"publish","type":"product","link":"https:\/\/metal-badge.ch\/fr\/product\/111797\/bouee-de-natation-bouee-de-securite-orange-mr801\/","title":{"rendered":"Bou\u00e9e de natation, bou\u00e9e de s\u00e9curit\u00e9 orange &#8211; MR801"},"content":{"rendered":"<p><span style=\"font-weight: 400;\">La BOU\u00c9E DE NATATION offre aux nageurs plus de s\u00e9curit\u00e9 en eau libre. Que ce soit pour les seniors, les nageurs occasionnels, les triathl\u00e8tes ou les nageurs d&rsquo;eau libre et de longue distance : la bou\u00e9e de natation est facilement visible par les plaisanciers et sert de dispositif de s\u00e9curit\u00e9 en cas de crampes ou d&rsquo;\u00e9vanouissement. La bou\u00e9e de natation est tir\u00e9e juste derri\u00e8re le corps pendant la brasse et le crawl. Pour les nageurs de dos, il est recommand\u00e9 d&rsquo;acheter une fine cordelette de 1 \u00e0 2 m pouvant \u00eatre achet\u00e9e en quincaillerie pour tirer la bou\u00e9e plus loin derri\u00e8re vous.<\/span><\/p>\n<p><b>Informations sur le produit :<\/b><\/p>\n<ul>\n<li><span style=\"font-weight: 400;\">Mod\u00e8le MR801 orange&nbsp;<\/span><\/li>\n<li><span style=\"font-weight: 400;\">Bou\u00e9e de s\u00e9curit\u00e9 gonflable pour la natation en eau libre<\/span><\/li>\n<li><span style=\"font-weight: 400;\">Mati\u00e8re&nbsp;: PVC&nbsp;<\/span><\/li>\n<li><span style=\"font-weight: 400;\">Taille : 29 cm de large x 47 cm de long d\u00e9roul\u00e9<\/span><\/li>\n<li><span style=\"font-weight: 400;\">Couleur : orange&nbsp;<\/span><\/li>\n<li><span style=\"font-weight: 400;\">Poids : 115 g&nbsp;<\/span><\/li>\n<li><span style=\"font-weight: 400;\">Contenu : 10 L&nbsp;<\/span><\/li>\n<li><span style=\"font-weight: 400;\">Avec poign\u00e9e de transport et poign\u00e9e de fixation&nbsp;<\/span><\/li>\n<li><span style=\"font-weight: 400;\">Augmente la visibilit\u00e9 en eau libre<\/span><\/li>\n<li><span style=\"font-weight: 400;\">Peut \u00eatre repli\u00e9e apr\u00e8s utilisation pour gagner de l&rsquo;espace<\/span><\/li>\n<li><span style=\"font-weight: 400;\">Ceinture r\u00e9glable jusqu&rsquo;\u00e0 122 cm de circonf\u00e9rence.<\/span><\/li>\n<li><span style=\"font-weight: 400;\">Ligne de s\u00e9curit\u00e9 de 70 cm de long pouvant \u00eatre facilement prolong\u00e9e<\/span><\/li>\n<li><span style=\"font-weight: 400;\">Facile \u00e0 gonfler gr\u00e2ce \u00e0 la valve tournante qui se ferme<\/span><\/li>\n<\/ul>\n","protected":false},"excerpt":{"rendered":"<p><span style=\"font-weight: 400;\">La BOU\u00c9E DE NATATION offre aux nageurs plus de s\u00e9curit\u00e9 en eau libre. Que ce soit pour les seniors, les nageurs occasionnels, les triathl\u00e8tes ou les nageurs d&rsquo;eau libre et de longue distance : la bou\u00e9e de natation est facilement visible par les plaisanciers et sert de dispositif de s\u00e9curit\u00e9 en cas de crampes ou d&rsquo;\u00e9vanouissement. La bou\u00e9e de natation est tir\u00e9e juste derri\u00e8re le corps pendant la brasse et le crawl. Pour les nageurs de dos, il est recommand\u00e9 d&rsquo;acheter une fine cordelette de 1 \u00e0 2 m pouvant \u00eatre achet\u00e9e en quincaillerie pour tirer la bou\u00e9e plus loin derri\u00e8re vous.<\/span><\/p>\n","protected":false},"featured_media":111778,"comment_status":"closed","ping_status":"closed","template":"","meta":{"inline_featured_image":false},"product_brand":[],"product_cat":[1435],"product_tag":[1765],"class_list":{"0":"post-111797","1":"product","2":"type-product","3":"status-publish","4":"has-post-thumbnail","6":"product_cat-camping-voyage","7":"product_tag-sport-outdoor-fr","9":"first","10":"instock","11":"taxable","12":"shipping-taxable","13":"purchasable","14":"product-type-simple"},"_links":{"self":[{"href":"https:\/\/metal-badge.ch\/fr\/wp-json\/wp\/v2\/product\/111797","targetHints":{"allow":["GET"]}}],"collection":[{"href":"https:\/\/metal-badge.ch\/fr\/wp-json\/wp\/v2\/product"}],"about":[{"href":"https:\/\/metal-badge.ch\/fr\/wp-json\/wp\/v2\/types\/product"}],"replies":[{"embeddable":true,"href":"https:\/\/metal-badge.ch\/fr\/wp-json\/wp\/v2\/comments?post=111797"}],"wp:featuredmedia":[{"embeddable":true,"href":"https:\/\/metal-badge.ch\/fr\/wp-json\/wp\/v2\/media\/111778"}],"wp:attachment":[{"href":"https:\/\/metal-badge.ch\/fr\/wp-json\/wp\/v2\/media?parent=111797"}],"wp:term":[{"taxonomy":"product_brand","embeddable":true,"href":"https:\/\/metal-badge.ch\/fr\/wp-json\/wp\/v2\/product_brand?post=111797"},{"taxonomy":"product_cat","embeddable":true,"href":"https:\/\/metal-badge.ch\/fr\/wp-json\/wp\/v2\/product_cat?post=111797"},{"taxonomy":"product_tag","embeddable":true,"href":"https:\/\/metal-badge.ch\/fr\/wp-json\/wp\/v2\/product_tag?post=111797"}],"curies":[{"name":"wp","href":"https:\/\/api.w.org\/{rel}","templated":true}]}}