{"id":111759,"date":"2021-08-13T03:35:34","date_gmt":"2021-08-13T01:35:34","guid":{"rendered":"https:\/\/shop.metal-badge.ch\/product\/111759\/pese-bagages-numerique-avec-ecran-lcd-50-kg-110-lb\/"},"modified":"2021-08-13T03:35:34","modified_gmt":"2021-08-13T01:35:34","slug":"pese-bagages-numerique-avec-ecran-lcd-50-kg-110-lb","status":"publish","type":"product","link":"https:\/\/metal-badge.ch\/fr\/product\/111759\/pese-bagages-numerique-avec-ecran-lcd-50-kg-110-lb\/","title":{"rendered":"P\u00e8se-bagages num\u00e9rique avec \u00e9cran LCD 50 kg \/ 110 lb"},"content":{"rendered":"<p><span style=\"font-weight: 400;\">Si vos valises sont faites et que vous voulez \u00eatre s\u00fbr de ne pas devoir les refaire \u00e0 l&rsquo;a\u00e9roport ou m\u00eame payer un suppl\u00e9ment, il vous faut peser votre valise le plus pr\u00e9cis\u00e9ment possible. Bien s\u00fbr, vous pouvez vous mettre avec une valise sur la balance, mais c&rsquo;est impr\u00e9cis, encombrant et \u00e9puisant. Nos <\/span><span style=\"font-weight: 400;\">p\u00e8se-bagages num\u00e9riques<\/span><span style=\"font-weight: 400;\"> sont une solution alternative bon march\u00e9.&nbsp;<\/span><\/p>\n<p><b>Informations sur le produit :&nbsp;<\/b><\/p>\n<ul>\n<li><span style=\"font-weight: 400;\">P\u00e8se-bagages num\u00e9rique WH-A14<\/span><\/li>\n<li><span style=\"font-weight: 400;\">Mati\u00e8re&nbsp;: plastique&nbsp;<\/span><\/li>\n<li><span style=\"font-weight: 400;\">Couleur : bleu<\/span><\/li>\n<li><span style=\"font-weight: 400;\">Capacit\u00e9 : 50 kg<\/span><\/li>\n<li><span style=\"font-weight: 400;\">Tranches de poids du p\u00e8se-bagages . 10 g.<\/span><\/li>\n<li><span style=\"font-weight: 400;\">Id\u00e9al pour les d\u00e9placements<\/span><\/li>\n<li><span style=\"font-weight: 400;\">R\u00e9tro-\u00e9clairage \/ fonction de tare<\/span><\/li>\n<li><span style=\"font-weight: 400;\">Manipulation simple<\/span><\/li>\n<li><span style=\"font-weight: 400;\">1 pile bouton 3 V CR 2032 incluse dans la livraison<\/span><\/li>\n<li><span style=\"font-weight: 400;\">\u00c9cran LCD \u00e9clair\u00e9<\/span><\/li>\n<li><span style=\"font-weight: 400;\">Arr\u00eat automatique<\/span><\/li>\n<li><span style=\"font-weight: 400;\">Affichage de la batterie<\/span><\/li>\n<li><span style=\"font-weight: 400;\">Indication de batterie faible et de surcharge<\/span><\/li>\n<li><span style=\"font-weight: 400;\">Commutation kg \/ lb<\/span><\/li>\n<li><span style=\"font-weight: 400;\">Poign\u00e9e ergonomique pour faciliter le pesage des bagages<\/span><\/li>\n<li><span style=\"font-weight: 400;\">Facile \u00e0 ranger gr\u00e2ce \u00e0 son design compact<\/span><\/li>\n<li><span style=\"font-weight: 400;\">Haute pr\u00e9cision de mesure 10 g.<\/span><\/li>\n<li><span style=\"font-weight: 400;\">Poign\u00e9e de transport robuste avec crochet m\u00e9tallique<\/span><\/li>\n<li><span style=\"font-weight: 400;\">Poids : 90 g. <\/span><\/li>\n<\/ul>\n","protected":false},"excerpt":{"rendered":"<p><span style=\"font-weight: 400;\">Si vos valises sont faites et que vous voulez \u00eatre s\u00fbr de ne pas devoir les refaire \u00e0 l&rsquo;a\u00e9roport ou m\u00eame payer un suppl\u00e9ment, il vous faut peser votre valise le plus pr\u00e9cis\u00e9ment possible. Bien s\u00fbr, vous pouvez vous mettre avec une valise sur la balance, mais c&rsquo;est impr\u00e9cis, encombrant et \u00e9puisant. Nos <\/span><span style=\"font-weight: 400;\">p\u00e8se-bagages num\u00e9riques<\/span><span style=\"font-weight: 400;\"> sont une solution alternative bon march\u00e9.&nbsp;<\/span><\/p>\n","protected":false},"featured_media":111748,"comment_status":"closed","ping_status":"closed","template":"","meta":{"inline_featured_image":false},"product_brand":[],"product_cat":[887,1435],"product_tag":[1777],"class_list":{"0":"post-111759","1":"product","2":"type-product","3":"status-publish","4":"has-post-thumbnail","6":"product_cat-accessoires","7":"product_cat-camping-voyage","8":"product_tag-camping-voyage","10":"first","11":"instock","12":"taxable","13":"shipping-taxable","14":"purchasable","15":"product-type-simple"},"_links":{"self":[{"href":"https:\/\/metal-badge.ch\/fr\/wp-json\/wp\/v2\/product\/111759","targetHints":{"allow":["GET"]}}],"collection":[{"href":"https:\/\/metal-badge.ch\/fr\/wp-json\/wp\/v2\/product"}],"about":[{"href":"https:\/\/metal-badge.ch\/fr\/wp-json\/wp\/v2\/types\/product"}],"replies":[{"embeddable":true,"href":"https:\/\/metal-badge.ch\/fr\/wp-json\/wp\/v2\/comments?post=111759"}],"wp:featuredmedia":[{"embeddable":true,"href":"https:\/\/metal-badge.ch\/fr\/wp-json\/wp\/v2\/media\/111748"}],"wp:attachment":[{"href":"https:\/\/metal-badge.ch\/fr\/wp-json\/wp\/v2\/media?parent=111759"}],"wp:term":[{"taxonomy":"product_brand","embeddable":true,"href":"https:\/\/metal-badge.ch\/fr\/wp-json\/wp\/v2\/product_brand?post=111759"},{"taxonomy":"product_cat","embeddable":true,"href":"https:\/\/metal-badge.ch\/fr\/wp-json\/wp\/v2\/product_cat?post=111759"},{"taxonomy":"product_tag","embeddable":true,"href":"https:\/\/metal-badge.ch\/fr\/wp-json\/wp\/v2\/product_tag?post=111759"}],"curies":[{"name":"wp","href":"https:\/\/api.w.org\/{rel}","templated":true}]}}