{"id":111667,"date":"2021-08-13T01:47:47","date_gmt":"2021-08-12T23:47:47","guid":{"rendered":"https:\/\/shop.metal-badge.ch\/product\/111667\/porte-cles-tactique-zt-54-de-zak-tool\/"},"modified":"2021-08-13T01:47:47","modified_gmt":"2021-08-12T23:47:47","slug":"porte-cles-tactique-zt-54-de-zak-tool","status":"publish","type":"product","link":"https:\/\/metal-badge.ch\/fr\/product\/111667\/porte-cles-tactique-zt-54-de-zak-tool\/","title":{"rendered":"Porte-cl\u00e9s tactique ZT 54 de ZAK Tool"},"content":{"rendered":"<p><span style=\"font-weight: 400;\">Les produits ZAK-TOOL sont con\u00e7us sp\u00e9cifiquement pour les policiers et les pompiers. Fabriqu\u00e9s aux \u00c9tats-Unis \u00e0 partir de mat\u00e9riaux de la plus haute qualit\u00e9, ces produits sont con\u00e7us pour durer. \u00c0 utiliser sur les ceintures de pantalon standard jusqu&rsquo;\u00e0 4,5 cm de large. Fabriqu\u00e9 en acier \u00e0 ressort inoxydable. Rapidement assembl\u00e9 en un instant.&nbsp;<\/span><\/p>\n<p><strong>Informations sur le produit :<\/strong><span style=\"font-weight: 400;\"><br \/>\n<\/span><\/p>\n<ul>\n<li><span style=\"font-weight: 400;\">Couleur : Noir mat<\/span><span style=\"font-weight: 400;\"><br \/>\n<\/span><\/li>\n<li><span style=\"font-weight: 400;\">Poids : 60 g<\/span><span style=\"font-weight: 400;\"><br \/>\n<\/span><\/li>\n<li><span style=\"font-weight: 400;\">Diam\u00e8tre de l\u2019anneau : 3,5 cm<\/span><span style=\"font-weight: 400;\"><br \/>\n<\/span><\/li>\n<li><span style=\"font-weight: 400;\">Dimensions : Longueur du porte-cl\u00e9s : 8,2 cm<\/span><span style=\"font-weight: 400;\"><br \/>\n<\/span><\/li>\n<li><span style=\"font-weight: 400;\">Dimensions : Largeur du porte-cl\u00e9 : 2,4 cm<\/span><span style=\"font-weight: 400;\"><br \/>\n<\/span><\/li>\n<li><span style=\"font-weight: 400;\">Mat\u00e9riau : acier inoxydable<\/span><span style=\"font-weight: 400;\"><br \/>\n<\/span><\/li>\n<li><span style=\"font-weight: 400;\">Marque : Zak Tool<\/span><span style=\"font-weight: 400;\"><br \/>\n<\/span><\/li>\n<li><span style=\"font-weight: 400;\">Mod\u00e8le&nbsp;: ZT 54<\/span><\/li>\n<\/ul>\n","protected":false},"excerpt":{"rendered":"<p><span style=\"font-weight: 400;\">Les produits ZAK-TOOL sont con\u00e7us sp\u00e9cifiquement pour les policiers et les pompiers. Fabriqu\u00e9s aux \u00c9tats-Unis \u00e0 partir de mat\u00e9riaux de la plus haute qualit\u00e9, ces produits sont con\u00e7us pour durer. \u00c0 utiliser sur les ceintures de pantalon standard jusqu&rsquo;\u00e0 4,5 cm de large. Fabriqu\u00e9 en acier \u00e0 ressort inoxydable. Rapidement assembl\u00e9 en un instant.&nbsp;<\/span><\/p>\n","protected":false},"featured_media":111648,"comment_status":"closed","ping_status":"closed","template":"","meta":{"inline_featured_image":false},"product_brand":[],"product_cat":[1463],"product_tag":[1781],"class_list":{"0":"post-111667","1":"product","2":"type-product","3":"status-publish","4":"has-post-thumbnail","6":"product_cat-menottes-bracelets-de-cheville-zak-tool","7":"product_tag-police-securite","9":"first","10":"instock","11":"taxable","12":"shipping-taxable","13":"purchasable","14":"product-type-simple"},"_links":{"self":[{"href":"https:\/\/metal-badge.ch\/fr\/wp-json\/wp\/v2\/product\/111667","targetHints":{"allow":["GET"]}}],"collection":[{"href":"https:\/\/metal-badge.ch\/fr\/wp-json\/wp\/v2\/product"}],"about":[{"href":"https:\/\/metal-badge.ch\/fr\/wp-json\/wp\/v2\/types\/product"}],"replies":[{"embeddable":true,"href":"https:\/\/metal-badge.ch\/fr\/wp-json\/wp\/v2\/comments?post=111667"}],"wp:featuredmedia":[{"embeddable":true,"href":"https:\/\/metal-badge.ch\/fr\/wp-json\/wp\/v2\/media\/111648"}],"wp:attachment":[{"href":"https:\/\/metal-badge.ch\/fr\/wp-json\/wp\/v2\/media?parent=111667"}],"wp:term":[{"taxonomy":"product_brand","embeddable":true,"href":"https:\/\/metal-badge.ch\/fr\/wp-json\/wp\/v2\/product_brand?post=111667"},{"taxonomy":"product_cat","embeddable":true,"href":"https:\/\/metal-badge.ch\/fr\/wp-json\/wp\/v2\/product_cat?post=111667"},{"taxonomy":"product_tag","embeddable":true,"href":"https:\/\/metal-badge.ch\/fr\/wp-json\/wp\/v2\/product_tag?post=111667"}],"curies":[{"name":"wp","href":"https:\/\/api.w.org\/{rel}","templated":true}]}}