{"id":111643,"date":"2021-08-13T00:43:50","date_gmt":"2021-08-12T22:43:50","guid":{"rendered":"https:\/\/shop.metal-badge.ch\/product\/111643\/streamlight-cuffmate-zt-32\/"},"modified":"2021-08-13T00:43:50","modified_gmt":"2021-08-12T22:43:50","slug":"streamlight-cuffmate-zt-32","status":"publish","type":"product","link":"https:\/\/metal-badge.ch\/fr\/product\/111643\/streamlight-cuffmate-zt-32\/","title":{"rendered":"Streamlight Cuffmate ZT 32"},"content":{"rendered":"<p><span style=\"font-weight: 400;\">Cl\u00e9 de menottes de Zak Tool avec deux LED brillantes int\u00e9gr\u00e9es, qui peuvent \u00eatre activ\u00e9es d&rsquo;une seule main et sont \u00e9quip\u00e9es de 2 piles CR2016. Les LED \u00e9clairent compl\u00e8tement les deux directions, \u00e0 l&rsquo;avant et \u00e0 l&rsquo;arri\u00e8re. La cl\u00e9 de menottes est livr\u00e9e avec un porte-cl\u00e9s en acier de 3,5 cm de diam\u00e8tre. La cl\u00e9 de menotte est compatible avec la plupart des mod\u00e8les de menottes.&nbsp;<\/span><\/p>\n<ul>\n<li style=\"font-weight: 400;\" aria-level=\"1\"><span style=\"font-weight: 400;\">Cl\u00e9 de menottes avec deux LED blanches int\u00e9gr\u00e9es.<\/span><\/li>\n<li style=\"font-weight: 400;\" aria-level=\"1\"><span style=\"font-weight: 400;\">Compatible avec la plupart des mod\u00e8les de menottes<\/span><\/li>\n<li style=\"font-weight: 400;\" aria-level=\"1\"><span style=\"font-weight: 400;\">Construction robuste<\/span><\/li>\n<li style=\"font-weight: 400;\" aria-level=\"1\"><span style=\"font-weight: 400;\">2 piles CR2016<\/span><\/li>\n<li style=\"font-weight: 400;\" aria-level=\"1\"><span style=\"font-weight: 400;\">2 LED blanches (arri\u00e8re et avant) d&rsquo;une dur\u00e9e de vie de 100 000 heures chacune<\/span><\/li>\n<li style=\"font-weight: 400;\" aria-level=\"1\"><span style=\"font-weight: 400;\">7 lumens de sortie<\/span><\/li>\n<li style=\"font-weight: 400;\" aria-level=\"1\"><span style=\"font-weight: 400;\">Dur\u00e9e de combustion de 7,5 heures<\/span><\/li>\n<li style=\"font-weight: 400;\" aria-level=\"1\"><span style=\"font-weight: 400;\">Dimensions : 8,1 cm x 2,5 cm 3,25<\/span><\/li>\n<li style=\"font-weight: 400;\" aria-level=\"1\"><span style=\"font-weight: 400;\">Poids : 16 grammes<\/span><\/li>\n<li style=\"font-weight: 400;\" aria-level=\"1\"><span style=\"font-weight: 400;\">Construction \u00e9tanche<\/span><\/li>\n<\/ul>\n","protected":false},"excerpt":{"rendered":"<p><span style=\"font-weight: 400;\">Cl\u00e9 de menottes de Zak Tool avec deux LED brillantes int\u00e9gr\u00e9es, qui peuvent \u00eatre activ\u00e9es d&rsquo;une seule main et sont \u00e9quip\u00e9es de 2 piles CR2016. Les LED \u00e9clairent compl\u00e8tement les deux directions, \u00e0 l&rsquo;avant et \u00e0 l&rsquo;arri\u00e8re. La cl\u00e9 de menottes est livr\u00e9e avec un porte-cl\u00e9s en acier de 3,5 cm de diam\u00e8tre. La cl\u00e9 de menotte est compatible avec la plupart des mod\u00e8les de menottes.&nbsp;<\/span><\/p>\n","protected":false},"featured_media":111628,"comment_status":"closed","ping_status":"closed","template":"","meta":{"inline_featured_image":false},"product_brand":[],"product_cat":[1463],"product_tag":[1781],"class_list":{"0":"post-111643","1":"product","2":"type-product","3":"status-publish","4":"has-post-thumbnail","6":"product_cat-menottes-bracelets-de-cheville-zak-tool","7":"product_tag-police-securite","9":"first","10":"outofstock","11":"taxable","12":"shipping-taxable","13":"purchasable","14":"product-type-simple"},"_links":{"self":[{"href":"https:\/\/metal-badge.ch\/fr\/wp-json\/wp\/v2\/product\/111643","targetHints":{"allow":["GET"]}}],"collection":[{"href":"https:\/\/metal-badge.ch\/fr\/wp-json\/wp\/v2\/product"}],"about":[{"href":"https:\/\/metal-badge.ch\/fr\/wp-json\/wp\/v2\/types\/product"}],"replies":[{"embeddable":true,"href":"https:\/\/metal-badge.ch\/fr\/wp-json\/wp\/v2\/comments?post=111643"}],"wp:featuredmedia":[{"embeddable":true,"href":"https:\/\/metal-badge.ch\/fr\/wp-json\/wp\/v2\/media\/111628"}],"wp:attachment":[{"href":"https:\/\/metal-badge.ch\/fr\/wp-json\/wp\/v2\/media?parent=111643"}],"wp:term":[{"taxonomy":"product_brand","embeddable":true,"href":"https:\/\/metal-badge.ch\/fr\/wp-json\/wp\/v2\/product_brand?post=111643"},{"taxonomy":"product_cat","embeddable":true,"href":"https:\/\/metal-badge.ch\/fr\/wp-json\/wp\/v2\/product_cat?post=111643"},{"taxonomy":"product_tag","embeddable":true,"href":"https:\/\/metal-badge.ch\/fr\/wp-json\/wp\/v2\/product_tag?post=111643"}],"curies":[{"name":"wp","href":"https:\/\/api.w.org\/{rel}","templated":true}]}}