{"id":111497,"date":"2021-08-12T05:41:07","date_gmt":"2021-08-12T03:41:08","guid":{"rendered":"https:\/\/shop.metal-badge.ch\/?post_type=product&#038;p=111497"},"modified":"2022-12-06T02:58:45","modified_gmt":"2022-12-06T01:58:45","slug":"echarpe-de-camouflage-a-mailles-fines-jungle-digital-echarpe-en-mailles-en-nylon","status":"publish","type":"product","link":"https:\/\/metal-badge.ch\/fr\/product\/111497\/echarpe-de-camouflage-a-mailles-fines-jungle-digital-echarpe-en-mailles-en-nylon\/","title":{"rendered":"\u00c9charpe de camouflage \u00e0 mailles fines Jungle digital  \/ \u00e9charpe en mailles en nylon"},"content":{"rendered":"<p><span style=\"font-weight: 400;\">L&rsquo;\u00e9charpe de camouflage universelle en nylon l\u00e9ger. Elle peut \u00e9galement \u00eatre coup\u00e9e sur mesure et convient donc aussi bien comme camouflage pour le visage que comme foulard ou pour couvrir des \u00e9quipements, etc.<\/span><\/p>\n<p><b>Informations sur le produit :&nbsp;<\/b><\/p>\n<ul>\n<li><span style=\"font-weight: 400;\">D\u00e9signation : \u00c9charpe de camouflage \u00e0 mailles fines&nbsp;<\/span><\/li>\n<li><span style=\"font-weight: 400;\">Mati\u00e8re&nbsp;: nylon&nbsp;&nbsp;<\/span><\/li>\n<li><span style=\"font-weight: 400;\">Couleur : Jungle digital&nbsp;&nbsp;<\/span><\/li>\n<li><span style=\"font-weight: 400;\">Poids : 66 g&nbsp;<\/span><\/li>\n<li><span style=\"font-weight: 400;\">Dimensions : 155 cm x 43 cm&nbsp;<\/span><\/li>\n<li><span style=\"font-weight: 400;\">\u00c9charpe de camouflage \u00e0 usage universel<\/span><\/li>\n<li><span style=\"font-weight: 400;\">Peut \u00eatre utilis\u00e9e comme camouflage de visage, \u00e9charpe ou pour couvrir des \u00e9l\u00e9ments d&rsquo;\u00e9quipement<\/span><\/li>\n<li><span style=\"font-weight: 400;\">Instructions d&rsquo;entretien :&nbsp;Lavage en machine \u00e0 30 \u00b0C, ne pas repasser<\/span><\/li>\n<\/ul>\n","protected":false},"excerpt":{"rendered":"<p><span style=\"font-weight: 400;\">L&rsquo;\u00e9charpe de camouflage universelle en nylon l\u00e9ger. Elle peut \u00e9galement \u00eatre coup\u00e9e sur mesure et convient donc aussi bien comme camouflage pour le visage que comme foulard ou pour couvrir des \u00e9quipements, etc.<\/span><\/p>\n","protected":false},"featured_media":111501,"comment_status":"closed","ping_status":"closed","template":"","meta":{"inline_featured_image":false},"product_brand":[],"product_cat":[1626],"product_tag":[],"class_list":{"0":"post-111497","1":"product","2":"type-product","3":"status-publish","4":"has-post-thumbnail","6":"product_cat-shemaghs-bandanas-fr","8":"first","9":"instock","10":"taxable","11":"shipping-taxable","12":"purchasable","13":"product-type-simple"},"_links":{"self":[{"href":"https:\/\/metal-badge.ch\/fr\/wp-json\/wp\/v2\/product\/111497","targetHints":{"allow":["GET"]}}],"collection":[{"href":"https:\/\/metal-badge.ch\/fr\/wp-json\/wp\/v2\/product"}],"about":[{"href":"https:\/\/metal-badge.ch\/fr\/wp-json\/wp\/v2\/types\/product"}],"replies":[{"embeddable":true,"href":"https:\/\/metal-badge.ch\/fr\/wp-json\/wp\/v2\/comments?post=111497"}],"wp:featuredmedia":[{"embeddable":true,"href":"https:\/\/metal-badge.ch\/fr\/wp-json\/wp\/v2\/media\/111501"}],"wp:attachment":[{"href":"https:\/\/metal-badge.ch\/fr\/wp-json\/wp\/v2\/media?parent=111497"}],"wp:term":[{"taxonomy":"product_brand","embeddable":true,"href":"https:\/\/metal-badge.ch\/fr\/wp-json\/wp\/v2\/product_brand?post=111497"},{"taxonomy":"product_cat","embeddable":true,"href":"https:\/\/metal-badge.ch\/fr\/wp-json\/wp\/v2\/product_cat?post=111497"},{"taxonomy":"product_tag","embeddable":true,"href":"https:\/\/metal-badge.ch\/fr\/wp-json\/wp\/v2\/product_tag?post=111497"}],"curies":[{"name":"wp","href":"https:\/\/api.w.org\/{rel}","templated":true}]}}