{"id":111352,"date":"2021-08-07T08:08:53","date_gmt":"2021-08-07T06:08:53","guid":{"rendered":"https:\/\/shop.metal-badge.ch\/product\/111352\/camera-pour-la-faune-sauvage-4g-avec-gps\/"},"modified":"2022-12-21T16:44:34","modified_gmt":"2022-12-21T15:44:34","slug":"camera-pour-la-faune-sauvage-4g-avec-gps","status":"publish","type":"product","link":"https:\/\/metal-badge.ch\/fr\/product\/111352\/camera-pour-la-faune-sauvage-4g-avec-gps\/","title":{"rendered":"Cam\u00e9ra pour la faune sauvage 4G avec GPS"},"content":{"rendered":"<p><span style=\"font-weight: 400;\">Cette cam\u00e9ra a \u00e9t\u00e9 sp\u00e9cialement con\u00e7ue pour r\u00e9pondreaux exigences \u00e9lev\u00e9es de l&rsquo;observation de la faune sauvage et la surveillance des objets. Il s&rsquo;agit d&rsquo;un pi\u00e8ge photographie moderne et puissant dot\u00e9 d&rsquo;un module GPRS int\u00e9gr\u00e9, qui envoie des photos et aussi des vid\u00e9os en option par e-mail, FTP ou MMS sur le r\u00e9seau 4G ultrarapide. Avec un angle de phrise de vue de 52 ou 100 degr\u00e9s au choix, un d\u00e9lai de d\u00e9clenchement de seulement 0,35 seconde et un flash absolument invisible, notre appareil photo fait ses preuves dans la pratique. L&rsquo;angle de prise de vue de 52\u00b0 est particuli\u00e8rement bien adapt\u00e9 \u00e0 la chasse et \u00e0 l&rsquo;observation de la faune. L&rsquo;angle de prise de vue de 100\u00b0 est particuli\u00e8rement bien adapt\u00e9 \u00e0 la surveillance d\u2019objets. Cette cam\u00e9ra sans fil 4G pour la faune sauvage a \u00e9t\u00e9 con\u00e7ue de mani\u00e8re particuli\u00e8rement robuste (IP66) et \u00e9tanche et est tr\u00e8s discr\u00e8te et facile \u00e0 cacher gr\u00e2ce \u00e0 son design de camouflage. L&rsquo;appareil ne compte pas de verrouillage SIM et peut donc \u00eatre utilis\u00e9 avec toute carte SIM avec un volume de donn\u00e9es. Le capteur infrarouge est un perfectionnement du d\u00e9tecteur de mouvement classique, qui donnait souvent de fausses alarmes en cas de vent. En plus du d\u00e9tecteur de mouvement, un capteur de chaleur est \u00e9galement install\u00e9; cette association assure beaucoup moins de faux d\u00e9clenchements dans la pratique. Le d\u00e9lai de d\u00e9clenchement n&rsquo;est que de 0,35 seconde. Les diodes infrarouges offrent un tr\u00e8s bon \u00e9clairage, m\u00eame dans l&rsquo;obscurit\u00e9 totale, jusqu&rsquo;\u00e0 20 m\u00e8tres et sont absolument compatibles avec les animaux sauvages ; m\u00eame le cerf rouge ne per\u00e7oit pas nos pi\u00e8ges potographiques. Le menu est multilingue et un grand \u00e9cran couleur assure un fonctionnement intelligent.<\/span><\/p>\n<p><b>Informations sur le produit :&nbsp;<\/b><\/p>\n<ul>\n<li style=\"font-weight: 400;\" aria-level=\"1\"><span style=\"font-weight: 400;\">Module GPRS (email, FTP, MMS)<\/span><\/li>\n<li style=\"font-weight: 400;\" aria-level=\"1\"><span style=\"font-weight: 400;\">R\u00e9seau 4G tr\u00e8s rapide<\/span><\/li>\n<li style=\"font-weight: 400;\" aria-level=\"1\"><span style=\"font-weight: 400;\">Module GPS<\/span><\/li>\n<li style=\"font-weight: 400;\" aria-level=\"1\"><span style=\"font-weight: 400;\">Plage de prise de vue plus \u00e9tendue gr\u00e2ce \u00e0 l&rsquo;objectif grand angle<\/span><\/li>\n<li style=\"font-weight: 400;\" aria-level=\"1\"><span style=\"font-weight: 400;\">Photos et vid\u00e9os tr\u00e8s nettes de jour comme de nuit<\/span><\/li>\n<li style=\"font-weight: 400;\" aria-level=\"1\"><span style=\"font-weight: 400;\">Transfert rapide de photos et de vid\u00e9os<\/span><\/li>\n<li style=\"font-weight: 400;\" aria-level=\"1\"><span style=\"font-weight: 400;\">D\u00e9lai de d\u00e9clenchement tr\u00e8s rapide de seulement 0,35 seconde<\/span><\/li>\n<li style=\"font-weight: 400;\" aria-level=\"1\"><span style=\"font-weight: 400;\">Capteur de mouvement infrarouge (mouvement + chaleur) r\u00e9duisant les fausses captures<\/span><\/li>\n<li style=\"font-weight: 400;\" aria-level=\"1\"><span style=\"font-weight: 400;\">L&rsquo;angle de prise de vue de 52\u00b0 est particuli\u00e8rement bien adapt\u00e9 \u00e0 la chasse et \u00e0 l&rsquo;observation de la faune<\/span><\/li>\n<li style=\"font-weight: 400;\" aria-level=\"1\"><span style=\"font-weight: 400;\">L&rsquo;angle de prise de vue de 100\u00b0 est particuli\u00e8rement bien adapt\u00e9 \u00e0 la surveillance d\u2019objets<\/span><\/li>\n<li style=\"font-weight: 400;\" aria-level=\"1\"><span style=\"font-weight: 400;\">Flash absolument s\u00fbr pour le gibier (\u00e9galement pour le cerf rouge)<\/span><\/li>\n<li style=\"font-weight: 400;\" aria-level=\"1\"><span style=\"font-weight: 400;\">Port\u00e9e du flash jusqu&rsquo;\u00e0 20 m\u00e8tres<\/span><\/li>\n<li style=\"font-weight: 400;\" aria-level=\"1\"><span style=\"font-weight: 400;\">Menu et mode d&#8217;emploi en allemand<\/span><\/li>\n<li style=\"font-weight: 400;\" aria-level=\"1\"><span style=\"font-weight: 400;\">24 m\u00e9ga pixels<\/span><\/li>\n<li style=\"font-weight: 400;\" aria-level=\"1\"><span style=\"font-weight: 400;\">Vid\u00e9os Full HD (1080p 30fps) avec enregistrement audio<\/span><\/li>\n<li style=\"font-weight: 400;\" aria-level=\"1\"><span style=\"font-weight: 400;\">D\u00e9lai de d\u00e9clenchement de 0,35 secondes<\/span><\/li>\n<li style=\"font-weight: 400;\" aria-level=\"1\"><span style=\"font-weight: 400;\">57 diodes infrarouges (DEL noires de 940 nm)&nbsp;<\/span><\/li>\n<li style=\"font-weight: 400;\" aria-level=\"1\"><span style=\"font-weight: 400;\">Les diodes infrarouges offrent un tr\u00e8s bon \u00e9clairage m\u00eame en pleine obscurit\u00e9 jusqu\u2019\u00e0 20 m et sont totalement compatibles avec les animaux sauvages ; m\u00eame le cerf rouge ne per\u00e7oit pas nos pi\u00e8ges photographiques.<\/span><\/li>\n<li style=\"font-weight: 400;\" aria-level=\"1\"><span style=\"font-weight: 400;\">Port\u00e9e jusqu&rsquo;\u00e0 20 m\u00e8tres ; \u00e9clairage dans l&rsquo;obscurit\u00e9<\/span><\/li>\n<li style=\"font-weight: 400;\" aria-level=\"1\"><span style=\"font-weight: 400;\">Angle d&rsquo;enregistrement de 52\u00b0 ou 100\u00b0<\/span><\/li>\n<li style=\"font-weight: 400;\" aria-level=\"1\"><span style=\"font-weight: 400;\">D\u00e9tecteur de mouvement (mouvement + chaleur)<\/span><\/li>\n<li style=\"font-weight: 400;\" aria-level=\"1\"><span style=\"font-weight: 400;\">Photo unique ou photos en s\u00e9rie (jusqu&rsquo;\u00e0 5 photos)<\/span><\/li>\n<li style=\"font-weight: 400;\" aria-level=\"1\"><span style=\"font-weight: 400;\">Acc\u00e8s \u00e0 distance<\/span><\/li>\n<li style=\"font-weight: 400;\" aria-level=\"1\"><span style=\"font-weight: 400;\">Directement par e-mail ou par t\u00e9l\u00e9phone avec la fonction MMS 4G SMTP FTP, la cam\u00e9ra peut envoyer des photos ou des vid\u00e9os \u00e0 1-4 adresses e-mail ou 1-4 t\u00e9l\u00e9phones portables pr\u00e9d\u00e9finis lorsqu&rsquo;un mouvement est d\u00e9tect\u00e9.<\/span><\/li>\n<li style=\"font-weight: 400;\" aria-level=\"1\"><span style=\"font-weight: 400;\">Possibilit\u00e9 de commande \u00e0 distance par SMS<\/span><\/li>\n<li style=\"font-weight: 400;\" aria-level=\"1\"><span style=\"font-weight: 400;\">\u00c9cran TFT de 2 pouces<\/span><\/li>\n<li style=\"font-weight: 400;\" aria-level=\"1\"><span style=\"font-weight: 400;\">Classe de protection IP 66<\/span><\/li>\n<li style=\"font-weight: 400;\" aria-level=\"1\"><span style=\"font-weight: 400;\">Sans verrouillage SIM (peut \u00eatre utilis\u00e9 avec n&rsquo;importe quelle carte SIM avec volume de donn\u00e9es)<\/span><\/li>\n<li style=\"font-weight: 400;\" aria-level=\"1\"><span style=\"font-weight: 400;\">Supporte les cartes SD jusqu&rsquo;\u00e0 32 Go (incluses dans la livraison)<\/span><\/li>\n<li style=\"font-weight: 400;\" aria-level=\"1\"><span style=\"font-weight: 400;\">12 piles mignon AA (non incluses)<\/span><\/li>\n<li style=\"font-weight: 400;\" aria-level=\"1\"><span style=\"font-weight: 400;\">Protection par mot de passe param\u00e9trable<\/span><\/li>\n<li style=\"font-weight: 400;\" aria-level=\"1\"><span style=\"font-weight: 400;\">Dimensions&nbsp;: 148 x 117 x 78 mm<\/span><\/li>\n<li style=\"font-weight: 400;\" aria-level=\"1\"><span style=\"font-weight: 400;\">Poids : 430 g.&nbsp;<\/span><\/li>\n<\/ul>\n<p><span style=\"font-weight: 400;\">En plus de la carte SD 32GB, un chargeur solaire d&rsquo;une valeur de 78.<\/span><\/p>\n","protected":false},"excerpt":{"rendered":"<p><span style=\"font-weight: 400;\">Cette cam\u00e9ra a \u00e9t\u00e9 sp\u00e9cialement con\u00e7ue pour r\u00e9pondreaux exigences \u00e9lev\u00e9es de l&rsquo;observation de la faune sauvage et la surveillance des objets. Il s&rsquo;agit d&rsquo;un pi\u00e8ge photographie moderne et puissant dot\u00e9 d&rsquo;un module GPRS int\u00e9gr\u00e9, qui envoie des photos et aussi des vid\u00e9os en option par e-mail, FTP ou MMS sur le r\u00e9seau 4G ultrarapide. Avec un angle de phrise de vue de 52 ou 100 degr\u00e9s au choix, un d\u00e9lai de d\u00e9clenchement de seulement 0,35 seconde et un flash absolument invisible, notre appareil photo fait ses preuves dans la pratique.<\/span><\/p>\n","protected":false},"featured_media":111301,"comment_status":"closed","ping_status":"closed","template":"","meta":{"inline_featured_image":false},"product_brand":[],"product_cat":[1710],"product_tag":[1773],"class_list":{"0":"post-111352","1":"product","2":"type-product","3":"status-publish","4":"has-post-thumbnail","6":"product_cat-cameras-dash-cams-fr","7":"product_tag-chasse-peche","9":"first","10":"instock","11":"taxable","12":"shipping-taxable","13":"purchasable","14":"product-type-simple"},"_links":{"self":[{"href":"https:\/\/metal-badge.ch\/fr\/wp-json\/wp\/v2\/product\/111352","targetHints":{"allow":["GET"]}}],"collection":[{"href":"https:\/\/metal-badge.ch\/fr\/wp-json\/wp\/v2\/product"}],"about":[{"href":"https:\/\/metal-badge.ch\/fr\/wp-json\/wp\/v2\/types\/product"}],"replies":[{"embeddable":true,"href":"https:\/\/metal-badge.ch\/fr\/wp-json\/wp\/v2\/comments?post=111352"}],"wp:featuredmedia":[{"embeddable":true,"href":"https:\/\/metal-badge.ch\/fr\/wp-json\/wp\/v2\/media\/111301"}],"wp:attachment":[{"href":"https:\/\/metal-badge.ch\/fr\/wp-json\/wp\/v2\/media?parent=111352"}],"wp:term":[{"taxonomy":"product_brand","embeddable":true,"href":"https:\/\/metal-badge.ch\/fr\/wp-json\/wp\/v2\/product_brand?post=111352"},{"taxonomy":"product_cat","embeddable":true,"href":"https:\/\/metal-badge.ch\/fr\/wp-json\/wp\/v2\/product_cat?post=111352"},{"taxonomy":"product_tag","embeddable":true,"href":"https:\/\/metal-badge.ch\/fr\/wp-json\/wp\/v2\/product_tag?post=111352"}],"curies":[{"name":"wp","href":"https:\/\/api.w.org\/{rel}","templated":true}]}}