{"id":111291,"date":"2021-08-05T20:33:50","date_gmt":"2021-08-05T18:33:50","guid":{"rendered":"https:\/\/shop.metal-badge.ch\/product\/111291\/echarpe-de-camouflage-echarpe-en-maille\/"},"modified":"2021-08-05T20:49:20","modified_gmt":"2021-08-05T18:49:20","slug":"echarpe-de-camouflage-echarpe-en-maille-camouflage-italien","status":"publish","type":"product","link":"https:\/\/metal-badge.ch\/fr\/product\/111291\/echarpe-de-camouflage-echarpe-en-maille-camouflage-italien\/","title":{"rendered":"\u00c9charpe de camouflage \/ \u00e9charpe en maille &#8211; camouflage italien"},"content":{"rendered":"<p><span style=\"font-weight: 400;\">L&rsquo;\u00e9charpe de camouflage universelle est dans une mati\u00e8re l\u00e9g\u00e8re. Elle peut \u00e9galement \u00eatre coup\u00e9e sur mesure et convient donc aussi bien comme camouflage pour le visage que comme foulard ou pour couvrir des \u00e9quipements, etc.<\/span><\/p>\n<p><b>Informations sur le produit :&nbsp;<\/b><\/p>\n<ul>\n<li><span style=\"font-weight: 400;\">D\u00e9signation : \u00e9charpe en filet de camouflage&nbsp;<\/span><\/li>\n<li><span style=\"font-weight: 400;\">Mati\u00e8re&nbsp;: 65 % polyester, 35 % coton&nbsp;&nbsp;<\/span><\/li>\n<li><span style=\"font-weight: 400;\">Couleur :camouflage italien<\/span><\/li>\n<li><span style=\"font-weight: 400;\">Poids : 162 g.&nbsp;<\/span><\/li>\n<li><span style=\"font-weight: 400;\">Dimensions : 190 cm x 90 cm&nbsp;<\/span><\/li>\n<li><span style=\"font-weight: 400;\">\u00c9charpe de camouflage \u00e0 usage universel<\/span><\/li>\n<li><span style=\"font-weight: 400;\">Peut \u00eatre utilis\u00e9e comme camouflage de visage, \u00e9charpe ou pour couvrir des \u00e9l\u00e9ments d&rsquo;\u00e9quipement<\/span><\/li>\n<li><span style=\"font-weight: 400;\">Instructions d&rsquo;entretien :&nbsp;Lavage en machine \u00e0 30 \u00b0C, ne pas repasser<\/span><\/li>\n<\/ul>\n","protected":false},"excerpt":{"rendered":"<p><span style=\"font-weight: 400;\">L&rsquo;\u00e9charpe de camouflage universelle est dans une mati\u00e8re l\u00e9g\u00e8re. Elle peut \u00e9galement \u00eatre coup\u00e9e sur mesure et convient donc aussi bien comme camouflage pour le visage que comme foulard ou pour couvrir des \u00e9quipements, etc.<\/span><\/p>\n","protected":false},"featured_media":111278,"comment_status":"closed","ping_status":"closed","template":"","meta":{"inline_featured_image":false},"product_brand":[],"product_cat":[1626],"product_tag":[],"class_list":{"0":"post-111291","1":"product","2":"type-product","3":"status-publish","4":"has-post-thumbnail","6":"product_cat-shemaghs-bandanas-fr","8":"first","9":"instock","10":"taxable","11":"shipping-taxable","12":"purchasable","13":"product-type-simple"},"_links":{"self":[{"href":"https:\/\/metal-badge.ch\/fr\/wp-json\/wp\/v2\/product\/111291","targetHints":{"allow":["GET"]}}],"collection":[{"href":"https:\/\/metal-badge.ch\/fr\/wp-json\/wp\/v2\/product"}],"about":[{"href":"https:\/\/metal-badge.ch\/fr\/wp-json\/wp\/v2\/types\/product"}],"replies":[{"embeddable":true,"href":"https:\/\/metal-badge.ch\/fr\/wp-json\/wp\/v2\/comments?post=111291"}],"wp:featuredmedia":[{"embeddable":true,"href":"https:\/\/metal-badge.ch\/fr\/wp-json\/wp\/v2\/media\/111278"}],"wp:attachment":[{"href":"https:\/\/metal-badge.ch\/fr\/wp-json\/wp\/v2\/media?parent=111291"}],"wp:term":[{"taxonomy":"product_brand","embeddable":true,"href":"https:\/\/metal-badge.ch\/fr\/wp-json\/wp\/v2\/product_brand?post=111291"},{"taxonomy":"product_cat","embeddable":true,"href":"https:\/\/metal-badge.ch\/fr\/wp-json\/wp\/v2\/product_cat?post=111291"},{"taxonomy":"product_tag","embeddable":true,"href":"https:\/\/metal-badge.ch\/fr\/wp-json\/wp\/v2\/product_tag?post=111291"}],"curies":[{"name":"wp","href":"https:\/\/api.w.org\/{rel}","templated":true}]}}