{"id":111119,"date":"2021-08-05T00:02:56","date_gmt":"2021-08-04T22:02:57","guid":{"rendered":"https:\/\/shop.metal-badge.ch\/?post_type=product&#038;p=111119"},"modified":"2024-07-25T07:32:06","modified_gmt":"2024-07-25T05:32:06","slug":"couteau-de-plongee-poseidon-avec-etui-noir-vert","status":"publish","type":"product","link":"https:\/\/metal-badge.ch\/fr\/product\/111119\/couteau-de-plongee-poseidon-avec-etui-noir-vert\/","title":{"rendered":"Couteau de plong\u00e9e, \u00ab Pos\u00e9idon \u00bb avec \u00e9tui, noir \/ vert"},"content":{"rendered":"<p><span style=\"font-weight: 400;\">Couteau de plong\u00e9e Pos\u00e9idon. Ce couteau a \u00e9t\u00e9 sp\u00e9cialement d\u00e9velopp\u00e9 pour les besoins de l&rsquo;utilisation sous-marine. Le manche en plastique est dot\u00e9 d&rsquo;un bouton en m\u00e9tal qui peut \u00eatre utilis\u00e9 comme outil de choc ou d&rsquo;impact. La lame est en acier inoxydable et est \u00e9quip\u00e9e d&rsquo;un tranchant d&rsquo;un c\u00f4t\u00e9 et d&rsquo;une lame de l&rsquo;autre. Le couteau de plong\u00e9e se verrouille dans l\u2019\u00e9tui en plastique fourni gr\u00e2ce \u00e0 un m\u00e9canisme de s\u00e9curit\u00e9. En outre, des sangles de fixation en caoutchouc sont incluses dans la livraison. Les deux sangles en caoutchouc sont r\u00e9glables et peuvent \u00eatre attach\u00e9es sur le bras ou la jambe avec l\u2019\u00e9tui.&nbsp;<\/span><\/p>\n<p><b>Informations sur le produit :&nbsp;<\/b><\/p>\n<ul>\n<li><span style=\"font-weight: 400;\">D\u00e9signation : Couteau de plong\u00e9e Pos\u00e9idon&nbsp;<\/span><\/li>\n<li><span style=\"font-weight: 400;\">Poids couteau : 200 g.&nbsp;<\/span><\/li>\n<li><span style=\"font-weight: 400;\">Poids couteau avec \u00e9tui : 264 g.<\/span><\/li>\n<li><span style=\"font-weight: 400;\">Couleur : noir \/ vert <\/span><\/li>\n<li><span style=\"font-weight: 400;\">Mat\u00e9riau poign\u00e9e : plastique<\/span><\/li>\n<li><span style=\"font-weight: 400;\">Mat\u00e9riau de la lame : acier inoxydable 420<\/span><\/li>\n<li><span style=\"font-weight: 400;\">Lame conique et lame de scie tranchante d&rsquo;un c\u00f4t\u00e9.<\/span><\/li>\n<li><span style=\"font-weight: 400;\">Longueur totale : 25 cm&nbsp;<\/span><\/li>\n<li><span style=\"font-weight: 400;\">Longueur de la lame : 12,5 cm<\/span><\/li>\n<li><span style=\"font-weight: 400;\">S\u00e9curit\u00e9 pour l\u2019\u00e9tui du couteau<\/span><\/li>\n<li><span style=\"font-weight: 400;\">Mat\u00e9riau \u00e9tui : plastique<\/span><\/li>\n<li><span style=\"font-weight: 400;\">sangles \u00e9lastiques facilement r\u00e9glables avec boucle<\/span><\/li>\n<li><span style=\"font-weight: 400;\">poign\u00e9e ergonomique&nbsp;<\/span><\/li>\n<\/ul>\n","protected":false},"excerpt":{"rendered":"<p><span style=\"font-weight: 400;\">Couteau de plong\u00e9e Pos\u00e9idon. Ce couteau a \u00e9t\u00e9 sp\u00e9cialement d\u00e9velopp\u00e9 pour les besoins de l&rsquo;utilisation sous-marine. Le manche en plastique est dot\u00e9 d&rsquo;un bouton en m\u00e9tal qui peut \u00eatre utilis\u00e9 comme outil de choc ou d&rsquo;impact. La lame est en acier inoxydable et est \u00e9quip\u00e9e d&rsquo;un tranchant d&rsquo;un c\u00f4t\u00e9 et d&rsquo;une lame de l&rsquo;autre. Le couteau de plong\u00e9e se verrouille dans l\u2019\u00e9tui en plastique fourni gr\u00e2ce \u00e0 un m\u00e9canisme de s\u00e9curit\u00e9. En outre, des sangles de fixation en caoutchouc sont incluses dans la livraison. Les deux sangles en caoutchouc sont r\u00e9glables et peuvent \u00eatre attach\u00e9es sur le bras ou la jambe avec l\u2019\u00e9tui.<\/span><\/p>\n","protected":false},"featured_media":111123,"comment_status":"closed","ping_status":"closed","template":"","meta":{"inline_featured_image":false},"product_brand":[],"product_cat":[1035],"product_tag":[],"class_list":{"0":"post-111119","1":"product","2":"type-product","3":"status-publish","4":"has-post-thumbnail","6":"product_cat-couteaux-machettes","8":"first","9":"instock","10":"taxable","11":"shipping-taxable","12":"purchasable","13":"product-type-simple"},"_links":{"self":[{"href":"https:\/\/metal-badge.ch\/fr\/wp-json\/wp\/v2\/product\/111119","targetHints":{"allow":["GET"]}}],"collection":[{"href":"https:\/\/metal-badge.ch\/fr\/wp-json\/wp\/v2\/product"}],"about":[{"href":"https:\/\/metal-badge.ch\/fr\/wp-json\/wp\/v2\/types\/product"}],"replies":[{"embeddable":true,"href":"https:\/\/metal-badge.ch\/fr\/wp-json\/wp\/v2\/comments?post=111119"}],"wp:featuredmedia":[{"embeddable":true,"href":"https:\/\/metal-badge.ch\/fr\/wp-json\/wp\/v2\/media\/111123"}],"wp:attachment":[{"href":"https:\/\/metal-badge.ch\/fr\/wp-json\/wp\/v2\/media?parent=111119"}],"wp:term":[{"taxonomy":"product_brand","embeddable":true,"href":"https:\/\/metal-badge.ch\/fr\/wp-json\/wp\/v2\/product_brand?post=111119"},{"taxonomy":"product_cat","embeddable":true,"href":"https:\/\/metal-badge.ch\/fr\/wp-json\/wp\/v2\/product_cat?post=111119"},{"taxonomy":"product_tag","embeddable":true,"href":"https:\/\/metal-badge.ch\/fr\/wp-json\/wp\/v2\/product_tag?post=111119"}],"curies":[{"name":"wp","href":"https:\/\/api.w.org\/{rel}","templated":true}]}}