{"id":111042,"date":"2021-08-04T17:57:59","date_gmt":"2021-08-04T15:57:59","guid":{"rendered":"https:\/\/shop.metal-badge.ch\/product\/111042\/brancard-de-premiers-secours-brancard-durgence-pliable\/"},"modified":"2025-02-10T21:48:24","modified_gmt":"2025-02-10T20:48:24","slug":"brancard-de-premiers-secours-brancard-durgence-pliable","status":"publish","type":"product","link":"https:\/\/metal-badge.ch\/fr\/product\/111042\/brancard-de-premiers-secours-brancard-durgence-pliable\/","title":{"rendered":"Brancard de premiers secours \/ brancard d&rsquo;urgence pliable"},"content":{"rendered":"<p><span style=\"font-weight: 400;\">Brancard l\u00e9ger et pliable pour un transport s\u00fbr en cas d&rsquo;urgence. La civi\u00e8re d&rsquo;urgence n&rsquo;a qu&rsquo;un faible poids propre, des poign\u00e9es de transport confortables et des sangles de s\u00e9curit\u00e9 pour fixer le patient ou la personne bless\u00e9e de mani\u00e8re fiable sur la civi\u00e8re. Une fois pli\u00e9e, la civi\u00e8re prend tr\u00e8s peu de place et peut \u00eatre rang\u00e9e tr\u00e8s facilement, elle s&rsquo;int\u00e8gre parfaitement dans les v\u00e9hicules et les armoires de premiers secours. Lors de son utilisation, la civi\u00e8re de premiers secours peut \u00eatre d\u00e9pli\u00e9e en quelques secondes et est rapidement pr\u00eate \u00e0 servir.<\/span><\/p>\n<p><b>Informations sur le produit :&nbsp;<\/b><\/p>\n<ul>\n<li><span style=\"font-weight: 400;\">D\u00e9signation : Brancard pliable en aluminium YXH-1F2<\/span><\/li>\n<li><span style=\"font-weight: 400;\">Avec sac de transport<\/span><\/li>\n<li><span style=\"font-weight: 400;\">Petite taille de rangement \/ pliage<\/span><\/li>\n<li><span style=\"font-weight: 400;\">Brancard avec cadre de base en alliage l\u00e9ger d&rsquo;aluminium<\/span><\/li>\n<li><span style=\"font-weight: 400;\">Charni\u00e8res solides en acier verrouillables qui se replient<\/span><\/li>\n<li><span style=\"font-weight: 400;\">2 sangles de s\u00e9curit\u00e9 r\u00e9glables pour les patients avec boucles \u00e0 d\u00e9clenchement rapide<\/span><\/li>\n<li><span style=\"font-weight: 400;\">4 pieds de 10 cm de haut<\/span><\/li>\n<li><span style=\"font-weight: 400;\">Poign\u00e9es confortables et robustes en caoutchouc&nbsp;<\/span><\/li>\n<li><span style=\"font-weight: 400;\">Mat\u00e9riau de couverture : tissu oxford robuste<\/span><\/li>\n<li><span style=\"font-weight: 400;\">Poids total avec sac : 6,5 kg&nbsp;<\/span><\/li>\n<li><span style=\"font-weight: 400;\">Poids du brancard : 5,0 kg&nbsp;<\/span><\/li>\n<li><span style=\"font-weight: 400;\">Couleur du rev\u00eatement : vert&nbsp;<\/span><\/li>\n<li><span style=\"font-weight: 400;\">d\u00e9sinfectable, facile d\u2019entretien<\/span><\/li>\n<li><span style=\"font-weight: 400;\">Dimensions pli\u00e9 : longueur 62 cm x largeur 13 cm x hauteur 25 cm&nbsp;<\/span><\/li>\n<li><span style=\"font-weight: 400;\">Dimensions d\u00e9pli\u00e9 : longueur 2,15 m x largeur 25 cm&nbsp;<\/span><\/li>\n<li><span style=\"font-weight: 400;\">Hauteur des pieds : 10 cm&nbsp;<\/span><\/li>\n<li><span style=\"font-weight: 400;\">Charge max. : 170 kg&nbsp; <\/span><\/li>\n<\/ul>\n","protected":false},"excerpt":{"rendered":"<p><span style=\"font-weight: 400;\">Brancard l\u00e9ger et pliable pour un transport s\u00fbr en cas d&rsquo;urgence. La civi\u00e8re d&rsquo;urgence n&rsquo;a qu&rsquo;un faible poids propre, des poign\u00e9es de transport confortables et des sangles de s\u00e9curit\u00e9 pour fixer le patient ou la personne bless\u00e9e de mani\u00e8re fiable sur la civi\u00e8re. Une fois pli\u00e9e, la civi\u00e8re prend tr\u00e8s peu de place et peut \u00eatre rang\u00e9e tr\u00e8s facilement, elle s&rsquo;int\u00e8gre parfaitement dans les v\u00e9hicules et les armoires de premiers secours. Lors de son utilisation, la civi\u00e8re de premiers secours peut \u00eatre d\u00e9pli\u00e9e en quelques secondes et est rapidement pr\u00eate \u00e0 servir.<\/span><\/p>\n","protected":false},"featured_media":111360,"comment_status":"closed","ping_status":"closed","template":"","meta":{"inline_featured_image":false},"product_brand":[],"product_cat":[1946],"product_tag":[1785],"class_list":{"0":"post-111042","1":"product","2":"type-product","3":"status-publish","4":"has-post-thumbnail","6":"product_cat-organisations-lumiere-bleue-securite","7":"product_tag-premiers-secours-sauvetage","8":"product_shipping_class-objets-encombrants","10":"first","11":"instock","12":"taxable","13":"shipping-taxable","14":"purchasable","15":"product-type-simple"},"_links":{"self":[{"href":"https:\/\/metal-badge.ch\/fr\/wp-json\/wp\/v2\/product\/111042","targetHints":{"allow":["GET"]}}],"collection":[{"href":"https:\/\/metal-badge.ch\/fr\/wp-json\/wp\/v2\/product"}],"about":[{"href":"https:\/\/metal-badge.ch\/fr\/wp-json\/wp\/v2\/types\/product"}],"replies":[{"embeddable":true,"href":"https:\/\/metal-badge.ch\/fr\/wp-json\/wp\/v2\/comments?post=111042"}],"wp:featuredmedia":[{"embeddable":true,"href":"https:\/\/metal-badge.ch\/fr\/wp-json\/wp\/v2\/media\/111360"}],"wp:attachment":[{"href":"https:\/\/metal-badge.ch\/fr\/wp-json\/wp\/v2\/media?parent=111042"}],"wp:term":[{"taxonomy":"product_brand","embeddable":true,"href":"https:\/\/metal-badge.ch\/fr\/wp-json\/wp\/v2\/product_brand?post=111042"},{"taxonomy":"product_cat","embeddable":true,"href":"https:\/\/metal-badge.ch\/fr\/wp-json\/wp\/v2\/product_cat?post=111042"},{"taxonomy":"product_tag","embeddable":true,"href":"https:\/\/metal-badge.ch\/fr\/wp-json\/wp\/v2\/product_tag?post=111042"}],"curies":[{"name":"wp","href":"https:\/\/api.w.org\/{rel}","templated":true}]}}