{"id":111006,"date":"2021-08-04T04:20:23","date_gmt":"2021-08-04T02:20:23","guid":{"rendered":"https:\/\/shop.metal-badge.ch\/product\/111006\/panneau-solaire-avec-batterie-integree-pour-les-cameras-pour-la-faune-sauvage-et-autres-appareils-electroniques-12-v\/"},"modified":"2021-08-15T00:47:04","modified_gmt":"2021-08-14T22:47:04","slug":"panneau-solaire-avec-batterie-integree-pour-les-cameras-pour-la-faune-sauvage-et-autres-appareils-electroniques-12-v","status":"publish","type":"product","link":"https:\/\/metal-badge.ch\/fr\/product\/111006\/panneau-solaire-avec-batterie-integree-pour-les-cameras-pour-la-faune-sauvage-et-autres-appareils-electroniques-12-v\/","title":{"rendered":"Panneau solaire avec batterie int\u00e9gr\u00e9e pour les cam\u00e9ras pour la faune sauvage et autres appareils \u00e9lectroniques 12 V"},"content":{"rendered":"<p><b>Alimentation permanente pour vos cam\u00e9ras de jeu et de surveillance<\/b><\/p>\n<p><span style=\"font-weight: 400;\">Les cam\u00e9ras de surveillance de la faune consomment peu d&rsquo;\u00e9nergie, mais les piles doivent \u00eatre remplac\u00e9es au bout d&rsquo;un certain temps. Si votre cam\u00e9ra est plac\u00e9e pr\u00e8s d&rsquo;une prise de courant, vous avez la possibilit\u00e9 de connecter la cam\u00e9ra avec une alimentation \u00e9lectrique. Cependant, cette possibilit\u00e9 n&rsquo;existe pas dans la nature.<\/span><\/p>\n<p><span style=\"font-weight: 400;\">C&rsquo;est exactement pour ce cas que nous avons le chargeur solaire appropri\u00e9. Il offre une alimentation \u00e9lectrique totalement ind\u00e9pendante, que vous placiez votre cam\u00e9ra dans le jardin ou dans la for\u00eat. Un fonctionnement permanent est possible gr\u00e2ce au panneau solaire.<\/span><\/p>\n<p><span style=\"font-weight: 400;\">La lumi\u00e8re du soleil est convertie en \u00e9nergie \u00e9lectrique dans les cellules solaires. Comme la puissance produite est sup\u00e9rieure aux besoins de la cam\u00e9ra, une batterie dans laquelle l&rsquo;\u00e9nergie est stock\u00e9e est install\u00e9e. La nuit, la batterie prend le relais. Cela garantit une surveillance ininterrompue, m\u00eame dans l&rsquo;obscurit\u00e9.<\/span><\/p>\n<p><b>Montage libre :<\/b><\/p>\n<p><span style=\"font-weight: 400;\">Le panneau solaire peut \u00eatre mont\u00e9 sur des surfaces planes avec le support inclus. Le bras du support est flexible, ce qui vous permet d&rsquo;orienter la surface photovolta\u00efque vers le soleil. En outre, le chargeur solaire poss\u00e8de des filets sur le dessous et l&rsquo;arri\u00e8re auxquels vous pouvez visser des tr\u00e9pieds courants. Cela offre encore plus d&rsquo;options pour le placement du chargeur solaire.<\/span><\/p>\n<p><span style=\"font-weight: 400;\">Si la cam\u00e9ra de chasse est suspendue dans un endroit o\u00f9 la lumi\u00e8re du soleil est faible, le chargeur solaire peut encore \u00eatre utilis\u00e9. Gr\u00e2ce au c\u00e2ble de connexion de 5 m\u00e8tres de long, vous pouvez choisir un endroit ensoleill\u00e9 pour le chargeur solaire.<\/span><\/p>\n<p><b>Peut \u00e9galement \u00eatre utilis\u00e9 pour d&rsquo;autres cam\u00e9ras pour la faune et dispositifs.<\/b><\/p>\n<p><span style=\"font-weight: 400;\">Le chargeur solaire est compatible avec tous les mod\u00e8les de smart-cam. En outre, vous pouvez l&rsquo;utiliser pour tout autre appareil \u00e0 borne 12 V dot\u00e9 d&rsquo;une fiche creuse appropri\u00e9e (diam\u00e8tre ext\u00e9rieur 4 mm + diam\u00e8tre int\u00e9rieur 1,7 mm).<\/span><\/p>\n<p><b>Informations sur le produit :&nbsp;<\/b><\/p>\n<ul>\n<li><span style=\"font-weight: 400;\">Batterie int\u00e9gr\u00e9e li-ion : 2*18650, 1600 mAH<\/span><\/li>\n<li><span style=\"font-weight: 400;\">Puissance de sortie maximale du module solaire : 2 W<\/span><\/li>\n<li><span style=\"font-weight: 400;\">Tension de sortie : 12 V<\/span><\/li>\n<li><span style=\"font-weight: 400;\">Courant de sortie maximum : 1600 mA<\/span><\/li>\n<li><span style=\"font-weight: 400;\">Fixation : Courroie \/ tr\u00e9pied<\/span><\/li>\n<li><span style=\"font-weight: 400;\">Manipulation facile&nbsp;<\/span><\/li>\n<li><span style=\"font-weight: 400;\">\u00c9tanche : IP54<\/span><\/li>\n<li><span style=\"font-weight: 400;\">Montage libre<\/span><\/li>\n<li><span style=\"font-weight: 400;\">Temp\u00e9rature de fonctionnement : 30~70 \u00b0C<\/span><\/li>\n<li><span style=\"font-weight: 400;\">Humidit\u00e9 de l\u2019air pendant le fonctionnement : 5-95&nbsp;%.<\/span><\/li>\n<li><span style=\"font-weight: 400;\">3-4 heures pour une charge compl\u00e8te en courant continu<\/span><\/li>\n<li><span style=\"font-weight: 400;\">Assez pour 6000 photos de nuit avec la LED IR allum\u00e9e.<\/span><\/li>\n<li><span style=\"font-weight: 400;\">Profondeur : 0,03 m, largeur : 0,14 m, hauteur : 0,155 m &#8211; Batterie Li-Ion de 1500 mAh int\u00e9gr\u00e9e &#8211; \u00c9galement compatible avec d&rsquo;autres appareils dot\u00e9s d&rsquo;une connexion 12 volts ad\u00e9quate &#8211; Prot\u00e9g\u00e9 selon la norme IP54 &#8211; \u00c9tanche \u00e0 la poussi\u00e8re et aux \u00e9claboussures &#8211; Les articulations mobiles du support orientent le panneau vers le soleil &#8211; Support d&rsquo;alignement inclus<\/span><\/li>\n<li><span style=\"font-weight: 400;\">Poids : 380 g&nbsp;<\/span><\/li>\n<li><span style=\"font-weight: 400;\">Dimensions : 141 mm x 158 mm x 29 mm<\/span><\/li>\n<li><span style=\"font-weight: 400;\">Contenu : Panneau solaire avec courroie \/ tr\u00e9pied, pied \/ c\u00e2ble de connexion \/ fiche<\/span><\/li>\n<\/ul>\n","protected":false},"excerpt":{"rendered":"<p><b>Alimentation permanente pour vos cam\u00e9ras de jeu et de surveillance<\/b><\/p>\n<p><span style=\"font-weight: 400;\">Les cam\u00e9ras de surveillance de la faune consomment peu d&rsquo;\u00e9nergie, mais les piles doivent \u00eatre remplac\u00e9es au bout d&rsquo;un certain temps. Si votre cam\u00e9ra est plac\u00e9e pr\u00e8s d&rsquo;une prise de courant, vous avez la possibilit\u00e9 de connecter la cam\u00e9ra avec une alimentation \u00e9lectrique. Cependant, cette possibilit\u00e9 n&rsquo;existe pas dans la nature.<\/span><\/p>\n","protected":false},"featured_media":110981,"comment_status":"closed","ping_status":"closed","template":"","meta":{"inline_featured_image":false},"product_brand":[],"product_cat":[1710],"product_tag":[1773],"class_list":{"0":"post-111006","1":"product","2":"type-product","3":"status-publish","4":"has-post-thumbnail","6":"product_cat-cameras-dash-cams-fr","7":"product_tag-chasse-peche","9":"first","10":"instock","11":"taxable","12":"shipping-taxable","13":"purchasable","14":"product-type-simple"},"_links":{"self":[{"href":"https:\/\/metal-badge.ch\/fr\/wp-json\/wp\/v2\/product\/111006","targetHints":{"allow":["GET"]}}],"collection":[{"href":"https:\/\/metal-badge.ch\/fr\/wp-json\/wp\/v2\/product"}],"about":[{"href":"https:\/\/metal-badge.ch\/fr\/wp-json\/wp\/v2\/types\/product"}],"replies":[{"embeddable":true,"href":"https:\/\/metal-badge.ch\/fr\/wp-json\/wp\/v2\/comments?post=111006"}],"wp:featuredmedia":[{"embeddable":true,"href":"https:\/\/metal-badge.ch\/fr\/wp-json\/wp\/v2\/media\/110981"}],"wp:attachment":[{"href":"https:\/\/metal-badge.ch\/fr\/wp-json\/wp\/v2\/media?parent=111006"}],"wp:term":[{"taxonomy":"product_brand","embeddable":true,"href":"https:\/\/metal-badge.ch\/fr\/wp-json\/wp\/v2\/product_brand?post=111006"},{"taxonomy":"product_cat","embeddable":true,"href":"https:\/\/metal-badge.ch\/fr\/wp-json\/wp\/v2\/product_cat?post=111006"},{"taxonomy":"product_tag","embeddable":true,"href":"https:\/\/metal-badge.ch\/fr\/wp-json\/wp\/v2\/product_tag?post=111006"}],"curies":[{"name":"wp","href":"https:\/\/api.w.org\/{rel}","templated":true}]}}