{"id":110914,"date":"2021-07-31T22:06:15","date_gmt":"2021-07-31T20:06:15","guid":{"rendered":"https:\/\/shop.metal-badge.ch\/?post_type=product&#038;p=110914"},"modified":"2025-12-14T17:32:57","modified_gmt":"2025-12-14T16:32:57","slug":"coffre-fort-biometrique-pour-armes-courtes-coffre-fort-a-empreinte-digitale-os500k","status":"publish","type":"product","link":"https:\/\/metal-badge.ch\/fr\/product\/110914\/coffre-fort-biometrique-pour-armes-courtes-coffre-fort-a-empreinte-digitale-os500k\/","title":{"rendered":"Coffre-fort biom\u00e9trique pour armes courtes \/ coffre-fort \u00e0 empreinte digitale OS500K"},"content":{"rendered":"<p><span style=\"font-weight: 400;\">Ce coffre-fort biom\u00e9trique vous permet d&rsquo;acc\u00e9der rapidement et facilement \u00e0 votre arme \u00e0 feu.&nbsp;Il suffit de votre empreinte digitale pour ouvrir le coffre.&nbsp;Plus besoin de chercher des cl\u00e9s ou de saisir des codes.&nbsp;<\/span><\/p>\n<p><span style=\"font-weight: 400;\">Cette bo\u00eete de s\u00e9curit\u00e9 avec scanner d&#8217;empreintes digitales prot\u00e8ge les documents importants, les bijoux, l&rsquo;argent liquide, le pistolet, etc. de mani\u00e8re plus fiable qu&rsquo;aucune autre bo\u00eete.<\/span><\/p>\n<p><span style=\"font-weight: 400;\">Gardez vos objets de valeur \u00e0 l&rsquo;abri des voleurs ou d&rsquo;autres personnes non autoris\u00e9es. Sans l&#8217;empreinte digitale correspondante, personne ne peut acc\u00e9der au contenu de ce coffre.<\/span><\/p>\n<p><span style=\"font-weight: 400;\">Vous n&rsquo;avez pas besoin de vous souvenir d&rsquo;un num\u00e9ro de s\u00e9curit\u00e9, ni de porter une cl\u00e9 sur vous, votre empreinte digitale suffit : pourtant, ce coffre est plus s\u00fbre que toutes les autres ! Chaque personne a une empreinte digitale unique ; seules les personnes dont les empreintes digitales ont \u00e9t\u00e9 stock\u00e9es au pr\u00e9alable peuvent ouvrir la bo\u00eete. Il suffit de poser le doigt sur le scanner et en moins d&rsquo;une seconde, le coffre est ouvert.<\/span><\/p>\n<p><b>Informations sur le produit :<\/b><\/p>\n<ul>\n<li style=\"font-weight: 400;\" aria-level=\"1\"><span style=\"font-weight: 400;\">Bo\u00eete solide en acier avec lecteur d&#8217;empreintes digitales OS500K<\/span><\/li>\n<li style=\"font-weight: 400;\" aria-level=\"1\"><span style=\"font-weight: 400;\">La bo\u00eete en acier de 100 cm de long peut \u00eatre combin\u00e9e et g\u00e9r\u00e9e avec d&rsquo;autres objets, que ce soit dans un magasin ou dans une voiture.<\/span><\/li>\n<li style=\"font-weight: 400;\" aria-level=\"1\"><span style=\"font-weight: 400;\">La bo\u00eete peut m\u00e9moriser jusqu&rsquo;\u00e0 120 empreintes digitales.<\/span><\/li>\n<li style=\"font-weight: 400;\" aria-level=\"1\"><span style=\"font-weight: 400;\">Prot\u00e9gez vos objets de valeur \u00e0 la maison, dans votre voiture, au restaurant ou \u00e0 l&rsquo;h\u00f4tel.&nbsp;<\/span><\/li>\n<li style=\"font-weight: 400;\" aria-level=\"1\"><span style=\"font-weight: 400;\">Manipulation simple.&nbsp;<\/span><\/li>\n<li style=\"font-weight: 400;\" aria-level=\"1\"><span style=\"font-weight: 400;\">Couleur : bleu<\/span><\/li>\n<li style=\"font-weight: 400;\" aria-level=\"1\"><span style=\"font-weight: 400;\">Poids : 2200 g sans batterie<\/span><\/li>\n<li style=\"font-weight: 400;\" aria-level=\"1\"><span style=\"font-weight: 400;\">R\u00e9solution biom\u00e9trique : 500 DPI<\/span><\/li>\n<li style=\"font-weight: 400;\" aria-level=\"1\"><span style=\"font-weight: 400;\">D\u00e9lai de reconnaissance des empreintes digitales : moins d&rsquo;une seconde<\/span><\/li>\n<li style=\"font-weight: 400;\" aria-level=\"1\"><span style=\"font-weight: 400;\">Probabilit\u00e9 de rejet si l&#8217;empreinte digitale est correcte : max. 0,01 %.<\/span><\/li>\n<li style=\"font-weight: 400;\" aria-level=\"1\"><span style=\"font-weight: 400;\">Probabilit\u00e9 qu&rsquo;une empreinte digitale erron\u00e9e conduise \u00e0 une ouverture : 0,0001 % maximum.<\/span><\/li>\n<li style=\"font-weight: 400;\" aria-level=\"1\"><span style=\"font-weight: 400;\">Alimentation \u00e9lectrique : 4 piles AA (non incluses)<\/span><\/li>\n<li style=\"font-weight: 400;\" aria-level=\"1\"><span style=\"font-weight: 400;\">Dimensions : 270 x 189 x 50 (mm)<\/span><\/li>\n<li style=\"font-weight: 400;\" aria-level=\"1\"><span style=\"font-weight: 400;\">Lorsque les piles sont vides, le bo\u00eetier peut \u00eatre ouvert \u00e0 l&rsquo;aide de la cl\u00e9 de secours.<\/span><\/li>\n<li style=\"font-weight: 400;\" aria-level=\"1\"><span style=\"font-weight: 400;\">Les empreintes digitales stock\u00e9es ne sont pas perdues lors du changement de piles.<\/span><\/li>\n<li style=\"font-weight: 400;\" aria-level=\"1\"><span style=\"font-weight: 400;\">Alarme de tension faible de la batterie<\/span><\/li>\n<li style=\"font-weight: 400;\" aria-level=\"1\"><span style=\"font-weight: 400;\">2 cl\u00e9s de secours sont incluses dans la livraison, veuillez toujours les garder \u00e0 l&rsquo;ext\u00e9rieur de la cassette.<\/span><\/li>\n<li style=\"font-weight: 400;\" aria-level=\"1\"><span style=\"font-weight: 400;\">C\u00e2ble de s\u00e9curit\u00e9&nbsp; en acier inclus, r\u00e9sistant \u00e0 une charge de 681 kg.<\/span><\/li>\n<\/ul>\n<p><b>Caract\u00e9ristiques<\/b><\/p>\n<p><span style=\"font-weight: 400;\">D\u00e9verrouillage par empreinte digitale ou avec les cl\u00e9s incluses. Les piles sont n\u00e9cessaires pour scanner l&#8217;empreinte digitale.<\/span><\/p>\n","protected":false},"excerpt":{"rendered":"<p><span style=\"font-weight: 400;\">Ce coffre-fort biom\u00e9trique vous permet d&rsquo;acc\u00e9der rapidement et facilement \u00e0 votre arme \u00e0 feu.&nbsp;Il suffit de votre empreinte digitale pour ouvrir le coffre.&nbsp;Plus besoin de chercher des cl\u00e9s ou de saisir des codes.&nbsp;<\/span><\/p>\n","protected":false},"featured_media":110918,"comment_status":"closed","ping_status":"closed","template":"","meta":{"inline_featured_image":false},"product_brand":[],"product_cat":[1435,2554],"product_tag":[1781],"class_list":{"0":"post-110914","1":"product","2":"type-product","3":"status-publish","4":"has-post-thumbnail","6":"product_cat-camping-voyage","7":"product_cat-coffre-fort-pour-armes-a-feu-cadenas-coffre-fort","8":"product_tag-police-securite","10":"first","11":"instock","12":"taxable","13":"shipping-taxable","14":"purchasable","15":"product-type-simple"},"_links":{"self":[{"href":"https:\/\/metal-badge.ch\/fr\/wp-json\/wp\/v2\/product\/110914","targetHints":{"allow":["GET"]}}],"collection":[{"href":"https:\/\/metal-badge.ch\/fr\/wp-json\/wp\/v2\/product"}],"about":[{"href":"https:\/\/metal-badge.ch\/fr\/wp-json\/wp\/v2\/types\/product"}],"replies":[{"embeddable":true,"href":"https:\/\/metal-badge.ch\/fr\/wp-json\/wp\/v2\/comments?post=110914"}],"wp:featuredmedia":[{"embeddable":true,"href":"https:\/\/metal-badge.ch\/fr\/wp-json\/wp\/v2\/media\/110918"}],"wp:attachment":[{"href":"https:\/\/metal-badge.ch\/fr\/wp-json\/wp\/v2\/media?parent=110914"}],"wp:term":[{"taxonomy":"product_brand","embeddable":true,"href":"https:\/\/metal-badge.ch\/fr\/wp-json\/wp\/v2\/product_brand?post=110914"},{"taxonomy":"product_cat","embeddable":true,"href":"https:\/\/metal-badge.ch\/fr\/wp-json\/wp\/v2\/product_cat?post=110914"},{"taxonomy":"product_tag","embeddable":true,"href":"https:\/\/metal-badge.ch\/fr\/wp-json\/wp\/v2\/product_tag?post=110914"}],"curies":[{"name":"wp","href":"https:\/\/api.w.org\/{rel}","templated":true}]}}