{"id":110834,"date":"2021-07-31T19:11:09","date_gmt":"2021-07-31T17:11:09","guid":{"rendered":"https:\/\/shop.metal-badge.ch\/?post_type=product&#038;p=110834"},"modified":"2025-12-18T04:22:34","modified_gmt":"2025-12-18T03:22:34","slug":"coffre-fort-pour-armes-avec-protection-par-cable-en-acier-os300k","status":"publish","type":"product","link":"https:\/\/metal-badge.ch\/fr\/product\/110834\/coffre-fort-pour-armes-avec-protection-par-cable-en-acier-os300k\/","title":{"rendered":"Coffre-fort pour armes avec protection par c\u00e2ble en acier OS300K"},"content":{"rendered":"<p><span style=\"font-weight: 400;\">Petit coffre-fort portable avec c\u00e2ble de s\u00e9curit\u00e9 en acier \u00e0 attacher, contre le vol, pour les meubles, la caravane et la voiture. Le c\u00e2ble en acier est ins\u00e9r\u00e9 par une fente sur le c\u00f4t\u00e9. La cassette est verrouill\u00e9e m\u00e9caniquement \u00e0 l\u2019aide d\u2019une cl\u00e9.<\/span><\/p>\n<p><b>Informations sur le produit :<\/b><\/p>\n<ul>\n<li><span style=\"font-weight: 400;\">D\u00e9signation : Coffre-fort pour pistolet OS300K<\/span><\/li>\n<li><span style=\"font-weight: 400;\">Construction en acier solide et durable avec doublure int\u00e9rieure souple.<\/span><\/li>\n<li><span style=\"font-weight: 400;\">Id\u00e9al pour s\u00e9curiser votre arme \u00e0 feu, votre GPS, votre portefeuille et vos cl\u00e9s ou autres objets de valeur.<\/span><\/li>\n<li><span style=\"font-weight: 400;\">Mati\u00e8re&nbsp;: Acier&nbsp;<\/span><\/li>\n<li><span style=\"font-weight: 400;\">Couleur : noir mat<\/span><\/li>\n<li><span style=\"font-weight: 400;\">Avec un c\u00e2ble en acier de 100 cm de long<\/span><\/li>\n<li><span style=\"font-weight: 400;\">L\u00e9ger, compact et facile \u00e0 transporter<\/span><\/li>\n<li><span style=\"font-weight: 400;\">Dimensions : longueur 24 cm x largeur 17 cm x hauteur 5 cm<\/span><\/li>\n<li><span style=\"font-weight: 400;\">Poids : 1055 g <\/span><\/li>\n<\/ul>\n","protected":false},"excerpt":{"rendered":"<p><span style=\"font-weight: 400;\">Petit coffre-fort portable avec c\u00e2ble de s\u00e9curit\u00e9 en acier \u00e0 attacher, contre le vol, pour les meubles, la caravane et la voiture. Le c\u00e2ble en acier est ins\u00e9r\u00e9 par une fente sur le c\u00f4t\u00e9. La cassette est verrouill\u00e9e m\u00e9caniquement \u00e0 l\u2019aide d\u2019une cl\u00e9.<\/span><\/p>\n","protected":false},"featured_media":110870,"comment_status":"closed","ping_status":"closed","template":"","meta":{"inline_featured_image":false},"product_brand":[],"product_cat":[1435,2554],"product_tag":[1781],"class_list":{"0":"post-110834","1":"product","2":"type-product","3":"status-publish","4":"has-post-thumbnail","6":"product_cat-camping-voyage","7":"product_cat-coffre-fort-pour-armes-a-feu-cadenas-coffre-fort","8":"product_tag-police-securite","10":"first","11":"instock","12":"taxable","13":"shipping-taxable","14":"purchasable","15":"product-type-simple"},"_links":{"self":[{"href":"https:\/\/metal-badge.ch\/fr\/wp-json\/wp\/v2\/product\/110834","targetHints":{"allow":["GET"]}}],"collection":[{"href":"https:\/\/metal-badge.ch\/fr\/wp-json\/wp\/v2\/product"}],"about":[{"href":"https:\/\/metal-badge.ch\/fr\/wp-json\/wp\/v2\/types\/product"}],"replies":[{"embeddable":true,"href":"https:\/\/metal-badge.ch\/fr\/wp-json\/wp\/v2\/comments?post=110834"}],"wp:featuredmedia":[{"embeddable":true,"href":"https:\/\/metal-badge.ch\/fr\/wp-json\/wp\/v2\/media\/110870"}],"wp:attachment":[{"href":"https:\/\/metal-badge.ch\/fr\/wp-json\/wp\/v2\/media?parent=110834"}],"wp:term":[{"taxonomy":"product_brand","embeddable":true,"href":"https:\/\/metal-badge.ch\/fr\/wp-json\/wp\/v2\/product_brand?post=110834"},{"taxonomy":"product_cat","embeddable":true,"href":"https:\/\/metal-badge.ch\/fr\/wp-json\/wp\/v2\/product_cat?post=110834"},{"taxonomy":"product_tag","embeddable":true,"href":"https:\/\/metal-badge.ch\/fr\/wp-json\/wp\/v2\/product_tag?post=110834"}],"curies":[{"name":"wp","href":"https:\/\/api.w.org\/{rel}","templated":true}]}}