{"id":110785,"date":"2021-07-31T15:45:20","date_gmt":"2021-07-31T13:45:20","guid":{"rendered":"https:\/\/shop.metal-badge.ch\/product\/110785\/coffre-fort-biometrique-pour-armes-courtes-coffre-fort-a-empreinte-digitale-os100c\/"},"modified":"2023-06-19T21:10:32","modified_gmt":"2023-06-19T19:10:32","slug":"coffre-fort-numerique-pour-arme-courte-safe-box-os-100c","status":"publish","type":"product","link":"https:\/\/metal-badge.ch\/fr\/product\/110785\/coffre-fort-numerique-pour-arme-courte-safe-box-os-100c\/","title":{"rendered":"Coffre-fort num\u00e9rique pour arme courte \/ Safe Box OS 100C"},"content":{"rendered":"<p><span style=\"font-weight: 400;\">Ce coffre-fort num\u00e9rique vous permet d&rsquo;acc\u00e9der rapidement et facilement \u00e0 votre arme \u00e0 feu.&nbsp;Il suffit d\u2019un code chiffr\u00e9 pour ouvrir le coffre.&nbsp;Plus besoin d\u2019en chercher la cl\u00e9 !&nbsp;<\/span><\/p>\n<p><span style=\"font-weight: 400;\">Ce coffre de s\u00e9curit\u00e9 avec le code de chiffres de votre choix prot\u00e8ge les documents importants, les bijoux, l&rsquo;argent liquide, le pistolet, etc. de mani\u00e8re plus fiable qu&rsquo;aucun autre. Gardez vos objets de valeur \u00e0 l&rsquo;abri des voleurs ou d&rsquo;autres personnes non autoris\u00e9es. Sans le bon code chiffr\u00e9, personne ne peut acc\u00e9der au contenu de ce coffre. Le code de chiffres peut \u00eatre chang\u00e9 \u00e0 volont\u00e9 apr\u00e8s l\u2019ouverture du coffre. Il est possible d\u2019ouvrir le coffre avec une cl\u00e9 si n\u00e9cessaire. Vous pouvez ranger la cl\u00e9 \u00e0 un autre endroit.&nbsp;<\/span><\/p>\n<p><b>Informations sur le produit :<\/b><\/p>\n<ul>\n<li style=\"font-weight: 400;\" aria-level=\"1\"><span style=\"font-weight: 400;\">Coffre solide en acier avec code de chiffres OS100C<\/span><\/li>\n<li style=\"font-weight: 400;\" aria-level=\"1\"><span style=\"font-weight: 400;\">Le coffre en acier de 100 cm de long peut \u00eatre combin\u00e9 et s\u00e9curis\u00e9 avec d&rsquo;autres objets, que ce soit dans un magasin ou dans une voiture.<\/span><\/li>\n<li style=\"font-weight: 400;\" aria-level=\"1\"><span style=\"font-weight: 400;\">La bo\u00eete peut m\u00e9moriser jusqu&rsquo;\u00e0 5 codes.<\/span><\/li>\n<li style=\"font-weight: 400;\" aria-level=\"1\"><span style=\"font-weight: 400;\">Prot\u00e9gez vos objets de valeur \u00e0 la maison, dans votre voiture, au restaurant ou \u00e0 l&rsquo;h\u00f4tel.&nbsp;<\/span><\/li>\n<li style=\"font-weight: 400;\" aria-level=\"1\"><span style=\"font-weight: 400;\">Manipulation simple.&nbsp;<\/span><\/li>\n<li style=\"font-weight: 400;\" aria-level=\"1\"><span style=\"font-weight: 400;\">Couleur : noir<\/span><\/li>\n<li style=\"font-weight: 400;\" aria-level=\"1\"><span style=\"font-weight: 400;\">Poids : 1550 g sans batterie<\/span><\/li>\n<li style=\"font-weight: 400;\" aria-level=\"1\"><span style=\"font-weight: 400;\">Alimentation \u00e9lectrique : 4 piles AA (non incluses)<\/span><\/li>\n<li style=\"font-weight: 400;\" aria-level=\"1\"><span style=\"font-weight: 400;\">Dimensions : 270 x 189 x 50 (mm)<\/span><\/li>\n<li style=\"font-weight: 400;\" aria-level=\"1\"><span style=\"font-weight: 400;\">Lorsque les piles sont vides, le bo\u00eetier peut \u00eatre ouvert \u00e0 l&rsquo;aide de la cl\u00e9 de secours.<\/span><\/li>\n<li style=\"font-weight: 400;\" aria-level=\"1\"><span style=\"font-weight: 400;\">Les codes de chiffres stock\u00e9s ne sont pas perdus lors du changement de piles.<\/span><\/li>\n<li style=\"font-weight: 400;\" aria-level=\"1\"><span style=\"font-weight: 400;\">2 cl\u00e9s de secours sont incluses dans la livraison, veuillez toujours les garder \u00e0 l&rsquo;ext\u00e9rieur de la cassette.<\/span><\/li>\n<li style=\"font-weight: 400;\" aria-level=\"1\"><span style=\"font-weight: 400;\">C\u00e2ble de s\u00e9curit\u00e9 en acier inclus, r\u00e9sistant \u00e0 une charge de 681 kg.<\/span><\/li>\n<\/ul>\n<p><b>Caract\u00e9ristiques<\/b><\/p>\n<p><span style=\"font-weight: 400;\">D\u00e9verrouillage par code chiffr\u00e9 ou avec les cl\u00e9s incluses. Les piles sont n\u00e9cessaires pour scanner l&#8217;empreinte digitale.<\/span><\/p>\n","protected":false},"excerpt":{"rendered":"<p><span style=\"font-weight: 400;\">Ce coffre-fort num\u00e9rique vous permet d&rsquo;acc\u00e9der rapidement et facilement \u00e0 votre arme \u00e0 feu.&nbsp;Il suffit d\u2019un code chiffr\u00e9 pour ouvrir le coffre.&nbsp;Plus besoin d\u2019en chercher la cl\u00e9 !&nbsp;<\/span><\/p>\n<p><span style=\"font-weight: 400;\">Ce coffre de s\u00e9curit\u00e9 avec le code de chiffres de votre choix prot\u00e8ge les documents importants, les bijoux, l&rsquo;argent liquide, le pistolet, etc. de mani\u00e8re plus fiable qu&rsquo;aucun autre. Gardez vos objets de valeur \u00e0 l&rsquo;abri des voleurs ou d&rsquo;autres personnes non autoris\u00e9es. Sans le bon code chiffr\u00e9, personne ne peut acc\u00e9der au contenu de ce coffre. Le code de chiffres peut \u00eatre chang\u00e9 \u00e0 volont\u00e9 apr\u00e8s l\u2019ouverture du coffre. Il est possible d\u2019ouvrir le coffre avec une cl\u00e9 si n\u00e9cessaire. Vous pouvez ranger la cl\u00e9 \u00e0 un autre endroit.&nbsp;<\/span><\/p>\n","protected":false},"featured_media":110746,"comment_status":"closed","ping_status":"closed","template":"","meta":{"inline_featured_image":false},"product_brand":[],"product_cat":[1435],"product_tag":[1781],"class_list":{"0":"post-110785","1":"product","2":"type-product","3":"status-publish","4":"has-post-thumbnail","6":"product_cat-camping-voyage","7":"product_tag-police-securite","9":"first","10":"instock","11":"taxable","12":"shipping-taxable","13":"purchasable","14":"product-type-simple"},"_links":{"self":[{"href":"https:\/\/metal-badge.ch\/fr\/wp-json\/wp\/v2\/product\/110785","targetHints":{"allow":["GET"]}}],"collection":[{"href":"https:\/\/metal-badge.ch\/fr\/wp-json\/wp\/v2\/product"}],"about":[{"href":"https:\/\/metal-badge.ch\/fr\/wp-json\/wp\/v2\/types\/product"}],"replies":[{"embeddable":true,"href":"https:\/\/metal-badge.ch\/fr\/wp-json\/wp\/v2\/comments?post=110785"}],"wp:featuredmedia":[{"embeddable":true,"href":"https:\/\/metal-badge.ch\/fr\/wp-json\/wp\/v2\/media\/110746"}],"wp:attachment":[{"href":"https:\/\/metal-badge.ch\/fr\/wp-json\/wp\/v2\/media?parent=110785"}],"wp:term":[{"taxonomy":"product_brand","embeddable":true,"href":"https:\/\/metal-badge.ch\/fr\/wp-json\/wp\/v2\/product_brand?post=110785"},{"taxonomy":"product_cat","embeddable":true,"href":"https:\/\/metal-badge.ch\/fr\/wp-json\/wp\/v2\/product_cat?post=110785"},{"taxonomy":"product_tag","embeddable":true,"href":"https:\/\/metal-badge.ch\/fr\/wp-json\/wp\/v2\/product_tag?post=110785"}],"curies":[{"name":"wp","href":"https:\/\/api.w.org\/{rel}","templated":true}]}}