{"id":110643,"date":"2021-07-30T05:36:17","date_gmt":"2021-07-30T03:36:18","guid":{"rendered":"https:\/\/shop.metal-badge.ch\/?post_type=product&#038;p=110643"},"modified":"2021-07-30T05:43:15","modified_gmt":"2021-07-30T03:43:15","slug":"tasse-a-double-paroi-en-acier-inoxydable-200-ml-rouge","status":"publish","type":"product","link":"https:\/\/metal-badge.ch\/fr\/product\/110643\/tasse-a-double-paroi-en-acier-inoxydable-200-ml-rouge\/","title":{"rendered":"Tasse \u00e0 double paroi en acier inoxydable 200 ml &#8211; Rouge"},"content":{"rendered":"<p><span style=\"font-weight: 400;\">Gobelet \u00e0 double paroi en acier inoxydable avec anse en aluminium en forme de mousqueton. Id\u00e9al pour votre prochain voyage en camping ou pour les randonn\u00e9es.&nbsp; La tasse peut \u00eatre facilement fix\u00e9e \u00e0 l&rsquo;ext\u00e9rieur du sac \u00e0 dos ou \u00e0 la ceinture \u00e0 l&rsquo;aide d&rsquo;un mousqueton et est donc toujours \u00e0 port\u00e9e de main.&nbsp; Sur demande et moyennant un suppl\u00e9ment, nous pouvons personnaliser l&rsquo;article avec votre logo, la gravure de votre nom ou le texte de votre choix. &nbsp;<\/span><\/p>\n<p><b>Informations sur le produit :<\/b><\/p>\n<ul>\n<li><span style=\"font-weight: 400;\">D\u00e9signation : tasse&nbsp;<\/span><\/li>\n<li><span style=\"font-weight: 400;\">Mati\u00e8re&nbsp;: Acier inoxydable&nbsp;<\/span><\/li>\n<li><span style=\"font-weight: 400;\">Double paroi&nbsp;<\/span><\/li>\n<li><span style=\"font-weight: 400;\">Poids : 115 g&nbsp;<\/span><\/li>\n<li><span style=\"font-weight: 400;\">Capacit\u00e9 : 200 ml&nbsp;<\/span><\/li>\n<li><span style=\"font-weight: 400;\">Dimensions : hauteur 8 cm \/ diam\u00e8tre 6 cm<\/span><\/li>\n<li><span style=\"font-weight: 400;\">Anse : mousqueton<\/span><\/li>\n<li><span style=\"font-weight: 400;\">Couleur de l\u2019anse : rouge <\/span><\/li>\n<\/ul>\n","protected":false},"excerpt":{"rendered":"<p><span style=\"font-weight: 400;\">Gobelet \u00e0 double paroi en acier inoxydable avec anse en aluminium en forme de mousqueton. Id\u00e9al pour votre prochain voyage en camping ou pour les randonn\u00e9es.&nbsp; La tasse peut \u00eatre facilement fix\u00e9e \u00e0 l&rsquo;ext\u00e9rieur du sac \u00e0 dos ou \u00e0 la ceinture \u00e0 l&rsquo;aide d&rsquo;un mousqueton et est donc toujours \u00e0 port\u00e9e de main.&nbsp; Sur demande et moyennant un suppl\u00e9ment, nous pouvons personnaliser l&rsquo;article avec votre logo, la gravure de votre nom ou le texte de votre choix. &nbsp;<\/span><\/p>\n","protected":false},"featured_media":110631,"comment_status":"closed","ping_status":"closed","template":"","meta":{"inline_featured_image":false},"product_brand":[],"product_cat":[1275],"product_tag":[1777],"class_list":{"0":"post-110643","1":"product","2":"type-product","3":"status-publish","4":"has-post-thumbnail","6":"product_cat-bouteilles-poele-recipient","7":"product_tag-camping-voyage","9":"first","10":"instock","11":"taxable","12":"shipping-taxable","13":"purchasable","14":"product-type-simple"},"_links":{"self":[{"href":"https:\/\/metal-badge.ch\/fr\/wp-json\/wp\/v2\/product\/110643","targetHints":{"allow":["GET"]}}],"collection":[{"href":"https:\/\/metal-badge.ch\/fr\/wp-json\/wp\/v2\/product"}],"about":[{"href":"https:\/\/metal-badge.ch\/fr\/wp-json\/wp\/v2\/types\/product"}],"replies":[{"embeddable":true,"href":"https:\/\/metal-badge.ch\/fr\/wp-json\/wp\/v2\/comments?post=110643"}],"wp:featuredmedia":[{"embeddable":true,"href":"https:\/\/metal-badge.ch\/fr\/wp-json\/wp\/v2\/media\/110631"}],"wp:attachment":[{"href":"https:\/\/metal-badge.ch\/fr\/wp-json\/wp\/v2\/media?parent=110643"}],"wp:term":[{"taxonomy":"product_brand","embeddable":true,"href":"https:\/\/metal-badge.ch\/fr\/wp-json\/wp\/v2\/product_brand?post=110643"},{"taxonomy":"product_cat","embeddable":true,"href":"https:\/\/metal-badge.ch\/fr\/wp-json\/wp\/v2\/product_cat?post=110643"},{"taxonomy":"product_tag","embeddable":true,"href":"https:\/\/metal-badge.ch\/fr\/wp-json\/wp\/v2\/product_tag?post=110643"}],"curies":[{"name":"wp","href":"https:\/\/api.w.org\/{rel}","templated":true}]}}