{"id":110525,"date":"2021-07-28T08:34:50","date_gmt":"2021-07-28T06:34:50","guid":{"rendered":"https:\/\/shop.metal-badge.ch\/product\/110525\/boitier-antivol-pour-cameras-de-chasse\/"},"modified":"2021-08-15T01:09:08","modified_gmt":"2021-08-14T23:09:08","slug":"boitier-antivol-pour-cameras-de-chasse","status":"publish","type":"product","link":"https:\/\/metal-badge.ch\/fr\/product\/110525\/boitier-antivol-pour-cameras-de-chasse\/","title":{"rendered":"Bo\u00eetier antivol pour cam\u00e9ras de chasse"},"content":{"rendered":"<p><span style=\"font-weight: 400;\">Prot\u00e9gez votre cam\u00e9ra de chasse avec un bo\u00eetier antivol. Ce bo\u00eetier de s\u00e9curit\u00e9 robuste en acier \u00e0 rev\u00eatement par poudrage convient \u00e0 toutes les cam\u00e9ras de chasse courantes, avec ou sans antenne. Le couvercle avant peut \u00eatre rabattu. Peut \u00eatre s\u00e9curis\u00e9 en haut avec un cadenas.<\/span><\/p>\n<p><b>Informations sur le produit :<\/b><span style=\"font-weight: 400;\"><br \/>\n<\/span><\/p>\n<ul>\n<li><span style=\"font-weight: 400;\">Poids : 960 g.<\/span><\/li>\n<li><span style=\"font-weight: 400;\">Mat\u00e9riau : acier \u00e0 rev\u00eatement poudr\u00e9<\/span><\/li>\n<li><span style=\"font-weight: 400;\">Couleur : brun fonc\u00e9<\/span><\/li>\n<li><span style=\"font-weight: 400;\">Dimensions int\u00e9rieures : hauteur 15 cm \/ largeur 13,6 cm \/ profondeur 8 cm<\/span><\/li>\n<\/ul>\n","protected":false},"excerpt":{"rendered":"<p><span style=\"font-weight: 400;\">Prot\u00e9gez votre cam\u00e9ra de chasse avec un bo\u00eetier antivol. Ce bo\u00eetier de s\u00e9curit\u00e9 robuste en acier \u00e0 rev\u00eatement par poudrage convient \u00e0 toutes les cam\u00e9ras de chasse courantes, avec ou sans antenne. Le couvercle avant peut \u00eatre rabattu. Peut \u00eatre s\u00e9curis\u00e9 en haut avec un cadenas.<\/span><\/p>\n","protected":false},"featured_media":110490,"comment_status":"closed","ping_status":"closed","template":"","meta":{"inline_featured_image":false},"product_brand":[],"product_cat":[1710],"product_tag":[1773],"class_list":{"0":"post-110525","1":"product","2":"type-product","3":"status-publish","4":"has-post-thumbnail","6":"product_cat-cameras-dash-cams-fr","7":"product_tag-chasse-peche","9":"first","10":"instock","11":"taxable","12":"shipping-taxable","13":"purchasable","14":"product-type-simple"},"_links":{"self":[{"href":"https:\/\/metal-badge.ch\/fr\/wp-json\/wp\/v2\/product\/110525","targetHints":{"allow":["GET"]}}],"collection":[{"href":"https:\/\/metal-badge.ch\/fr\/wp-json\/wp\/v2\/product"}],"about":[{"href":"https:\/\/metal-badge.ch\/fr\/wp-json\/wp\/v2\/types\/product"}],"replies":[{"embeddable":true,"href":"https:\/\/metal-badge.ch\/fr\/wp-json\/wp\/v2\/comments?post=110525"}],"wp:featuredmedia":[{"embeddable":true,"href":"https:\/\/metal-badge.ch\/fr\/wp-json\/wp\/v2\/media\/110490"}],"wp:attachment":[{"href":"https:\/\/metal-badge.ch\/fr\/wp-json\/wp\/v2\/media?parent=110525"}],"wp:term":[{"taxonomy":"product_brand","embeddable":true,"href":"https:\/\/metal-badge.ch\/fr\/wp-json\/wp\/v2\/product_brand?post=110525"},{"taxonomy":"product_cat","embeddable":true,"href":"https:\/\/metal-badge.ch\/fr\/wp-json\/wp\/v2\/product_cat?post=110525"},{"taxonomy":"product_tag","embeddable":true,"href":"https:\/\/metal-badge.ch\/fr\/wp-json\/wp\/v2\/product_tag?post=110525"}],"curies":[{"name":"wp","href":"https:\/\/api.w.org\/{rel}","templated":true}]}}