{"id":110485,"date":"2021-07-28T08:16:23","date_gmt":"2021-07-28T06:16:23","guid":{"rendered":"https:\/\/shop.metal-badge.ch\/product\/110485\/chaussures-de-travail-de-marche-et-de-loisirs-police-pour-hommes\/"},"modified":"2021-12-06T16:54:05","modified_gmt":"2021-12-06T15:54:05","slug":"chaussures-de-travail-de-marche-et-de-loisirs-police-pour-hommes","status":"publish","type":"product","link":"https:\/\/metal-badge.ch\/fr\/product\/110485\/chaussures-de-travail-de-marche-et-de-loisirs-police-pour-hommes\/","title":{"rendered":"Chaussures de travail, de marche et de loisirs POLICE pour hommes"},"content":{"rendered":"<p><span style=\"font-weight: 400;\">Chaussures de marche et de loisirs l\u00e9g\u00e8res et sportives POLICE pour hommes, comme un compagnon id\u00e9al pour les personnes actives qui aiment se d\u00e9placer dans la nature. Convient pour le travail, les loisirs et la d\u00e9tente. L&#8217;empeigne en maille respirante rend la chaussure tr\u00e8s l\u00e9g\u00e8re, et avec l&rsquo;amorti, elle se distingue par une performance solide. Les chaussures sont \u00e9quip\u00e9es du la\u00e7age innovant FITGO qui permet un enfilage et un retrait faciles, pratiques et rapides en tournant. Doublure et assise plantaire souple et rembourr\u00e9e en textile. La semelle ext\u00e9rieure en caoutchouc Vibram UGC (Ultra Grip Concept) est antid\u00e9rapante et offre une tenue optimale m\u00eame sur les terrains difficiles.&nbsp;<\/span><\/p>\n<p><b>Informations sur le produit :<\/b><\/p>\n<ul>\n<li><span style=\"font-weight: 400;\">Mati\u00e8re&nbsp;: KPU Thermoplastique<\/span><\/li>\n<li><span style=\"font-weight: 400;\">La\u00e7age : Le la\u00e7age Fitgo avec verrouillage par rotation emp\u00eache toute ouverture ind\u00e9sirable du lacet.&nbsp;<\/span><\/li>\n<li><span style=\"font-weight: 400;\">Bon amortissement<\/span><\/li>\n<li><span style=\"font-weight: 400;\">Tige en maille respirante<\/span><\/li>\n<li><span style=\"font-weight: 400;\">Semelle int\u00e9rieure amovible<\/span><\/li>\n<li><span style=\"font-weight: 400;\">Poids : env. 850 g en taille 44<\/span><\/li>\n<li><span style=\"font-weight: 400;\">Couleur : noir<\/span><\/li>\n<li><span style=\"font-weight: 400;\">Marque : POLICE&nbsp;<\/span><\/li>\n<li><span style=\"font-weight: 400;\">Semelle ext\u00e9rieure : Vibram<\/span><\/li>\n<li><span style=\"font-weight: 400;\">Tailles : 41, 42, 43, 44, 45, 46 <\/span><\/li>\n<\/ul>\n","protected":false},"excerpt":{"rendered":"<p><span style=\"font-weight: 400;\">Chaussures de marche et de loisirs l\u00e9g\u00e8res et sportives POLICE pour hommes, comme un compagnon id\u00e9al pour les personnes actives qui aiment se d\u00e9placer dans la nature. Convient pour le travail, les loisirs et la d\u00e9tente. L&#8217;empeigne en maille respirante rend la chaussure tr\u00e8s l\u00e9g\u00e8re, et avec l&rsquo;amorti, elle se distingue par une performance solide. Les chaussures sont \u00e9quip\u00e9es du la\u00e7age innovant FITGO qui permet un enfilage et un retrait faciles, pratiques et rapides en tournant. Doublure et assise plantaire souple et rembourr\u00e9e en textile. La semelle ext\u00e9rieure en caoutchouc Vibram UGC (Ultra Grip Concept) est antid\u00e9rapante et offre une tenue optimale m\u00eame sur les terrains difficiles.&nbsp;<\/span><\/p>\n","protected":false},"featured_media":117116,"comment_status":"closed","ping_status":"closed","template":"","meta":{"inline_featured_image":false},"product_brand":[],"product_cat":[2197],"product_tag":[],"class_list":{"0":"post-110485","1":"product","2":"type-product","3":"status-publish","4":"has-post-thumbnail","6":"product_cat-chaussuresetbottes","8":"first","9":"instock","10":"taxable","11":"shipping-taxable","12":"purchasable","13":"product-type-simple"},"_links":{"self":[{"href":"https:\/\/metal-badge.ch\/fr\/wp-json\/wp\/v2\/product\/110485","targetHints":{"allow":["GET"]}}],"collection":[{"href":"https:\/\/metal-badge.ch\/fr\/wp-json\/wp\/v2\/product"}],"about":[{"href":"https:\/\/metal-badge.ch\/fr\/wp-json\/wp\/v2\/types\/product"}],"replies":[{"embeddable":true,"href":"https:\/\/metal-badge.ch\/fr\/wp-json\/wp\/v2\/comments?post=110485"}],"wp:featuredmedia":[{"embeddable":true,"href":"https:\/\/metal-badge.ch\/fr\/wp-json\/wp\/v2\/media\/117116"}],"wp:attachment":[{"href":"https:\/\/metal-badge.ch\/fr\/wp-json\/wp\/v2\/media?parent=110485"}],"wp:term":[{"taxonomy":"product_brand","embeddable":true,"href":"https:\/\/metal-badge.ch\/fr\/wp-json\/wp\/v2\/product_brand?post=110485"},{"taxonomy":"product_cat","embeddable":true,"href":"https:\/\/metal-badge.ch\/fr\/wp-json\/wp\/v2\/product_cat?post=110485"},{"taxonomy":"product_tag","embeddable":true,"href":"https:\/\/metal-badge.ch\/fr\/wp-json\/wp\/v2\/product_tag?post=110485"}],"curies":[{"name":"wp","href":"https:\/\/api.w.org\/{rel}","templated":true}]}}