{"id":110406,"date":"2021-07-19T05:19:22","date_gmt":"2021-07-19T03:19:22","guid":{"rendered":"https:\/\/shop.metal-badge.ch\/product\/110406\/harnais-pour-chien-police-dog-avec-laisse-olive\/"},"modified":"2021-07-22T20:02:23","modified_gmt":"2021-07-22T18:02:23","slug":"harnais-pour-chien-police-dog-avec-laisse-olive","status":"publish","type":"product","link":"https:\/\/metal-badge.ch\/fr\/product\/110406\/harnais-pour-chien-police-dog-avec-laisse-olive\/","title":{"rendered":"Harnais pour chien \u00ab POLICE DOG \u00bb avec laisse  &#8211; olive"},"content":{"rendered":"<p><span style=\"font-weight: 400;\">Harnais robuste et hydrofuge pour chien avec laisse en nylon.<\/span><\/p>\n<p><span style=\"font-weight: 400;\">Anneau en D robuste en m\u00e9tal moul\u00e9 \u00e0 l&rsquo;arri\u00e8re du harnais pour la fixation de la laisse ; il n&rsquo;est pas n\u00e9cessaire de porter un collier. L&rsquo;exp\u00e9rience a montr\u00e9 que la plupart des chiens sont plus faciles \u00e0 diriger lorsqu&rsquo;ils portent un harnais de poitrine, car ils peuvent se d\u00e9placer plus confortablement avec un harnais.<\/span><\/p>\n<p><span style=\"font-weight: 400;\">Des \u00e9tiquettes <\/span><b>\u00ab POLICE DOG \u00bb<\/b><span style=\"font-weight: 400;\"> fluorescentes sont cousues des deux c\u00f4t\u00e9s du harnais et sur la laisse. La ceinture 6 trous est r\u00e9glable par une boucle.&nbsp;<\/span><\/p>\n<p><b>Informations sur le produit :<\/b><span style=\"font-weight: 400;\"><br \/>\n<\/span><\/p>\n<ul>\n<li><span style=\"font-weight: 400;\">D\u00e9signation : Laisse pour chien avec harnais&nbsp;<\/span><\/li>\n<li><span style=\"font-weight: 400;\">Utilisation : Promenades, formation, service, sports canins, recherche et traction.<\/span><\/li>\n<li><span style=\"font-weight: 400;\">R\u00e9glable avec une boucle \/ 6 trous&nbsp;<\/span><\/li>\n<li><span style=\"font-weight: 400;\">2 anneaux en D robustes en m\u00e9tal moul\u00e9 \u00e0 l&rsquo;arri\u00e8re du harnais et \u00e0 la boucle pour fixer la laisse.&nbsp;<\/span><\/li>\n<li><span style=\"font-weight: 400;\">Nylon robuste et hydrofuge&nbsp;<\/span><\/li>\n<li><span style=\"font-weight: 400;\">Inscription lumineuse <\/span><b>\u00ab POLICE DOG \u00bb<\/b><span style=\"font-weight: 400;\"> sur laisse et harnais&nbsp;<\/span><\/li>\n<li><span style=\"font-weight: 400;\">Couleur : olive<\/span><span style=\"font-weight: 400;\"><br \/>\n<\/span><\/li>\n<li><span style=\"font-weight: 400;\">Harnais : largeur 5 cm<\/span><span style=\"font-weight: 400;\"><br \/>\n<\/span><\/li>\n<li><span style=\"font-weight: 400;\">Poids du harnais : 280 g<\/span><\/li>\n<li><span style=\"font-weight: 400;\">Longueur laisse 120 cm&nbsp;<\/span><\/li>\n<li><span style=\"font-weight: 400;\">Largeur laisse : 2,5 cm<\/span><span style=\"font-weight: 400;\"><br \/>\n<\/span><\/li>\n<li><span style=\"font-weight: 400;\">Mat\u00e9riau : Nylon<\/span><span style=\"font-weight: 400;\"><br \/>\n<\/span><\/li>\n<li><span style=\"font-weight: 400;\">Entretien : Lavage manuel<\/span><span style=\"font-weight: 400;\"><br \/>\n<\/span><\/li>\n<li><span style=\"font-weight: 400;\">Taille :&nbsp; L \/ XL<\/span><b>&nbsp;<\/b><\/li>\n<\/ul>\n","protected":false},"excerpt":{"rendered":"<p><span style=\"font-weight: 400;\">Harnais robuste et hydrofuge pour chien avec laisse en nylon.<\/span><\/p>\n<p><span style=\"font-weight: 400;\">Anneau en D robuste en m\u00e9tal moul\u00e9 \u00e0 l&rsquo;arri\u00e8re du harnais pour la fixation de la laisse ; il n&rsquo;est pas n\u00e9cessaire de porter un collier. L&rsquo;exp\u00e9rience a montr\u00e9 que la plupart des chiens sont plus faciles \u00e0 diriger lorsqu&rsquo;ils portent un harnais de poitrine, car ils peuvent se d\u00e9placer plus confortablement avec un harnais.<\/span><\/p>\n","protected":false},"featured_media":110240,"comment_status":"closed","ping_status":"closed","template":"","meta":{"inline_featured_image":false},"product_brand":[],"product_cat":[1371],"product_tag":[],"class_list":{"0":"post-110406","1":"product","2":"type-product","3":"status-publish","4":"has-post-thumbnail","6":"product_cat-accessoires-pour-chien","8":"first","9":"instock","10":"taxable","11":"shipping-taxable","12":"purchasable","13":"product-type-simple"},"_links":{"self":[{"href":"https:\/\/metal-badge.ch\/fr\/wp-json\/wp\/v2\/product\/110406","targetHints":{"allow":["GET"]}}],"collection":[{"href":"https:\/\/metal-badge.ch\/fr\/wp-json\/wp\/v2\/product"}],"about":[{"href":"https:\/\/metal-badge.ch\/fr\/wp-json\/wp\/v2\/types\/product"}],"replies":[{"embeddable":true,"href":"https:\/\/metal-badge.ch\/fr\/wp-json\/wp\/v2\/comments?post=110406"}],"wp:featuredmedia":[{"embeddable":true,"href":"https:\/\/metal-badge.ch\/fr\/wp-json\/wp\/v2\/media\/110240"}],"wp:attachment":[{"href":"https:\/\/metal-badge.ch\/fr\/wp-json\/wp\/v2\/media?parent=110406"}],"wp:term":[{"taxonomy":"product_brand","embeddable":true,"href":"https:\/\/metal-badge.ch\/fr\/wp-json\/wp\/v2\/product_brand?post=110406"},{"taxonomy":"product_cat","embeddable":true,"href":"https:\/\/metal-badge.ch\/fr\/wp-json\/wp\/v2\/product_cat?post=110406"},{"taxonomy":"product_tag","embeddable":true,"href":"https:\/\/metal-badge.ch\/fr\/wp-json\/wp\/v2\/product_tag?post=110406"}],"curies":[{"name":"wp","href":"https:\/\/api.w.org\/{rel}","templated":true}]}}