{"id":110370,"date":"2021-07-20T03:38:34","date_gmt":"2021-07-20T01:38:34","guid":{"rendered":"https:\/\/shop.metal-badge.ch\/product\/110370\/short-de-bain-homme-camouflage-flecktarn\/"},"modified":"2021-07-20T03:50:48","modified_gmt":"2021-07-20T01:50:48","slug":"short-de-bain-homme-camouflage-flecktarn","status":"publish","type":"product","link":"https:\/\/metal-badge.ch\/fr\/product\/110370\/short-de-bain-homme-camouflage-flecktarn\/","title":{"rendered":"Short de bain homme camouflage flecktarn"},"content":{"rendered":"<p><span style=\"font-weight: 400;\">Motif de camouflage \u00e9l\u00e9gant, taille \u00e9lastique avec cordon de serrage, poches lat\u00e9rales en filet, slip int\u00e9rieur en maille \u00e9lastique 10 % \u00e9lasthanne&nbsp;<\/span><span style=\"font-weight: 400;\">COUPE :&nbsp;REGULAR FIT &#8211; une coupe classique, sans surprises. Ce short de bain confortable vous offre tout ce que vous attendez d&rsquo;un maillot de bain : un s\u00e9chage rapide, un mat\u00e9riau de qualit\u00e9 sup\u00e9rieure, un design camo cool et une bonne dose de style estival. Peu importe que vous soyez au lac ou en vacances \u00e0 la plage ou \u00e0 la piscine : avec ce short de bain de haute qualit\u00e9, vous \u00eates habill\u00e9 de mani\u00e8re cool m\u00eame pendant les journ\u00e9es chaudes !<\/span><\/p>\n<p><span style=\"font-weight: 400;\">Sans d\u00e9faut et de haute qualit\u00e9.<\/span><\/p>\n<p><b>Informations sur le produit :&nbsp;<\/b><\/p>\n<ul>\n<li><span style=\"font-weight: 400;\">D\u00e9signation : Short de bain camouflage flecktarn<\/span><\/li>\n<li><span style=\"font-weight: 400;\">Rev\u00eatement : 95 % polyester, 5 % \u00e9lasthanne<\/span><\/li>\n<li><span style=\"font-weight: 400;\">Pantalon int\u00e9rieur : doublure en maille \u00e9lastique<\/span><\/li>\n<li><span style=\"font-weight: 400;\">Deux poches en filet<\/span><\/li>\n<li><span style=\"font-weight: 400;\">S\u00e9chage rapide, l\u00e9ger, respirant<\/span><\/li>\n<li><span style=\"font-weight: 400;\">Poids : env. 195 g&nbsp;<\/span><\/li>\n<li><span style=\"font-weight: 400;\">Tailles : S, M, L, XL, XXL&nbsp;<\/span><\/li>\n<li><span style=\"font-weight: 400;\">Coupe tailles normales<\/span><\/li>\n<\/ul>\n<p><span style=\"font-weight: 400;\">Instructions d&rsquo;entretien : Lavage en machine \u00e0 30\u00b0C max. sur cycle d\u00e9licat, ne pas blanchir, ne pas s\u00e9cher en machine, repasser \u00e0 basse temp\u00e9rature, ne pas nettoyer \u00e0 sec, s\u00e9cher sur corde \u00e0 linge.<\/span><\/p>\n","protected":false},"excerpt":{"rendered":"<p><span style=\"font-weight: 400;\">Motif de camouflage \u00e9l\u00e9gant, taille \u00e9lastique avec cordon de serrage, poches lat\u00e9rales en filet, slip int\u00e9rieur en maille \u00e9lastique 10 % \u00e9lasthanne&nbsp;<\/span><span style=\"font-weight: 400;\">COUPE :&nbsp;REGULAR FIT &#8211; une coupe classique, sans surprises. Ce short de bain confortable vous offre tout ce que vous attendez d&rsquo;un maillot de bain : un s\u00e9chage rapide, un mat\u00e9riau de qualit\u00e9 sup\u00e9rieure, un design camo cool et une bonne dose de style estival. Peu importe que vous soyez au lac ou en vacances \u00e0 la plage ou \u00e0 la piscine : avec ce short de bain de haute qualit\u00e9, vous \u00eates habill\u00e9 de mani\u00e8re cool m\u00eame pendant les journ\u00e9es chaudes !<\/span><\/p>\n","protected":false},"featured_media":110343,"comment_status":"closed","ping_status":"closed","template":"","meta":{"inline_featured_image":false},"product_brand":[],"product_cat":[1614],"product_tag":[],"class_list":{"0":"post-110370","1":"product","2":"type-product","3":"status-publish","4":"has-post-thumbnail","6":"product_cat-pantalons-et-shorts","8":"first","9":"instock","10":"taxable","11":"shipping-taxable","12":"purchasable","13":"product-type-simple"},"_links":{"self":[{"href":"https:\/\/metal-badge.ch\/fr\/wp-json\/wp\/v2\/product\/110370","targetHints":{"allow":["GET"]}}],"collection":[{"href":"https:\/\/metal-badge.ch\/fr\/wp-json\/wp\/v2\/product"}],"about":[{"href":"https:\/\/metal-badge.ch\/fr\/wp-json\/wp\/v2\/types\/product"}],"replies":[{"embeddable":true,"href":"https:\/\/metal-badge.ch\/fr\/wp-json\/wp\/v2\/comments?post=110370"}],"wp:featuredmedia":[{"embeddable":true,"href":"https:\/\/metal-badge.ch\/fr\/wp-json\/wp\/v2\/media\/110343"}],"wp:attachment":[{"href":"https:\/\/metal-badge.ch\/fr\/wp-json\/wp\/v2\/media?parent=110370"}],"wp:term":[{"taxonomy":"product_brand","embeddable":true,"href":"https:\/\/metal-badge.ch\/fr\/wp-json\/wp\/v2\/product_brand?post=110370"},{"taxonomy":"product_cat","embeddable":true,"href":"https:\/\/metal-badge.ch\/fr\/wp-json\/wp\/v2\/product_cat?post=110370"},{"taxonomy":"product_tag","embeddable":true,"href":"https:\/\/metal-badge.ch\/fr\/wp-json\/wp\/v2\/product_tag?post=110370"}],"curies":[{"name":"wp","href":"https:\/\/api.w.org\/{rel}","templated":true}]}}