{"id":109985,"date":"2021-07-11T23:10:56","date_gmt":"2021-07-11T21:10:56","guid":{"rendered":"https:\/\/shop.metal-badge.ch\/product\/109985\/laisse-de-chien-elastique-orange-120-cm-160-cm\/"},"modified":"2021-07-11T23:10:56","modified_gmt":"2021-07-11T21:10:56","slug":"laisse-de-chien-elastique-orange-120-cm-160-cm","status":"publish","type":"product","link":"https:\/\/metal-badge.ch\/fr\/product\/109985\/laisse-de-chien-elastique-orange-120-cm-160-cm\/","title":{"rendered":"Laisse de chien \u00e9lastique orange 120 cm &#8211; 160 cm"},"content":{"rendered":"<p><span style=\"font-weight: 400;\">Laisse pour chien en \u00e9lastique avec amortisseur de chocs, pour chiens de tailles moyenne et grande. Attache solide en acier inoxydable et nylon r\u00e9sistant \u00e0 la d\u00e9chirure de couleur orange, avec la pr\u00e9tention de mat\u00e9riaux de haute qualit\u00e9 et de fabrication solide. AMORTISSEMENT DE LA TRACTION ET DES SECOUSSES : \u00c9lastique professionnel dynamique int\u00e9gr\u00e9, longueur du cordon : 120 cm et 160 cm, extensibilit\u00e9 de 40 cm max. r\u00e9duit les tiraillements et les soubresauts g\u00eanants, comportement agr\u00e9able de guidage en douceur. CARACT\u00c9RISTIQUES DE S\u00c9CURIT\u00c9 : Utilisation parfaite au cr\u00e9puscule et dans l&rsquo;obscurit\u00e9 gr\u00e2ce \u00e0 la peinture lumineuse r\u00e9fl\u00e9chissante, aux bords arrondis, aux INCRUSTATIONS EN N\u00c9OPR\u00c8NE agr\u00e9ablement douces pour prot\u00e9ger les mains.<\/span><\/p>\n<p><b>Informations sur le produit :&nbsp;<\/b><\/p>\n<ul>\n<li>\u00c9lastique professionnel dynamique int\u00e9gr\u00e9<\/li>\n<li>comportement de guidage agr\u00e9ablement doux<\/li>\n<li>longue dur\u00e9e de vie<\/li>\n<li>forte capacit\u00e9 de charge<\/li>\n<li>design moderne et attrayant<\/li>\n<li>imperm\u00e9able et lavable<\/li>\n<li>couleur lumineuse r\u00e9fl\u00e9chissante<\/li>\n<li>bords arrondis<\/li>\n<li>couleur : orange&nbsp;<\/li>\n<li>Poids : 102 g.&nbsp;<\/li>\n<li>Largeur : 2,5 cm<\/li>\n<li>Longueur 120 cm, \u00e9tirable jusqu\u2019\u00e0 160 cm<\/li>\n<\/ul>\n","protected":false},"excerpt":{"rendered":"<p><span style=\"font-weight: 400;\">Laisse pour chien en \u00e9lastique avec amortisseur de chocs, pour chiens de tailles moyenne et grande. Attache solide en acier inoxydable et nylon r\u00e9sistant \u00e0 la d\u00e9chirure de couleur orange, avec la pr\u00e9tention de mat\u00e9riaux de haute qualit\u00e9 et de fabrication solide.<\/span><\/p>\n","protected":false},"featured_media":109600,"comment_status":"closed","ping_status":"closed","template":"","meta":{"inline_featured_image":false},"product_brand":[],"product_cat":[1371],"product_tag":[],"class_list":{"0":"post-109985","1":"product","2":"type-product","3":"status-publish","4":"has-post-thumbnail","6":"product_cat-accessoires-pour-chien","8":"first","9":"instock","10":"taxable","11":"shipping-taxable","12":"purchasable","13":"product-type-simple"},"_links":{"self":[{"href":"https:\/\/metal-badge.ch\/fr\/wp-json\/wp\/v2\/product\/109985","targetHints":{"allow":["GET"]}}],"collection":[{"href":"https:\/\/metal-badge.ch\/fr\/wp-json\/wp\/v2\/product"}],"about":[{"href":"https:\/\/metal-badge.ch\/fr\/wp-json\/wp\/v2\/types\/product"}],"replies":[{"embeddable":true,"href":"https:\/\/metal-badge.ch\/fr\/wp-json\/wp\/v2\/comments?post=109985"}],"wp:featuredmedia":[{"embeddable":true,"href":"https:\/\/metal-badge.ch\/fr\/wp-json\/wp\/v2\/media\/109600"}],"wp:attachment":[{"href":"https:\/\/metal-badge.ch\/fr\/wp-json\/wp\/v2\/media?parent=109985"}],"wp:term":[{"taxonomy":"product_brand","embeddable":true,"href":"https:\/\/metal-badge.ch\/fr\/wp-json\/wp\/v2\/product_brand?post=109985"},{"taxonomy":"product_cat","embeddable":true,"href":"https:\/\/metal-badge.ch\/fr\/wp-json\/wp\/v2\/product_cat?post=109985"},{"taxonomy":"product_tag","embeddable":true,"href":"https:\/\/metal-badge.ch\/fr\/wp-json\/wp\/v2\/product_tag?post=109985"}],"curies":[{"name":"wp","href":"https:\/\/api.w.org\/{rel}","templated":true}]}}