{"id":109972,"date":"2021-07-11T22:51:29","date_gmt":"2021-07-11T20:51:29","guid":{"rendered":"https:\/\/shop.metal-badge.ch\/product\/109972\/sac-a-dos-pour-chien-orange-avec-sac-amovible\/"},"modified":"2021-07-18T08:44:39","modified_gmt":"2021-07-18T06:44:39","slug":"sac-a-dos-pour-chien-orange-avec-sac-amovible","status":"publish","type":"product","link":"https:\/\/metal-badge.ch\/fr\/product\/109972\/sac-a-dos-pour-chien-orange-avec-sac-amovible\/","title":{"rendered":"Sac \u00e0 dos pour chien orange avec sac amovible"},"content":{"rendered":"<p><span style=\"font-weight: 400;\">Ce sac \u00e0 dos pour chien offre un bon ajustement et une r\u00e9partition optimale du poids.&nbsp;<\/span><\/p>\n<p><span style=\"font-weight: 400;\">Sac \u00e0 dos pour chien avec sac d\u00e9tachable, id\u00e9al pour que votre compagnon \u00e0 quatre pattes vous accompagne pour une excursion de plusieurs jours en montagne ou en suivant une rivi\u00e8re. Ce sac \u00e0 dos pratique pour chien est fabriqu\u00e9 dans un mat\u00e9riau de haute qualit\u00e9 et dot\u00e9 de nombreux d\u00e9tails pratiques. Les deux sacoches d\u00e9tachables offrent suffisamment de place pour la nourriture du chien et une gamelle pliable ainsi que quelques friandises pour les d\u00e9placements. Les bouteilles pliantes peuvent \u00eatre remplies des deux c\u00f4t\u00e9s avec jusqu&rsquo;\u00e0 1 litre d&rsquo;eau chacune, ce qui vous permet d&rsquo;avoir toujours suffisamment d&rsquo;eau potable avec vous lors de vos randonn\u00e9es. Sous les sacoches, vous trouverez le populaire Harness, un harnais pour chien qui offre un ajustement excellent et une r\u00e9partition optimale du poids. Vous avez ici un harnais et un sac \u00e0 dos pour chien \u00e0 la fois, car il peut \u00eatre port\u00e9 aussi sans sacoche. C&rsquo;est tr\u00e8s pratique, notamment pour les pauses. Gr\u00e2ce \u00e0 la poign\u00e9e de transport stable, le quadrup\u00e8de peut \u00eatre simplement soulev\u00e9 et transport\u00e9 confortablement par-dessus un obstacle. Les deux sacoches sont \u00e9quip\u00e9es de 3 poches \u00e0 fermeture \u00e9clair offrant chacune suffisamment d&rsquo;espace de rangement. L&rsquo;ensemble du sac \u00e0 dos pour chien est de tr\u00e8s haute qualit\u00e9 de fabrication et durera longtemps. Il est recommand\u00e9 que votre chien ne porte pas plus de 25 % du pois de son corps dans son sac \u00e0 dos pour chien.<\/span><span style=\"font-weight: 400;\"><br \/>\n<\/span><span style=\"font-weight: 400;\"><br \/>\n<\/span><strong>Informations sur le produit :<\/strong><\/p>\n<ul>\n<li><span style=\"font-weight: 400;\">Marque : Brother CATDOG<\/span><\/li>\n<li><span style=\"font-weight: 400;\">couleur : orange<\/span><\/li>\n<li><span style=\"font-weight: 400;\">Poids : 550 g Harnais pour chien avec poches<\/span><\/li>\n<li><span style=\"font-weight: 400;\">Le harnais pour chien peut \u00eatre ajust\u00e9 au chien gr\u00e2ce \u00e0 des sangles de traction confortables.<\/span><\/li>\n<li><span style=\"font-weight: 400;\">Hydrofuge&nbsp;<\/span><\/li>\n<li><span style=\"font-weight: 400;\">Mat\u00e9riau : Polyester, nylon Ripstop&nbsp;&nbsp;<\/span><\/li>\n<li><span style=\"font-weight: 400;\">Poign\u00e9e de transport stable et poches amovibles<\/span><\/li>\n<li><span style=\"font-weight: 400;\">Facile \u00e0 nettoyer et robuste<\/span><\/li>\n<li><span style=\"font-weight: 400;\">3 poches \u00e0 fermeture \u00e9clair de chaque c\u00f4t\u00e9<\/span><\/li>\n<li><span style=\"font-weight: 400;\">Tailles : S, M, L, XL&nbsp;<\/span><\/li>\n<\/ul>\n<p><b>Tableau des tailles :&nbsp;<\/b><\/p>\n<ul>\n<li><span style=\"font-weight: 400;\">Small chest 43-56cm \/ neck 32-50cm&nbsp;<\/span><\/li>\n<li><span style=\"font-weight: 400;\">Medium chest 56-69cm \/ neck 33-52cm&nbsp;<\/span><\/li>\n<li><span style=\"font-weight: 400;\">Large chest 69-81cm \/ neck 40-57cm<\/span><\/li>\n<li><span style=\"font-weight: 400;\">XLarge chest 81-107cm \/ neck 45-78cm<\/span><\/li>\n<\/ul>\n","protected":false},"excerpt":{"rendered":"<p><span style=\"font-weight: 400;\">Ce sac \u00e0 dos pour chien offre un bon ajustement et une r\u00e9partition optimale du poids.&nbsp;<\/span><\/p>\n<p><span style=\"font-weight: 400;\">Sac \u00e0 dos pour chien avec sac d\u00e9tachable, id\u00e9al pour que votre compagnon \u00e0 quatre pattes vous accompagne pour une excursion de plusieurs jours en montagne ou en suivant une rivi\u00e8re. Ce sac \u00e0 dos pratique pour chien est fabriqu\u00e9 dans un mat\u00e9riau de haute qualit\u00e9 et dot\u00e9 de nombreux d\u00e9tails pratiques.<\/span><\/p>\n","protected":false},"featured_media":109518,"comment_status":"closed","ping_status":"closed","template":"","meta":{"inline_featured_image":false},"product_brand":[],"product_cat":[1371],"product_tag":[],"class_list":{"0":"post-109972","1":"product","2":"type-product","3":"status-publish","4":"has-post-thumbnail","6":"product_cat-accessoires-pour-chien","8":"first","9":"instock","10":"taxable","11":"shipping-taxable","12":"purchasable","13":"product-type-simple"},"_links":{"self":[{"href":"https:\/\/metal-badge.ch\/fr\/wp-json\/wp\/v2\/product\/109972","targetHints":{"allow":["GET"]}}],"collection":[{"href":"https:\/\/metal-badge.ch\/fr\/wp-json\/wp\/v2\/product"}],"about":[{"href":"https:\/\/metal-badge.ch\/fr\/wp-json\/wp\/v2\/types\/product"}],"replies":[{"embeddable":true,"href":"https:\/\/metal-badge.ch\/fr\/wp-json\/wp\/v2\/comments?post=109972"}],"wp:featuredmedia":[{"embeddable":true,"href":"https:\/\/metal-badge.ch\/fr\/wp-json\/wp\/v2\/media\/109518"}],"wp:attachment":[{"href":"https:\/\/metal-badge.ch\/fr\/wp-json\/wp\/v2\/media?parent=109972"}],"wp:term":[{"taxonomy":"product_brand","embeddable":true,"href":"https:\/\/metal-badge.ch\/fr\/wp-json\/wp\/v2\/product_brand?post=109972"},{"taxonomy":"product_cat","embeddable":true,"href":"https:\/\/metal-badge.ch\/fr\/wp-json\/wp\/v2\/product_cat?post=109972"},{"taxonomy":"product_tag","embeddable":true,"href":"https:\/\/metal-badge.ch\/fr\/wp-json\/wp\/v2\/product_tag?post=109972"}],"curies":[{"name":"wp","href":"https:\/\/api.w.org\/{rel}","templated":true}]}}