{"id":109966,"date":"2021-07-12T05:26:31","date_gmt":"2021-07-12T03:26:31","guid":{"rendered":"https:\/\/shop.metal-badge.ch\/product\/109966\/harnais-pour-chien-lemon\/"},"modified":"2021-07-12T05:26:31","modified_gmt":"2021-07-12T03:26:31","slug":"harnais-pour-chien-lemon","status":"publish","type":"product","link":"https:\/\/metal-badge.ch\/fr\/product\/109966\/harnais-pour-chien-lemon\/","title":{"rendered":"Harnais pour chien lemon"},"content":{"rendered":"<p><span style=\"font-weight: 400;\">Un harnais pour chien durable pour les terrains accident\u00e9s et une libert\u00e9 de mouvement totale pour la randonn\u00e9e, la course et l&rsquo;escalade sont garantis ici. Poign\u00e9e robuste pour soutenir le chien lorsqu&rsquo;il faut franchir des obstacles. Le harnais pour chien est tr\u00e8s visible gr\u00e2ce \u00e0 ses bandes r\u00e9fl\u00e9chissantes lat\u00e9rales et \u00e0 sa couleur citron. Facile \u00e0 mettre et \u00e0 enlever avec deux points d&rsquo;attache pour la laisse. Un anneau en V au dos permet d&rsquo;attacher la laisse en toute s\u00e9curit\u00e9. Le harnais pour chien est fabriqu\u00e9 en nylon robuste et facile \u00e0 laver.&nbsp;<\/span><\/p>\n<p><b>Informations sur le produit :&nbsp;<\/b><\/p>\n<ul>\n<li><span style=\"font-weight: 400;\">Marque : Brother Catdog 8816&nbsp;<\/span><\/li>\n<li><span style=\"font-weight: 400;\">Sangles d&rsquo;\u00e9paule, de poitrine et de taille r\u00e9glables pour un ajustement personnalis\u00e9.<\/span><\/li>\n<li><span style=\"font-weight: 400;\">Confortable \u00e0 porter gr\u00e2ce aux bretelles rembourr\u00e9es<\/span><\/li>\n<li><span style=\"font-weight: 400;\">Poign\u00e9e pour soulever et soutenir le chien<\/span><\/li>\n<li><span style=\"font-weight: 400;\">Bonne visibilit\u00e9 gr\u00e2ce aux bandes r\u00e9fl\u00e9chissantes int\u00e9gr\u00e9es<\/span><\/li>\n<li><span style=\"font-weight: 400;\">Anneau en V en aluminium pour la laisse<\/span><\/li>\n<li><span style=\"font-weight: 400;\">Couleur : Lemon&nbsp;<\/span><\/li>\n<li><span style=\"font-weight: 400;\">Poids : 320 gr.&nbsp;<\/span><\/li>\n<li><span style=\"font-weight: 400;\">Boucle \u00e0 fermeture rapide<\/span><\/li>\n<li><span style=\"font-weight: 400;\">L\u00e9ger<\/span><\/li>\n<li><span style=\"font-weight: 400;\">Entretien facile \/ lavage \u00e0 la main&nbsp;&nbsp;<\/span><\/li>\n<li><span style=\"font-weight: 400;\">Mat\u00e9riau : Nylon Ripstop 420 deniers&nbsp;<\/span><\/li>\n<li><span style=\"font-weight: 400;\">S \/ M&nbsp; \/ L \/ XL <\/span><\/li>\n<\/ul>\n","protected":false},"excerpt":{"rendered":"<p><span style=\"font-weight: 400;\">Un harnais pour chien durable pour les terrains accident\u00e9s et une libert\u00e9 de mouvement totale pour la randonn\u00e9e, la course et l&rsquo;escalade sont garantis ici. Poign\u00e9e robuste pour soutenir le chien lorsqu&rsquo;il faut franchir des obstacles. Le harnais pour chien est tr\u00e8s visible gr\u00e2ce \u00e0 ses bandes r\u00e9fl\u00e9chissantes lat\u00e9rales et \u00e0 sa couleur citron. Facile \u00e0 mettre et \u00e0 enlever avec deux points d&rsquo;attache pour la laisse. Un anneau en V au dos permet d&rsquo;attacher la laisse en toute s\u00e9curit\u00e9. Le harnais pour chien est fabriqu\u00e9 en nylon robuste et facile \u00e0 laver.&nbsp;<\/span><\/p>\n","protected":false},"featured_media":109626,"comment_status":"closed","ping_status":"closed","template":"","meta":{"inline_featured_image":false},"product_brand":[],"product_cat":[1371],"product_tag":[],"class_list":{"0":"post-109966","1":"product","2":"type-product","3":"status-publish","4":"has-post-thumbnail","6":"product_cat-accessoires-pour-chien","8":"first","9":"instock","10":"taxable","11":"shipping-taxable","12":"purchasable","13":"product-type-simple"},"_links":{"self":[{"href":"https:\/\/metal-badge.ch\/fr\/wp-json\/wp\/v2\/product\/109966","targetHints":{"allow":["GET"]}}],"collection":[{"href":"https:\/\/metal-badge.ch\/fr\/wp-json\/wp\/v2\/product"}],"about":[{"href":"https:\/\/metal-badge.ch\/fr\/wp-json\/wp\/v2\/types\/product"}],"replies":[{"embeddable":true,"href":"https:\/\/metal-badge.ch\/fr\/wp-json\/wp\/v2\/comments?post=109966"}],"wp:featuredmedia":[{"embeddable":true,"href":"https:\/\/metal-badge.ch\/fr\/wp-json\/wp\/v2\/media\/109626"}],"wp:attachment":[{"href":"https:\/\/metal-badge.ch\/fr\/wp-json\/wp\/v2\/media?parent=109966"}],"wp:term":[{"taxonomy":"product_brand","embeddable":true,"href":"https:\/\/metal-badge.ch\/fr\/wp-json\/wp\/v2\/product_brand?post=109966"},{"taxonomy":"product_cat","embeddable":true,"href":"https:\/\/metal-badge.ch\/fr\/wp-json\/wp\/v2\/product_cat?post=109966"},{"taxonomy":"product_tag","embeddable":true,"href":"https:\/\/metal-badge.ch\/fr\/wp-json\/wp\/v2\/product_tag?post=109966"}],"curies":[{"name":"wp","href":"https:\/\/api.w.org\/{rel}","templated":true}]}}