{"id":109739,"date":"2021-07-12T23:33:19","date_gmt":"2021-07-12T21:33:19","guid":{"rendered":"https:\/\/shop.metal-badge.ch\/?post_type=product&#038;p=109739"},"modified":"2021-07-18T00:56:22","modified_gmt":"2021-07-17T22:56:22","slug":"veste-dintervention-tactique-marron","status":"publish","type":"product","link":"https:\/\/metal-badge.ch\/fr\/product\/109739\/veste-dintervention-tactique-marron\/","title":{"rendered":"Veste d&rsquo;intervention tactique marron"},"content":{"rendered":"<p><span style=\"font-weight: 400;\">Notre veste d&rsquo;intervention de Halex a \u00e9t\u00e9 con\u00e7ue pour l&rsquo;utilisation tactique. La veste en polyester Taslan Urbane est r\u00e9sistante au vent et au froid. La capuche peut \u00eatre r\u00e9gl\u00e9 par un cordon \u00e9lastique sur les c\u00f4t\u00e9s et peut \u00eatre rang\u00e9e dans le compartiment \u00e0 fermeture \u00e9clair int\u00e9gr\u00e9 dans le col.&nbsp;<\/span><\/p>\n<p><span style=\"font-weight: 400;\">Cette veste est \u00e9quip\u00e9e de trois \u00e9tiquettes en velcro qui peuvent \u00eatre rang\u00e9es dans des compartiments \u00e0 tirette. Ces \u00e9tiquettes en velcro sont interchangeables et sont \u00e9galement disponibles avec d&rsquo;autres d\u00e9signations. Une petite \u00e9tiquette en velcro portant l&rsquo;inscription \u00ab POLICE \u00bb en lettres noires est fix\u00e9e \u00e0 l&rsquo;avant \u00e0 droite et peut \u00eatre dissimul\u00e9e dans le compartiment zipp\u00e9. Dimensions : 13 cm x 10 cm, peut \u00eatre rang\u00e9.&nbsp;<\/span><\/p>\n<p><span style=\"font-weight: 400;\">L&rsquo;\u00e9tiquette peut \u00e9galement \u00eatre retir\u00e9e ou remplac\u00e9e. On trouve \u00e0 l&rsquo;avant un compartiment avec le support d&rsquo;identification amovible, dans la dimension : 11 cm x 13 cm. Un velcro pour badge avec le nom se trouve au-dessus. Dimensions 10 cm x 2,5 cm.&nbsp;<\/span><\/p>\n<p><span style=\"font-weight: 400;\">L&rsquo;\u00e9tiquette dans le dos avec \u00ab POLICE \u00bb en noir, qui peut \u00eatre rang\u00e9e dans le compartiment zipp\u00e9, peut \u00e9galement \u00eatre retir\u00e9e avec un velcro. Les dimensions de l&rsquo;\u00e9tiquette du dos sont de 31 cm x 10 cm. Si vous souhaitez une autre inscription, nous proposons \u00e9galement une inscription personnalis\u00e9e pour le client. La veste convient donc \u00e9galement \u00e0 un usage priv\u00e9, car les \u00e9tiquettes en velcro peuvent \u00eatre rang\u00e9es ou retir\u00e9es.&nbsp;<\/span><\/p>\n<p><span style=\"font-weight: 400;\">En outre, cette veste est pourvue d&rsquo;un velcro rond sur le bras sup\u00e9rieur droit de 8,5 cm de diam\u00e8tre. \u00c0 l&rsquo;avant, deux grandes poches \u00e0 fermeture \u00e9clair \u00e0 droite et \u00e0 gauche ainsi que deux grandes poches \u00e0 fermeture \u00e9clair sur les deux bras et une petite poche \u00e0 fermeture \u00e9clair suppl\u00e9mentaire sur l&rsquo;avant-bras gauche compl\u00e8tent l&rsquo;espace de rangement. Une autre poche avec deux fermetures \u00e9clair se trouve au bas du dos. La double fermeture \u00e0 glissi\u00e8re est couverte \u00e0 l&rsquo;avant. La veste peut \u00eatre ajust\u00e9e aux hanches par un cordon de serrage. La veste peut \u00eatre ajust\u00e9e aux poignets avec du velcro.&nbsp;<\/span><\/p>\n<p><span style=\"font-weight: 400;\">La veste d&rsquo;intervention est \u00e9quip\u00e9e d&rsquo;une ventilation sous les bras avec un syst\u00e8me de double fermeture \u00e9clair. Ainsi le renouvellement de l&rsquo;air est garanti m\u00eame en cas d&rsquo;activit\u00e9 intense.<\/span><\/p>\n<p><span style=\"font-weight: 400;\">La doublure int\u00e9rieure, un tissu \u00e0 mailles perm\u00e9able \u00e0 l&rsquo;air et l\u00e2che (tissu \u00e0 mailles textiles), permet&nbsp;<\/span><span style=\"font-weight: 400;\">le remplacement de l&rsquo;air. La doublure int\u00e9rieure de cette veste comporte une poche en velcro cousue sur le c\u00f4t\u00e9 gauche.&nbsp;<\/span><\/p>\n<p><span style=\"font-weight: 400;\">Le \u00ab Quick Side Access System \u00bb, \u00e0 fermeture \u00e9clair des deux c\u00f4t\u00e9s, permet de d\u00e9gainer rapidement et facilement un pistolet ou d&rsquo;acc\u00e9der aux pistolets fix\u00e9s \u00e0 la ceinture. Acc\u00e8s aux articles tactiques fix\u00e9s \u00e0 la ceinture. Gr\u00e2ce aux caract\u00e9ristiques ergonomiques QSA, l&rsquo;utilisateur acc\u00e8de \u00e0 sa ceinture ou \u00e0 son holster ou son arme dans un mouvement fluide afin de r\u00e9duire le temps de r\u00e9action dans une situation d&rsquo;urgence mettant sa vie en danger.<\/span><\/p>\n<p><span style=\"font-weight: 400;\">Cette veste est hautement compressible et peut \u00eatre rang\u00e9e dans un sac sans perdre ses propri\u00e9t\u00e9s isolantes.&nbsp;<\/span><\/p>\n<p><b>Informations sur le produit :<\/b><\/p>\n<ul>\n<li><span style=\"font-weight: 400;\">D\u00e9signation : Veste d&rsquo;intervention tactique Halex HI-5515<\/span><\/li>\n<li><span style=\"font-weight: 400;\">La veste est r\u00e9glable par des fermetures velcro aux poignets.<\/span><\/li>\n<li><span style=\"font-weight: 400;\">La veste peut \u00eatre r\u00e9gl\u00e9e au niveau des hanches \u00e0 l&rsquo;aide d&rsquo;un cordon.<\/span><\/li>\n<li><span style=\"font-weight: 400;\">Capuche avec fermeture \u00e9clair et \u00e9lastique pour l&rsquo;ajuster<\/span><\/li>\n<li><span style=\"font-weight: 400;\">Velcro rond pour le bras de 8,5 cm<\/span><\/li>\n<li><span style=\"font-weight: 400;\">Ventilation sous les bras avec syst\u00e8me de double fermeture \u00e9clair&nbsp;<\/span><\/li>\n<li><span style=\"font-weight: 400;\">Syst\u00e8me d&rsquo;acc\u00e8s lat\u00e9ral rapide pour un acc\u00e8s rapide \u00e0 l&rsquo;arme des deux c\u00f4t\u00e9s.<\/span><\/li>\n<li><span style=\"font-weight: 400;\">3 \u00e9tiquettes velcro rangeables dans des compartiments \u00e0 fermeture \u00e9clair<\/span><\/li>\n<li><span style=\"font-weight: 400;\">2 grandes poches frontales \u00e0 fermeture \u00e9clair<\/span><\/li>\n<li><span style=\"font-weight: 400;\">1 grande poche arri\u00e8re \u00e0 fermeture \u00e9clair avec deux fermetures \u00e9clair sur toute le pourtour<\/span><\/li>\n<li><span style=\"font-weight: 400;\">3 poches \u00e0 fermeture \u00e9clair sur la manche<\/span><\/li>\n<li><span style=\"font-weight: 400;\">1 \u00e9tiquette arri\u00e8re 31 cm x 10 cm avec pochette \u00e0 fermeture \u00e9clair dissimul\u00e9e&nbsp;<\/span><\/li>\n<li><span style=\"font-weight: 400;\">1 velcro pour badge de nom 10 cm x 2,5 cm&nbsp;<\/span><\/li>\n<li><span style=\"font-weight: 400;\">1 poche cach\u00e9e \u00e0 fermeture \u00e9clair pour fen\u00eatre d&rsquo;identification avec velcro<\/span><\/li>\n<li><span style=\"font-weight: 400;\">Poids : 1400 g&nbsp;<\/span><\/li>\n<li><span style=\"font-weight: 400;\">Mati\u00e8re&nbsp;: 100 % polyester taslan&nbsp;<\/span><\/li>\n<li><span style=\"font-weight: 400;\">Doublure int\u00e9rieure en tissu maill\u00e9 avec poche int\u00e9rieure en velcro<\/span><\/li>\n<li><span style=\"font-weight: 400;\">Fermetures \u00e9clair YKK<\/span><\/li>\n<li><span style=\"font-weight: 400;\">Couleur : brun<\/span><\/li>\n<li><span style=\"font-weight: 400;\">Inscription : inscription \u00ab&nbsp;POLIZEI \u00bb noir, autres inscriptions sur demande&nbsp;<\/span><\/li>\n<li><span style=\"font-weight: 400;\">Tailles : XS, S, M, L, XL, 2XL&nbsp;<\/span><\/li>\n<\/ul>\n","protected":false},"excerpt":{"rendered":"<p><span style=\"font-weight: 400;\">Notre veste d&rsquo;intervention de Halex a \u00e9t\u00e9 con\u00e7ue pour l&rsquo;utilisation tactique. La veste en polyester Taslan Urbane est r\u00e9sistante au vent et au froid. La capuche peut \u00eatre r\u00e9gl\u00e9 par un cordon \u00e9lastique sur les c\u00f4t\u00e9s et peut \u00eatre rang\u00e9e dans le compartiment \u00e0 fermeture \u00e9clair int\u00e9gr\u00e9 dans le col.&nbsp;<\/span><\/p>\n<p><span style=\"font-weight: 400;\">Cette veste est \u00e9quip\u00e9e de trois \u00e9tiquettes en velcro qui peuvent \u00eatre rang\u00e9es dans des compartiments \u00e0 tirette. Ces \u00e9tiquettes en velcro sont interchangeables et sont \u00e9galement disponibles avec d&rsquo;autres d\u00e9signations. Une petite \u00e9tiquette en velcro portant l&rsquo;inscription \u00ab POLICE \u00bb en lettres noires est fix\u00e9e \u00e0 l&rsquo;avant \u00e0 droite et peut \u00eatre dissimul\u00e9e dans le compartiment zipp\u00e9. Dimensions : 13 cm x 10 cm, peut \u00eatre rang\u00e9.&nbsp;<\/span><\/p>\n<p><strong>Inscription : inscription \u00ab&nbsp;POLIZEI \u00bb noir, autres inscriptions sur demande&nbsp;<\/strong><\/p>\n","protected":false},"featured_media":110183,"comment_status":"closed","ping_status":"closed","template":"","meta":{"inline_featured_image":false},"product_brand":[],"product_cat":[1634],"product_tag":[],"class_list":{"0":"post-109739","1":"product","2":"type-product","3":"status-publish","4":"has-post-thumbnail","6":"product_cat-vestes-and-vetements-tactiques-couleurs-de-camouflage","8":"first","9":"instock","10":"taxable","11":"shipping-taxable","12":"purchasable","13":"product-type-simple"},"_links":{"self":[{"href":"https:\/\/metal-badge.ch\/fr\/wp-json\/wp\/v2\/product\/109739","targetHints":{"allow":["GET"]}}],"collection":[{"href":"https:\/\/metal-badge.ch\/fr\/wp-json\/wp\/v2\/product"}],"about":[{"href":"https:\/\/metal-badge.ch\/fr\/wp-json\/wp\/v2\/types\/product"}],"replies":[{"embeddable":true,"href":"https:\/\/metal-badge.ch\/fr\/wp-json\/wp\/v2\/comments?post=109739"}],"wp:featuredmedia":[{"embeddable":true,"href":"https:\/\/metal-badge.ch\/fr\/wp-json\/wp\/v2\/media\/110183"}],"wp:attachment":[{"href":"https:\/\/metal-badge.ch\/fr\/wp-json\/wp\/v2\/media?parent=109739"}],"wp:term":[{"taxonomy":"product_brand","embeddable":true,"href":"https:\/\/metal-badge.ch\/fr\/wp-json\/wp\/v2\/product_brand?post=109739"},{"taxonomy":"product_cat","embeddable":true,"href":"https:\/\/metal-badge.ch\/fr\/wp-json\/wp\/v2\/product_cat?post=109739"},{"taxonomy":"product_tag","embeddable":true,"href":"https:\/\/metal-badge.ch\/fr\/wp-json\/wp\/v2\/product_tag?post=109739"}],"curies":[{"name":"wp","href":"https:\/\/api.w.org\/{rel}","templated":true}]}}