{"id":109654,"date":"2021-07-11T20:17:12","date_gmt":"2021-07-11T18:17:12","guid":{"rendered":"https:\/\/shop.metal-badge.ch\/product\/109654\/gilet-davertissement-polizia\/"},"modified":"2023-04-01T13:23:33","modified_gmt":"2023-04-01T11:23:33","slug":"gilet-davertissement-polizia","status":"publish","type":"product","link":"https:\/\/metal-badge.ch\/fr\/product\/109654\/gilet-davertissement-polizia\/","title":{"rendered":"Gilet d&rsquo;avertissement \u00ab\u00a0Polizia\u00a0\u00bb haute visibilit\u00e9"},"content":{"rendered":"<p><span style=\"font-weight: 400;\">Gilet haute visibilit\u00e9 l\u00e9ger et pratique dans la combinaison de couleurs jaune et orange vifs.&nbsp; Les bandes r\u00e9fl\u00e9chissantes p\u00e9riph\u00e9riques sont \u00e9galement bien visibles dans l&rsquo;obscurit\u00e9 et par mauvaise visibilit\u00e9. Avec seulement 140 g, le gilet se glisse \u00e9galement dans presque toutes les poches. Ces gilets peuvent \u00eatre tr\u00e8s bien ajust\u00e9s lat\u00e9ralement au porteur \u00e0 l&rsquo;aide de velcros. Le gilet est facile \u00e0 nettoyer et \u00e0 laver et est conforme \u00e0 la derni\u00e8re norme ISO EN 20471.&nbsp;<\/span><\/p>\n<p><b>Informations sur le produit :<\/b><span style=\"font-weight: 400;\"><br \/>\n<\/span><\/p>\n<ul>\n<li><span style=\"font-weight: 400;\">Couleur : Jaune \/ orange<\/span><span style=\"font-weight: 400;\"><br \/>\n<\/span><\/li>\n<li><span style=\"font-weight: 400;\">Bandes r\u00e9fl\u00e9chissantes Bandes sur tout le pourtour haute <\/span><\/li>\n<li><span style=\"font-weight: 400;\">visibilit\u00e9, de 5 cm de large<\/span><span style=\"font-weight: 400;\"><br \/>\n<\/span><\/li>\n<li><span style=\"font-weight: 400;\">Mati\u00e8re : 100 % polyester<\/span><span style=\"font-weight: 400;\"><br \/>\n<\/span><\/li>\n<li><span style=\"font-weight: 400;\">Poids : 140 g<\/span><span style=\"font-weight: 400;\"><br \/>\n<\/span><\/li>\n<li><span style=\"font-weight: 400;\">Norme EN certifi\u00e9e CE : 20471<\/span><span style=\"font-weight: 400;\"><br \/>\n<\/span><\/li>\n<li><span style=\"font-weight: 400;\">Lavable : 40\u00ba degr\u00e9s<\/span><span style=\"font-weight: 400;\"><br \/>\n<\/span><\/li>\n<li><span style=\"font-weight: 400;\">Tailles : S, M, L, XL, 2XL :<\/span><span style=\"font-weight: 400;\"><br \/>\n<\/span><\/li>\n<li><span style=\"font-weight: 400;\">Choix d\u2019inscription : POLIZIA <\/span><\/li>\n<\/ul>\n","protected":false},"excerpt":{"rendered":"<p><span style=\"font-weight: 400;\">Gilet haute visibilit\u00e9 l\u00e9ger et pratique dans la combinaison de couleurs jaune et orange vifs.&nbsp; Les bandes r\u00e9fl\u00e9chissantes p\u00e9riph\u00e9riques sont \u00e9galement bien visibles dans l&rsquo;obscurit\u00e9 et par mauvaise visibilit\u00e9. Avec seulement 140 g, le gilet se glisse \u00e9galement dans presque toutes les poches. Ces gilets peuvent \u00eatre tr\u00e8s bien ajust\u00e9s lat\u00e9ralement au porteur \u00e0 l&rsquo;aide de velcros. Le gilet est facile \u00e0 nettoyer et \u00e0 laver et est conforme \u00e0 la derni\u00e8re norme ISO EN 20471.&nbsp;<\/span><\/p>\n","protected":false},"featured_media":109430,"comment_status":"closed","ping_status":"closed","template":"","meta":{"inline_featured_image":false},"product_brand":[],"product_cat":[2215,1606],"product_tag":[],"class_list":{"0":"post-109654","1":"product","2":"type-product","3":"status-publish","4":"has-post-thumbnail","6":"product_cat-vestes_tactiques","7":"product_cat-vetements-haute-visibilite-et-lumineux","9":"first","10":"instock","11":"taxable","12":"shipping-taxable","13":"purchasable","14":"product-type-simple"},"_links":{"self":[{"href":"https:\/\/metal-badge.ch\/fr\/wp-json\/wp\/v2\/product\/109654","targetHints":{"allow":["GET"]}}],"collection":[{"href":"https:\/\/metal-badge.ch\/fr\/wp-json\/wp\/v2\/product"}],"about":[{"href":"https:\/\/metal-badge.ch\/fr\/wp-json\/wp\/v2\/types\/product"}],"replies":[{"embeddable":true,"href":"https:\/\/metal-badge.ch\/fr\/wp-json\/wp\/v2\/comments?post=109654"}],"wp:featuredmedia":[{"embeddable":true,"href":"https:\/\/metal-badge.ch\/fr\/wp-json\/wp\/v2\/media\/109430"}],"wp:attachment":[{"href":"https:\/\/metal-badge.ch\/fr\/wp-json\/wp\/v2\/media?parent=109654"}],"wp:term":[{"taxonomy":"product_brand","embeddable":true,"href":"https:\/\/metal-badge.ch\/fr\/wp-json\/wp\/v2\/product_brand?post=109654"},{"taxonomy":"product_cat","embeddable":true,"href":"https:\/\/metal-badge.ch\/fr\/wp-json\/wp\/v2\/product_cat?post=109654"},{"taxonomy":"product_tag","embeddable":true,"href":"https:\/\/metal-badge.ch\/fr\/wp-json\/wp\/v2\/product_tag?post=109654"}],"curies":[{"name":"wp","href":"https:\/\/api.w.org\/{rel}","templated":true}]}}