{"id":108901,"date":"2021-07-11T04:04:17","date_gmt":"2021-07-11T02:04:17","guid":{"rendered":"https:\/\/shop.metal-badge.ch\/product\/108901\/sac-a-dos-multifonctionnel-bleu-fonce\/"},"modified":"2024-12-04T00:14:10","modified_gmt":"2024-12-03T23:14:10","slug":"sac-a-dos-multifonctionnel-bleu-fonce","status":"publish","type":"product","link":"https:\/\/metal-badge.ch\/fr\/product\/108901\/sac-a-dos-multifonctionnel-bleu-fonce\/","title":{"rendered":"Sac \u00e0 dos multifonctionnel bleu fonc\u00e9"},"content":{"rendered":"<p><span style=\"font-weight: 400;\">Que ce soit pour des activit\u00e9s de plein air ou pour aller en classe, ce sac \u00e0 dos remplit toutes les t\u00e2ches gr\u00e2ce \u00e0 ses caract\u00e9ristiques. Sac \u00e0 dos multifonctionnel en polyester, acc\u00e8s \u00e9tanche avec fiche et c\u00e2ble USB int\u00e9gr\u00e9s et ouverture pour casque avec c\u00e2ble. Bretelles r\u00e9glables ergonomiques , panneau arri\u00e8re Airflow rembourr\u00e9 assurant un grand confort de portage, deux porte-bouteilles \u00e9lastiques sur le c\u00f4t\u00e9, compartiment pour ordinateur portable rembourr\u00e9, trois grandes poches \u00e0 double fermeture \u00e9clair. R\u00e9flecteurs externes, poign\u00e9e de transport robuste et confortable.<\/span><\/p>\n<p><span style=\"font-weight: 400;\">Ce sac \u00e0 dos est id\u00e9al pour les excursions d&rsquo;un jour et les randonn\u00e9es, ainsi que pour une utilisation en ville au quotidien. Le sac \u00e0 dos, avec son total de 3 compartiments \u00e0 fermeture \u00e9clair, offre beaucoup d&rsquo;espace de stockage. Le sac \u00e0 dos est fabriqu\u00e9 en polyester, et l&rsquo;int\u00e9rieur en nylon est hydrofuge. Il est id\u00e9al pour les longs voyages par mauvais temps. Le prix comprend une serrure \u00e0 combinaison<\/span><\/p>\n<p><b>Informations du produit :&nbsp;<\/b><\/p>\n<ul>\n<li><span style=\"font-weight: 400;\">Mod\u00e8le : 1810-L blue&nbsp;<\/span><\/li>\n<li><span style=\"font-weight: 400;\">Poids : 750 g.&nbsp;<\/span><\/li>\n<li><span style=\"font-weight: 400;\">Couleur : bleu&nbsp;<\/span><\/li>\n<li><span style=\"font-weight: 400;\">Dimensions : Hauteur 50 cm \/ Largeur 31 cm \/ Profondeur 21 cm<\/span><\/li>\n<li><span style=\"font-weight: 400;\">Avec 3 grandes poches \u00e0 double fermeture \u00e9clair&nbsp;<\/span><\/li>\n<li><span style=\"font-weight: 400;\">Diff\u00e9rentes poches RFID se trouvent dans le compartiment ext\u00e9rieur \u00e0 fermeture \u00e9clair.<\/span><\/li>\n<li><span style=\"font-weight: 400;\">Avec prise USB int\u00e9gr\u00e9e avec c\u00e2ble et raccord casque avec c\u00e2ble&nbsp;&nbsp;<\/span><\/li>\n<li><span style=\"font-weight: 400;\">R\u00e9flecteurs et poign\u00e9e de transport robuste&nbsp;<\/span><\/li>\n<li><span style=\"font-weight: 400;\">Contenu de 27 litres&nbsp;<\/span><\/li>\n<li><span style=\"font-weight: 400;\">2 porte-bouteilles lat\u00e9raux \u00e9lastiques en filet<\/span><\/li>\n<li><span style=\"font-weight: 400;\">Le prix comprend une serrure \u00e0 combinaison<\/span><\/li>\n<\/ul>\n","protected":false},"excerpt":{"rendered":"<p><span style=\"font-weight: 400;\">Que ce soit pour des activit\u00e9s de plein air ou pour aller en classe, ce sac \u00e0 dos remplit toutes les t\u00e2ches gr\u00e2ce \u00e0 ses caract\u00e9ristiques. Sac \u00e0 dos multifonctionnel en polyester, acc\u00e8s \u00e9tanche avec fiche et c\u00e2ble USB int\u00e9gr\u00e9s et ouverture pour casque avec c\u00e2ble. Bretelles r\u00e9glables ergonomiques , panneau arri\u00e8re Airflow rembourr\u00e9 assurant un grand confort de portage, deux porte-bouteilles \u00e9lastiques sur le c\u00f4t\u00e9, compartiment pour ordinateur portable rembourr\u00e9, trois grandes poches \u00e0 double fermeture \u00e9clair. R\u00e9flecteurs externes, poign\u00e9e de transport robuste et confortable.<\/span><\/p>\n","protected":false},"featured_media":108854,"comment_status":"closed","ping_status":"closed","template":"","meta":{"inline_featured_image":false},"product_brand":[],"product_cat":[1255],"product_tag":[],"class_list":{"0":"post-108901","1":"product","2":"type-product","3":"status-publish","4":"has-post-thumbnail","6":"product_cat-sacs-a-dos-et-systemes-de-boisson","8":"first","9":"instock","10":"taxable","11":"shipping-taxable","12":"purchasable","13":"product-type-simple"},"_links":{"self":[{"href":"https:\/\/metal-badge.ch\/fr\/wp-json\/wp\/v2\/product\/108901","targetHints":{"allow":["GET"]}}],"collection":[{"href":"https:\/\/metal-badge.ch\/fr\/wp-json\/wp\/v2\/product"}],"about":[{"href":"https:\/\/metal-badge.ch\/fr\/wp-json\/wp\/v2\/types\/product"}],"replies":[{"embeddable":true,"href":"https:\/\/metal-badge.ch\/fr\/wp-json\/wp\/v2\/comments?post=108901"}],"wp:featuredmedia":[{"embeddable":true,"href":"https:\/\/metal-badge.ch\/fr\/wp-json\/wp\/v2\/media\/108854"}],"wp:attachment":[{"href":"https:\/\/metal-badge.ch\/fr\/wp-json\/wp\/v2\/media?parent=108901"}],"wp:term":[{"taxonomy":"product_brand","embeddable":true,"href":"https:\/\/metal-badge.ch\/fr\/wp-json\/wp\/v2\/product_brand?post=108901"},{"taxonomy":"product_cat","embeddable":true,"href":"https:\/\/metal-badge.ch\/fr\/wp-json\/wp\/v2\/product_cat?post=108901"},{"taxonomy":"product_tag","embeddable":true,"href":"https:\/\/metal-badge.ch\/fr\/wp-json\/wp\/v2\/product_tag?post=108901"}],"curies":[{"name":"wp","href":"https:\/\/api.w.org\/{rel}","templated":true}]}}