{"id":108716,"date":"2021-07-09T17:57:10","date_gmt":"2021-07-09T15:57:10","guid":{"rendered":"https:\/\/shop.metal-badge.ch\/product\/108716\/cone-de-securite-pliable-avec-eclairage-led\/"},"modified":"2022-01-10T23:09:35","modified_gmt":"2022-01-10T22:09:35","slug":"cone-de-securite-pliable-avec-eclairage-led","status":"publish","type":"product","link":"https:\/\/metal-badge.ch\/fr\/product\/108716\/cone-de-securite-pliable-avec-eclairage-led\/","title":{"rendered":"C\u00f4ne de s\u00e9curit\u00e9 pliable avec \u00e9clairage LED"},"content":{"rendered":"<p><span style=\"font-weight: 400;\">C\u00f4ne de s\u00e9curit\u00e9 en nylon pliable avec bandes r\u00e9fl\u00e9chissantes. Pour la mise en place rapide d&rsquo;une zone d&rsquo;exclusion. Le c\u00f4ne de signalisation pliable \u00e9quip\u00e9 d&rsquo;une LED est aliment\u00e9 par 2 piles AAA qui ne sont pas incluses. Pour le marquage des barri\u00e8res et des zones dangereuses, en particulier la nuit. Le c\u00f4ne peut \u00eatre repli\u00e9 pour gagner de la place et la LED clignotante peut \u00eatre retir\u00e9e, de sorte qu&rsquo;il peut \u00eatre rang\u00e9 sous n&rsquo;importe quel si\u00e8ge du conducteur ou dans le coffre.<\/span><\/p>\n<p><b>Sp\u00e9cifications<\/b><\/p>\n<ul>\n<li><span style=\"font-weight: 400;\">Hauteur : 70 cm \/ 46cm<\/span><\/li>\n<li><span style=\"font-weight: 400;\">Dimensions de la base quand le c\u00f4ne est pli\u00e9&nbsp;: 30 cm x 30 cm x 3.5 cm&nbsp;&nbsp;<\/span><\/li>\n<li><span style=\"font-weight: 400;\">Poids : 760 g \/ 430 g<\/span><\/li>\n<li><span style=\"font-weight: 400;\">Couleur du nylon&nbsp;: Orange<\/span><span style=\"font-weight: 400;\"><br \/>\n<\/span><\/li>\n<li><span style=\"font-weight: 400;\">Pr\u00eat pour une utilisation imm\u00e9diate<\/span><span style=\"font-weight: 400;\"><br \/>\n<\/span><\/li>\n<li><span style=\"font-weight: 400;\">Effet de signal \u00e9lev\u00e9 gr\u00e2ce aux bandes r\u00e9fl\u00e9chissantes<\/span><\/li>\n<li><span style=\"font-weight: 400;\">Rangement peu encombrant \/ pliable<\/span><span style=\"font-weight: 400;\">&nbsp;<\/span><\/li>\n<li><span style=\"font-weight: 400;\">En orange vif avec des bandes r\u00e9fl\u00e9chissantes, facilement visibles \u00e0 longue distance.<\/span><\/li>\n<li><span style=\"font-weight: 400;\">Piles : 2 x AAA (non comprises)<\/span><\/li>\n<li><span style=\"font-weight: 400;\">Avec LED&nbsp;<\/span><\/li>\n<\/ul>\n","protected":false},"excerpt":{"rendered":"<p><span style=\"font-weight: 400;\">C\u00f4ne de s\u00e9curit\u00e9 en nylon pliable avec bandes r\u00e9fl\u00e9chissantes. Pour la mise en place rapide d&rsquo;une zone d&rsquo;exclusion. Le c\u00f4ne de signalisation pliable \u00e9quip\u00e9 d&rsquo;une LED est aliment\u00e9 par 2 piles AAA qui ne sont pas incluses. Pour le marquage des barri\u00e8res et des zones dangereuses, en particulier la nuit. Le c\u00f4ne peut \u00eatre repli\u00e9 pour gagner de la place et la LED clignotante peut \u00eatre retir\u00e9e, de sorte qu&rsquo;il peut \u00eatre rang\u00e9 sous n&rsquo;importe quel si\u00e8ge du conducteur ou dans le coffre.<\/span><\/p>\n","protected":false},"featured_media":108701,"comment_status":"closed","ping_status":"closed","template":"","meta":{"inline_featured_image":false},"product_brand":[],"product_cat":[1726],"product_tag":[1793],"class_list":{"0":"post-108716","1":"product","2":"type-product","3":"status-publish","4":"has-post-thumbnail","6":"product_cat-coni-stradali-piloni-segnaletica","7":"product_tag-vehicule-route","9":"first","10":"instock","11":"taxable","12":"shipping-taxable","13":"purchasable","14":"product-type-simple"},"_links":{"self":[{"href":"https:\/\/metal-badge.ch\/fr\/wp-json\/wp\/v2\/product\/108716","targetHints":{"allow":["GET"]}}],"collection":[{"href":"https:\/\/metal-badge.ch\/fr\/wp-json\/wp\/v2\/product"}],"about":[{"href":"https:\/\/metal-badge.ch\/fr\/wp-json\/wp\/v2\/types\/product"}],"replies":[{"embeddable":true,"href":"https:\/\/metal-badge.ch\/fr\/wp-json\/wp\/v2\/comments?post=108716"}],"wp:featuredmedia":[{"embeddable":true,"href":"https:\/\/metal-badge.ch\/fr\/wp-json\/wp\/v2\/media\/108701"}],"wp:attachment":[{"href":"https:\/\/metal-badge.ch\/fr\/wp-json\/wp\/v2\/media?parent=108716"}],"wp:term":[{"taxonomy":"product_brand","embeddable":true,"href":"https:\/\/metal-badge.ch\/fr\/wp-json\/wp\/v2\/product_brand?post=108716"},{"taxonomy":"product_cat","embeddable":true,"href":"https:\/\/metal-badge.ch\/fr\/wp-json\/wp\/v2\/product_cat?post=108716"},{"taxonomy":"product_tag","embeddable":true,"href":"https:\/\/metal-badge.ch\/fr\/wp-json\/wp\/v2\/product_tag?post=108716"}],"curies":[{"name":"wp","href":"https:\/\/api.w.org\/{rel}","templated":true}]}}