{"id":108643,"date":"2021-07-07T09:20:40","date_gmt":"2021-07-07T07:20:41","guid":{"rendered":"https:\/\/shop.metal-badge.ch\/?post_type=product&#038;p=108643"},"modified":"2021-07-07T09:35:35","modified_gmt":"2021-07-07T07:35:35","slug":"mousqueton-8-cm-mousqueton-en-s-noir-66-mm-88-mm","status":"publish","type":"product","link":"https:\/\/metal-badge.ch\/fr\/product\/108643\/mousqueton-8-cm-mousqueton-en-s-noir-66-mm-88-mm\/","title":{"rendered":"Mousqueton 8 cm \/ Mousqueton en S &#8211; noir &#8211; 66 mm \/ 88 mm"},"content":{"rendered":"<p><span style=\"font-weight: 400;\">Un mousqueton extr\u00eamement polyvalent. Les deux ouvertures permettent un nombre infini d&rsquo;applications. La r\u00e9sistance \u00e9lev\u00e9e \u00e0 la traction garantit sa tenue m\u00eame avec de lourdes charges. Id\u00e9al pour attacher des articles \u00e0 votre sac \u00e0 dos, votre ceinture, votre tente, etc. et les retirer rapidement. Les crochets en S vous permettent de fixer votre filet \u00e0 bagages de mani\u00e8re alternative ou suppl\u00e9mentaire en toute s\u00e9curit\u00e9. \u00c0 tout endroit appropri\u00e9 autour du compartiment de bagages. Que ce soit pour attacher des accessoires et du mat\u00e9riel, comme porte-cl\u00e9s ou pour organiser votre camp, votre atelier ou votre garage. Pratique, stable, l\u00e9ger et tout simplement universel.<\/span><\/p>\n<p><b>Informations du produit :<\/b><\/p>\n<ul>\n<li><span style=\"font-weight: 400;\">Mousqueton double face &#8211; Mousqueton en S, mousqueton 8 cm<\/span><\/li>\n<li><span style=\"font-weight: 400;\">Mati\u00e8re&nbsp;: aluminium<\/span><\/li>\n<li><span style=\"font-weight: 400;\">Convient aux filets \u00e0 bagages courants pour compartiments de bagages<\/span><\/li>\n<li><span style=\"font-weight: 400;\">Pour un montage alternatif ou suppl\u00e9mentaire sur les \u0153illets de fixation et les endroits appropri\u00e9s autour du coffre.<\/span><\/li>\n<li><span style=\"font-weight: 400;\">Comme porte-cl\u00e9s et bien plus encore&nbsp;<\/span><\/li>\n<li><span style=\"font-weight: 400;\">Poids total : env. 30 g<\/span><\/li>\n<li><span style=\"font-weight: 400;\">Plot de verrouillage s\u00e9curis\u00e9 en acier inoxydable<\/span><\/li>\n<li><span style=\"font-weight: 400;\">Deux ouvertures<\/span><\/li>\n<li><span style=\"font-weight: 400;\">Couleurs :&nbsp; noir<\/span><\/li>\n<li><span style=\"font-weight: 400;\">Tailles : 66 mm \/ 88 mm<\/span><\/li>\n<li><span style=\"font-weight: 400;\">Charge jusqu&rsquo;\u00e0 15 kg : grand mousqueton 66 mm et 88 mm&nbsp; <\/span><\/li>\n<li><span style=\"font-weight: 400;\">Ces mousquetons ne sont pas des mousquetons d&rsquo;escalade.<\/span><\/li>\n<li><span style=\"font-weight: 400;\">Poids : 15 g<\/span><\/li>\n<\/ul>\n","protected":false},"excerpt":{"rendered":"<p><span style=\"font-weight: 400;\">Un mousqueton extr\u00eamement polyvalent. Les deux ouvertures permettent un nombre infini d&rsquo;applications. La r\u00e9sistance \u00e9lev\u00e9e \u00e0 la traction garantit sa tenue m\u00eame avec de lourdes charges. Id\u00e9al pour attacher des articles \u00e0 votre sac \u00e0 dos, votre ceinture, votre tente, etc. et les retirer rapidement. Les crochets en S vous permettent de fixer votre filet \u00e0 bagages de mani\u00e8re alternative ou suppl\u00e9mentaire en toute s\u00e9curit\u00e9. \u00c0 tout endroit appropri\u00e9 autour du compartiment de bagages. Que ce soit pour attacher des accessoires et du mat\u00e9riel, comme porte-cl\u00e9s ou pour organiser votre camp, votre atelier ou votre garage. Pratique, stable, l\u00e9ger et tout simplement universel.<\/span><\/p>\n","protected":false},"featured_media":108633,"comment_status":"closed","ping_status":"closed","template":"","meta":{"inline_featured_image":false},"product_brand":[],"product_cat":[1678,951],"product_tag":[1765],"class_list":{"0":"post-108643","1":"product","2":"type-product","3":"status-publish","4":"has-post-thumbnail","6":"product_cat-cordes-securite","7":"product_cat-porte-cles-mousqueton","8":"product_tag-sport-outdoor-fr","10":"first","11":"instock","12":"taxable","13":"shipping-taxable","14":"purchasable","15":"product-type-simple"},"_links":{"self":[{"href":"https:\/\/metal-badge.ch\/fr\/wp-json\/wp\/v2\/product\/108643","targetHints":{"allow":["GET"]}}],"collection":[{"href":"https:\/\/metal-badge.ch\/fr\/wp-json\/wp\/v2\/product"}],"about":[{"href":"https:\/\/metal-badge.ch\/fr\/wp-json\/wp\/v2\/types\/product"}],"replies":[{"embeddable":true,"href":"https:\/\/metal-badge.ch\/fr\/wp-json\/wp\/v2\/comments?post=108643"}],"wp:featuredmedia":[{"embeddable":true,"href":"https:\/\/metal-badge.ch\/fr\/wp-json\/wp\/v2\/media\/108633"}],"wp:attachment":[{"href":"https:\/\/metal-badge.ch\/fr\/wp-json\/wp\/v2\/media?parent=108643"}],"wp:term":[{"taxonomy":"product_brand","embeddable":true,"href":"https:\/\/metal-badge.ch\/fr\/wp-json\/wp\/v2\/product_brand?post=108643"},{"taxonomy":"product_cat","embeddable":true,"href":"https:\/\/metal-badge.ch\/fr\/wp-json\/wp\/v2\/product_cat?post=108643"},{"taxonomy":"product_tag","embeddable":true,"href":"https:\/\/metal-badge.ch\/fr\/wp-json\/wp\/v2\/product_tag?post=108643"}],"curies":[{"name":"wp","href":"https:\/\/api.w.org\/{rel}","templated":true}]}}