{"id":108562,"date":"2021-07-05T19:26:25","date_gmt":"2021-07-05T17:26:26","guid":{"rendered":"https:\/\/shop.metal-badge.ch\/?post_type=product&#038;p=108562"},"modified":"2021-07-05T19:30:42","modified_gmt":"2021-07-05T17:30:42","slug":"mousqueton-de-materiel-mini-biner-wall-bleu-2","status":"publish","type":"product","link":"https:\/\/metal-badge.ch\/fr\/product\/108562\/mousqueton-de-materiel-mini-biner-wall-bleu-2\/","title":{"rendered":"Mousqueton de mat\u00e9riel Mini Biner Wall &#8211; bleu"},"content":{"rendered":"<p><span style=\"font-weight: 400;\">Une petite aide sur votre porte-cl\u00e9s&nbsp;:<\/span><span style=\"font-weight: 400;\"><br \/>\n<\/span><span style=\"font-weight: 400;\">Ce petit mousqueton plat (5,0 cm) n&rsquo;est certes pas adapt\u00e9 \u00e0 l&rsquo;escalade, mais sert parfaitement de porte-cl\u00e9s ou pour attacher du mat\u00e9riel \u00e0 votre sac \u00e0 dos.<\/span><span style=\"font-weight: 400;\"><br \/>\n<\/span><\/p>\n<p><b>Informations du produit :&nbsp;<\/b><\/p>\n<ul>\n<li><span style=\"font-weight: 400;\">Longueur :&nbsp;5,0 cm<\/span><span style=\"font-weight: 400;\"><br \/>\n<\/span><\/li>\n<li><span style=\"font-weight: 400;\">Mat\u00e9riau&nbsp;: Aluminium<\/span><span style=\"font-weight: 400;\"><br \/>\n<\/span><\/li>\n<li><span style=\"font-weight: 400;\">\u00c9quipement : Doigt-fil<\/span><span style=\"font-weight: 400;\"><br \/>\n<\/span><\/li>\n<li><span style=\"font-weight: 400;\">Poids : 4 g<\/span><\/li>\n<li><span style=\"font-weight: 400;\">Charge de traction&nbsp;: 6 kg <\/span><span style=\"font-weight: 400;\"><br \/>\n<\/span><\/li>\n<li><span style=\"font-weight: 400;\">Suppl\u00e9ment : avec anneau de porte-cl\u00e9s<\/span><\/li>\n<li><span style=\"font-weight: 400;\">Couleur : bleu<\/span><\/li>\n<\/ul>\n<p><strong>Le mousqueton de mat\u00e9riel n&rsquo;est pas adapt\u00e9 pour l&rsquo;escalade.<\/strong><\/p>\n","protected":false},"excerpt":{"rendered":"<p><span style=\"font-weight: 400;\">Une petite aide sur votre porte-cl\u00e9s&nbsp;:<\/span><span style=\"font-weight: 400;\"><br \/>\n<\/span><span style=\"font-weight: 400;\">Ce petit mousqueton plat (5,0 cm) n&rsquo;est certes pas adapt\u00e9 \u00e0 l&rsquo;escalade, mais sert parfaitement de porte-cl\u00e9s ou pour attacher du mat\u00e9riel \u00e0 votre sac \u00e0 dos.<\/span><\/p>\n","protected":false},"featured_media":108566,"comment_status":"closed","ping_status":"closed","template":"","meta":{"inline_featured_image":false},"product_brand":[],"product_cat":[1678],"product_tag":[1765],"class_list":{"0":"post-108562","1":"product","2":"type-product","3":"status-publish","4":"has-post-thumbnail","6":"product_cat-cordes-securite","7":"product_tag-sport-outdoor-fr","9":"first","10":"instock","11":"taxable","12":"shipping-taxable","13":"purchasable","14":"product-type-simple"},"_links":{"self":[{"href":"https:\/\/metal-badge.ch\/fr\/wp-json\/wp\/v2\/product\/108562","targetHints":{"allow":["GET"]}}],"collection":[{"href":"https:\/\/metal-badge.ch\/fr\/wp-json\/wp\/v2\/product"}],"about":[{"href":"https:\/\/metal-badge.ch\/fr\/wp-json\/wp\/v2\/types\/product"}],"replies":[{"embeddable":true,"href":"https:\/\/metal-badge.ch\/fr\/wp-json\/wp\/v2\/comments?post=108562"}],"wp:featuredmedia":[{"embeddable":true,"href":"https:\/\/metal-badge.ch\/fr\/wp-json\/wp\/v2\/media\/108566"}],"wp:attachment":[{"href":"https:\/\/metal-badge.ch\/fr\/wp-json\/wp\/v2\/media?parent=108562"}],"wp:term":[{"taxonomy":"product_brand","embeddable":true,"href":"https:\/\/metal-badge.ch\/fr\/wp-json\/wp\/v2\/product_brand?post=108562"},{"taxonomy":"product_cat","embeddable":true,"href":"https:\/\/metal-badge.ch\/fr\/wp-json\/wp\/v2\/product_cat?post=108562"},{"taxonomy":"product_tag","embeddable":true,"href":"https:\/\/metal-badge.ch\/fr\/wp-json\/wp\/v2\/product_tag?post=108562"}],"curies":[{"name":"wp","href":"https:\/\/api.w.org\/{rel}","templated":true}]}}