{"id":108514,"date":"2021-07-05T16:04:28","date_gmt":"2021-07-05T14:04:29","guid":{"rendered":"https:\/\/shop.metal-badge.ch\/?post_type=product&#038;p=108514"},"modified":"2021-07-05T16:11:36","modified_gmt":"2021-07-05T14:11:36","slug":"mousqueton-a-doigt-fil-rouge","status":"publish","type":"product","link":"https:\/\/metal-badge.ch\/fr\/product\/108514\/mousqueton-a-doigt-fil-rouge\/","title":{"rendered":"Mousqueton \u00e0 doigt-fil  &#8211; rouge"},"content":{"rendered":"<p><span style=\"font-weight: 400;\">Petit, l\u00e9ger, maniable et extr\u00eamement moderne : telles sont les caract\u00e9ristiques du mousqueton \u00e0 doigt-fil. Le mousqueton extr\u00eamement l\u00e9ger \u00e0 doigt-fil est particuli\u00e8rement int\u00e9ressant pour tous ceux qui appr\u00e9cient de faire un tri du premier coup d&rsquo;\u0153il ou qui veulent simplement pimenter leur \u00e9quipement d&rsquo;escalade en termes de couleur. <\/span><span style=\"font-weight: 400;\">Disponible en cinq couleurs vives, qui peuvent \u00e9galement \u00eatre tr\u00e8s utiles pour distinguer les sets express.<\/span><\/p>\n<p><b>Informations du produit :<\/b><\/p>\n<ul>\n<li><span style=\"font-weight: 400;\">Mousqueton \u00e0 doigt-fil&nbsp;<\/span><\/li>\n<li><span style=\"font-weight: 400;\">Mati\u00e8re&nbsp;: aluminium<\/span><\/li>\n<li><span style=\"font-weight: 400;\">Ouverture MGO 30 mm&nbsp;<\/span><\/li>\n<li><span style=\"font-weight: 400;\">Alpinisme<\/span><\/li>\n<li><span style=\"font-weight: 400;\">Particularit\u00e9s&nbsp;:&nbsp; Charge de flexion longitudinale 22 kN<\/span><\/li>\n<li><span style=\"font-weight: 400;\">Charge de flexion verticale : 7 kN.<\/span><\/li>\n<li><span style=\"font-weight: 400;\">Charge de flexion ouvert : 7 kN.<\/span><\/li>\n<li><span style=\"font-weight: 400;\">Longueur : 80 mm<\/span><\/li>\n<li><span style=\"font-weight: 400;\">Largeur&nbsp;: 45 mm&nbsp;<\/span><\/li>\n<li><span style=\"font-weight: 400;\">Poids : 26 g.&nbsp;<\/span><\/li>\n<li><span style=\"font-weight: 400;\">Couleurs : rouge<\/span><\/li>\n<\/ul>\n","protected":false},"excerpt":{"rendered":"<p><span style=\"font-weight: 400;\">Petit, l\u00e9ger, maniable et extr\u00eamement moderne : telles sont les caract\u00e9ristiques du mousqueton \u00e0 doigt-fil. Le mousqueton extr\u00eamement l\u00e9ger \u00e0 doigt-fil est particuli\u00e8rement int\u00e9ressant pour tous ceux qui appr\u00e9cient de faire un tri du premier coup d&rsquo;\u0153il ou qui veulent simplement pimenter leur \u00e9quipement d&rsquo;escalade en termes de couleur. <\/span><span style=\"font-weight: 400;\">Disponible en cinq couleurs vives, qui peuvent \u00e9galement \u00eatre tr\u00e8s utiles pour distinguer les sets express.<\/span><\/p>\n","protected":false},"featured_media":108518,"comment_status":"closed","ping_status":"closed","template":"","meta":{"inline_featured_image":false},"product_brand":[],"product_cat":[1678],"product_tag":[1765],"class_list":{"0":"post-108514","1":"product","2":"type-product","3":"status-publish","4":"has-post-thumbnail","6":"product_cat-cordes-securite","7":"product_tag-sport-outdoor-fr","9":"first","10":"instock","11":"taxable","12":"shipping-taxable","13":"purchasable","14":"product-type-simple"},"_links":{"self":[{"href":"https:\/\/metal-badge.ch\/fr\/wp-json\/wp\/v2\/product\/108514","targetHints":{"allow":["GET"]}}],"collection":[{"href":"https:\/\/metal-badge.ch\/fr\/wp-json\/wp\/v2\/product"}],"about":[{"href":"https:\/\/metal-badge.ch\/fr\/wp-json\/wp\/v2\/types\/product"}],"replies":[{"embeddable":true,"href":"https:\/\/metal-badge.ch\/fr\/wp-json\/wp\/v2\/comments?post=108514"}],"wp:featuredmedia":[{"embeddable":true,"href":"https:\/\/metal-badge.ch\/fr\/wp-json\/wp\/v2\/media\/108518"}],"wp:attachment":[{"href":"https:\/\/metal-badge.ch\/fr\/wp-json\/wp\/v2\/media?parent=108514"}],"wp:term":[{"taxonomy":"product_brand","embeddable":true,"href":"https:\/\/metal-badge.ch\/fr\/wp-json\/wp\/v2\/product_brand?post=108514"},{"taxonomy":"product_cat","embeddable":true,"href":"https:\/\/metal-badge.ch\/fr\/wp-json\/wp\/v2\/product_cat?post=108514"},{"taxonomy":"product_tag","embeddable":true,"href":"https:\/\/metal-badge.ch\/fr\/wp-json\/wp\/v2\/product_tag?post=108514"}],"curies":[{"name":"wp","href":"https:\/\/api.w.org\/{rel}","templated":true}]}}