{"id":108466,"date":"2021-07-05T08:33:51","date_gmt":"2021-07-05T06:33:51","guid":{"rendered":"https:\/\/shop.metal-badge.ch\/?post_type=product&#038;p=108466"},"modified":"2021-07-05T08:41:41","modified_gmt":"2021-07-05T06:41:41","slug":"mousqueton-en-forme-de-poire-avec-fermeture-vissee-noir","status":"publish","type":"product","link":"https:\/\/metal-badge.ch\/fr\/product\/108466\/mousqueton-en-forme-de-poire-avec-fermeture-vissee-noir\/","title":{"rendered":"Mousqueton en forme de poire avec fermeture viss\u00e9e noir"},"content":{"rendered":"<p><span style=\"font-weight: 400;\">Mousqueton en forme de poire avec fermeture viss\u00e9e en aluminium avec grande ouverture. Ce mousqueton de s\u00e9curit\u00e9 avec fermeture viss\u00e9e de r\u00e9alisation v\u00e9rifi\u00e9e CE est appropri\u00e9 pour r\u00e9aliser des s\u00e9curit\u00e9s de tout type. Ce mousqueton est souvent utilis\u00e9 par nos clients pour mettre en place des sections de descente et de rappel \u00e0 forte densit\u00e9 de mati\u00e8re.<\/span><\/p>\n<p><b>Domaines d&rsquo;utilisation :<\/b><\/p>\n<ul>\n<li style=\"font-weight: 400;\" aria-level=\"1\"><span style=\"font-weight: 400;\">Sp\u00e9l\u00e9ologie<\/span><\/li>\n<li style=\"font-weight: 400;\" aria-level=\"1\"><span style=\"font-weight: 400;\">Parcs d&rsquo;escalade<\/span><\/li>\n<li style=\"font-weight: 400;\" aria-level=\"1\"><span style=\"font-weight: 400;\">Parcours de cordes<\/span><\/li>\n<li style=\"font-weight: 400;\" aria-level=\"1\"><span style=\"font-weight: 400;\">Escalade industrielle<\/span><\/li>\n<li style=\"font-weight: 400;\" aria-level=\"1\"><span style=\"font-weight: 400;\">Ascension des arbres<\/span><\/li>\n<li style=\"font-weight: 400;\" aria-level=\"1\"><span style=\"font-weight: 400;\">S\u00e9curit\u00e9 personnelle pendant les travaux de r\u00e9paration.<\/span><\/li>\n<\/ul>\n<p><b>Description du produit&nbsp;:<\/b><span style=\"font-weight: 400;\"><br \/>\n<\/span><\/p>\n<ul>\n<li><span style=\"font-weight: 400;\">Poids : 58 g<\/span><span style=\"font-weight: 400;\"><br \/>\n<\/span><\/li>\n<li><span style=\"font-weight: 400;\">Couleur : noir<\/span><span style=\"font-weight: 400;\"><br \/>\n<\/span><\/li>\n<li><span style=\"font-weight: 400;\">Mati\u00e8re&nbsp;: Aluminium<\/span><span style=\"font-weight: 400;\"><br \/>\n<\/span><\/li>\n<li><span style=\"font-weight: 400;\">Fermeture viss\u00e9e<\/span><span style=\"font-weight: 400;\"><br \/>\n<\/span><\/li>\n<li><span style=\"font-weight: 400;\">Taille : 10 cm x 5,5 cm&nbsp;<\/span><\/li>\n<li><span style=\"font-weight: 400;\">Charge de rupture dans le sens de la longueur 26 KN<\/span><\/li>\n<li><span style=\"font-weight: 400;\">Charge de rupture ouverte : 9 KN<\/span><span style=\"font-weight: 400;\"><br \/>\n<\/span><\/li>\n<li><span style=\"font-weight: 400;\">Charge de rupture dans le sens transversal&nbsp;: 8 KN.&nbsp;&nbsp;&nbsp;&nbsp;<\/span><\/li>\n<\/ul>\n","protected":false},"excerpt":{"rendered":"<p><span style=\"font-weight: 400;\">Mousqueton en forme de poire avec fermeture viss\u00e9e en aluminium avec grande ouverture. Ce mousqueton de s\u00e9curit\u00e9 avec fermeture viss\u00e9e de r\u00e9alisation v\u00e9rifi\u00e9e CE est appropri\u00e9 pour r\u00e9aliser des s\u00e9curit\u00e9s de tout type. Ce mousqueton est souvent utilis\u00e9 par nos clients pour mettre en place des sections de descente et de rappel \u00e0 forte densit\u00e9 de mati\u00e8re.<\/span><\/p>\n","protected":false},"featured_media":108470,"comment_status":"closed","ping_status":"closed","template":"","meta":{"inline_featured_image":false},"product_brand":[],"product_cat":[1678],"product_tag":[1765],"class_list":{"0":"post-108466","1":"product","2":"type-product","3":"status-publish","4":"has-post-thumbnail","6":"product_cat-cordes-securite","7":"product_tag-sport-outdoor-fr","9":"first","10":"instock","11":"taxable","12":"shipping-taxable","13":"purchasable","14":"product-type-simple"},"_links":{"self":[{"href":"https:\/\/metal-badge.ch\/fr\/wp-json\/wp\/v2\/product\/108466","targetHints":{"allow":["GET"]}}],"collection":[{"href":"https:\/\/metal-badge.ch\/fr\/wp-json\/wp\/v2\/product"}],"about":[{"href":"https:\/\/metal-badge.ch\/fr\/wp-json\/wp\/v2\/types\/product"}],"replies":[{"embeddable":true,"href":"https:\/\/metal-badge.ch\/fr\/wp-json\/wp\/v2\/comments?post=108466"}],"wp:featuredmedia":[{"embeddable":true,"href":"https:\/\/metal-badge.ch\/fr\/wp-json\/wp\/v2\/media\/108470"}],"wp:attachment":[{"href":"https:\/\/metal-badge.ch\/fr\/wp-json\/wp\/v2\/media?parent=108466"}],"wp:term":[{"taxonomy":"product_brand","embeddable":true,"href":"https:\/\/metal-badge.ch\/fr\/wp-json\/wp\/v2\/product_brand?post=108466"},{"taxonomy":"product_cat","embeddable":true,"href":"https:\/\/metal-badge.ch\/fr\/wp-json\/wp\/v2\/product_cat?post=108466"},{"taxonomy":"product_tag","embeddable":true,"href":"https:\/\/metal-badge.ch\/fr\/wp-json\/wp\/v2\/product_tag?post=108466"}],"curies":[{"name":"wp","href":"https:\/\/api.w.org\/{rel}","templated":true}]}}