{"id":108450,"date":"2021-07-05T07:53:26","date_gmt":"2021-07-05T05:53:26","guid":{"rendered":"https:\/\/shop.metal-badge.ch\/product\/108450\/ascendeur-ascendeur-droit-et-gauche\/"},"modified":"2021-07-05T07:53:26","modified_gmt":"2021-07-05T05:53:26","slug":"ascendeur-ascendeur-droit-et-gauche","status":"publish","type":"product","link":"https:\/\/metal-badge.ch\/fr\/product\/108450\/ascendeur-ascendeur-droit-et-gauche\/","title":{"rendered":"Ascendeur &#8211; ascendeur droit et gauche"},"content":{"rendered":"<p><span style=\"font-weight: 400;\">Pour une manipulation confortable lors de l&rsquo;ascension de la corde : l&rsquo;Ascendeur de SUT ! Avec son m\u00e9canisme de serrage brevet\u00e9, cet ascendeur en aluminium offre tout ce que vous attendez d&rsquo;un ascendeur stable et polyvalent. Il existe en deux versions, pour les gauchers et les droitiers, et tient bien en main gr\u00e2ce \u00e0 sa poign\u00e9e caoutchout\u00e9e. Gr\u00e2ce au levier de s\u00e9curit\u00e9 \u00e0 fonctionnement souple, l&rsquo;Ascender s&rsquo;accroche rapidement \u00e0 la corde et peut \u00eatre reli\u00e9 aux mousquetons de diff\u00e9rentes mani\u00e8res gr\u00e2ce aux nombreux trous, ce qui le rend parfait pour une large gamme d&rsquo;utilisations dans les circuits alpins \u00e0 plusieurs longueurs, l&rsquo;escalade industrielle, sur les arbres, les aventures en bigwall ou les utilisations sur cordes fixes ! Le moyen le plus efficace de monter \u00e0 la corde.<\/span><\/p>\n<p><b>Informations du produit :&nbsp;<\/b><\/p>\n<ul>\n<li><span style=\"font-weight: 400;\">Charge de flexion : 5 kN<\/span><span style=\"font-weight: 400;\"><br \/>\n<\/span><\/li>\n<li><span style=\"font-weight: 400;\">Corde adapt\u00e9e : 8 mm &#8211; 13 mm<\/span><span style=\"font-weight: 400;\"><br \/>\n<\/span><\/li>\n<li><span style=\"font-weight: 400;\">Poids : 240 g<\/span><span style=\"font-weight: 400;\"><br \/>\n<\/span><\/li>\n<li><span style=\"font-weight: 400;\">Poign\u00e9e caoutchout\u00e9e<\/span><\/li>\n<li><span style=\"font-weight: 400;\">Couleur : orange = gauchers<\/span><\/li>\n<li><span style=\"font-weight: 400;\">Couleur : bleu = droitiers<\/span><span style=\"font-weight: 400;\"><br \/>\n<\/span><span style=\"font-weight: 400;\"><br \/>\n<\/span><\/li>\n<\/ul>\n","protected":false},"excerpt":{"rendered":"<p><span style=\"font-weight: 400;\">Pour une manipulation confortable lors de l&rsquo;ascension de la corde : l&rsquo;Ascendeur de SUT ! Avec son m\u00e9canisme de serrage brevet\u00e9, cet ascendeur en aluminium offre tout ce que vous attendez d&rsquo;un ascendeur stable et polyvalent. Il existe en deux versions, pour les gauchers et les droitiers, et tient bien en main gr\u00e2ce \u00e0 sa poign\u00e9e caoutchout\u00e9e. Gr\u00e2ce au levier de s\u00e9curit\u00e9 \u00e0 fonctionnement souple, l&rsquo;Ascender s&rsquo;accroche rapidement \u00e0 la corde et peut \u00eatre reli\u00e9 aux mousquetons de diff\u00e9rentes mani\u00e8res gr\u00e2ce aux nombreux trous, ce qui le rend parfait pour une large gamme d&rsquo;utilisations dans les circuits alpins \u00e0 plusieurs longueurs, l&rsquo;escalade industrielle, sur les arbres, les aventures en bigwall ou les utilisations sur cordes fixes ! Le moyen le plus efficace de monter \u00e0 la corde.<\/span><\/p>\n","protected":false},"featured_media":108403,"comment_status":"closed","ping_status":"closed","template":"","meta":{"inline_featured_image":false},"product_brand":[],"product_cat":[1678],"product_tag":[1765],"class_list":{"0":"post-108450","1":"product","2":"type-product","3":"status-publish","4":"has-post-thumbnail","6":"product_cat-cordes-securite","7":"product_tag-sport-outdoor-fr","9":"first","10":"instock","11":"taxable","12":"shipping-taxable","13":"purchasable","14":"product-type-simple"},"_links":{"self":[{"href":"https:\/\/metal-badge.ch\/fr\/wp-json\/wp\/v2\/product\/108450","targetHints":{"allow":["GET"]}}],"collection":[{"href":"https:\/\/metal-badge.ch\/fr\/wp-json\/wp\/v2\/product"}],"about":[{"href":"https:\/\/metal-badge.ch\/fr\/wp-json\/wp\/v2\/types\/product"}],"replies":[{"embeddable":true,"href":"https:\/\/metal-badge.ch\/fr\/wp-json\/wp\/v2\/comments?post=108450"}],"wp:featuredmedia":[{"embeddable":true,"href":"https:\/\/metal-badge.ch\/fr\/wp-json\/wp\/v2\/media\/108403"}],"wp:attachment":[{"href":"https:\/\/metal-badge.ch\/fr\/wp-json\/wp\/v2\/media?parent=108450"}],"wp:term":[{"taxonomy":"product_brand","embeddable":true,"href":"https:\/\/metal-badge.ch\/fr\/wp-json\/wp\/v2\/product_brand?post=108450"},{"taxonomy":"product_cat","embeddable":true,"href":"https:\/\/metal-badge.ch\/fr\/wp-json\/wp\/v2\/product_cat?post=108450"},{"taxonomy":"product_tag","embeddable":true,"href":"https:\/\/metal-badge.ch\/fr\/wp-json\/wp\/v2\/product_tag?post=108450"}],"curies":[{"name":"wp","href":"https:\/\/api.w.org\/{rel}","templated":true}]}}