{"id":108395,"date":"2021-07-04T06:03:26","date_gmt":"2021-07-04T04:03:26","guid":{"rendered":"https:\/\/shop.metal-badge.ch\/product\/108395\/toile-militaire-durable-de-couleur-camouflage\/"},"modified":"2025-08-09T03:39:20","modified_gmt":"2025-08-09T01:39:20","slug":"toile-militaire-durable-de-couleur-camouflage","status":"publish","type":"product","link":"https:\/\/metal-badge.ch\/fr\/product\/108395\/toile-militaire-durable-de-couleur-camouflage\/","title":{"rendered":"Toile militaire durable de couleur camouflage"},"content":{"rendered":"<p><span style=\"font-weight: 400;\">Fabriqu\u00e9 en PA Oxford et PVC r\u00e9sistant \u00e0 la d\u00e9chirure, camouflage avec 44 \u0153illets en aluminium antirouille et un diam\u00e8tre de 20 mm. La b\u00e2che est enduite de PVC \u00e0 l&rsquo;int\u00e9rieur et faite de tissu Oxford \/ coton \u00e0 l&rsquo;ext\u00e9rieur. Cette b\u00e2che utilisable de fa\u00e7on universelle tr\u00e8s r\u00e9sistante, absolument \u00e9tanche et r\u00e9sistante aux intemp\u00e9ries, est id\u00e9ale pour le camping, l\u2019ext\u00e9rieur, la protection contre le soleil, les tentes d\u2019urgence, et pour recouvrir des tas de bois, des machines, des voitures, des meubles de jardin et autres. La b\u00e2che de protection est \u00e9galement r\u00e9sistante aux moisissures et peut \u00eatre nettoy\u00e9e facilement. Le prix comprend une corde en paracorde de 8 m\u00e8tres de long. Nous proposons cette b\u00e2che en deux tailles. &nbsp;&nbsp;<\/span><\/p>\n<p><b>Informations du produit :<\/b><\/p>\n<ul>\n<li><span style=\"font-weight: 400;\">D\u00e9nomination&nbsp;: B\u00e2che de camouflage militaire tarpaulin<\/span><span style=\"font-weight: 400;\"><br \/>\n<\/span><\/li>\n<li><span style=\"font-weight: 400;\">\u00e0 usage universel<\/span><span style=\"font-weight: 400;\"><br \/>\n<\/span><\/li>\n<li><span style=\"font-weight: 400;\">avec 44 \u0153illets et<\/span><span style=\"font-weight: 400;\"><br \/>\n<\/span><\/li>\n<li><span style=\"font-weight: 400;\">avec coins renforc\u00e9s<\/span><span style=\"font-weight: 400;\"><br \/>\n<\/span><\/li>\n<li><span style=\"font-weight: 400;\">Mati\u00e8re : Tissu PA Oxford \/ coton et int\u00e9rieur enduit de PVC.<\/span><span style=\"font-weight: 400;\"><br \/>\n<\/span><\/li>\n<li><span style=\"font-weight: 400;\">Couleur : Camouflage militaire<\/span><span style=\"font-weight: 400;\"><br \/>\n<\/span><\/li>\n<li><span style=\"font-weight: 400;\">Dimensions petite b\u00e2che : 1,70 m x 1,70 m<\/span><\/li>\n<li><span style=\"font-weight: 400;\">Dimensions moyen b\u00e2che : 2 m x 2 m&nbsp;<\/span><\/li>\n<li><span style=\"font-weight: 400;\">Dimensions grande b\u00e2che : 3 m x 3 m&nbsp;<\/span><\/li>\n<li><span style=\"font-weight: 400;\">Poids petite b\u00e2che : 1,15 kg&nbsp;<\/span><\/li>\n<li><span style=\"font-weight: 400;\">Poids moyen b\u00e2che : 1,45 kg<\/span><\/li>\n<li><span style=\"font-weight: 400;\">Poids grande b\u00e2che : 2 kg<\/span><\/li>\n<li><span style=\"font-weight: 400;\">Tr\u00e8s r\u00e9sistante \u00e0 la d\u00e9chirure et durable<\/span><span style=\"font-weight: 400;\"><br \/>\n<\/span><\/li>\n<li><span style=\"font-weight: 400;\">Bordure renforc\u00e9 gr\u00e2ce \u00e0 un cordon de tissu cousu.<\/span><span style=\"font-weight: 400;\"><br \/>\n<\/span><\/li>\n<li><span style=\"font-weight: 400;\">Imperm\u00e9able et r\u00e9sistante aux intemp\u00e9ries<\/span><span style=\"font-weight: 400;\"><br \/>\n<\/span><\/li>\n<li><span style=\"font-weight: 400;\">R\u00e9sistante aux UV<\/span><span style=\"font-weight: 400;\"><br \/>\n<\/span><\/li>\n<li><span style=\"font-weight: 400;\">Lavable<\/span><\/li>\n<li><span style=\"font-weight: 400;\">Le prix comprend une corde en paracorde de 8 m\u00e8tres de long.<\/span><\/li>\n<\/ul>\n<p><span style=\"font-weight: 400;\">\u00c0 partir de 20 b\u00e2ches, nous pouvons r\u00e9aliser d&rsquo;autres dimensions sur demande.<\/span><\/p>\n<p><span style=\"font-weight: 400;\">Nous r\u00e9alisons \u00e9galement des tiges de tentes, des cordes paracordes et des sardines en plus des b\u00e2ches Voir en suivant&nbsp;<\/span><span style=\"font-weight: 400;\">le lien suivant :<\/span><span style=\"font-weight: 400;\"><br \/>\n<\/span><span style=\"color: #ff6600;\"><strong><a style=\"color: #ff6600;\" href=\"https:\/\/metal-badge.ch\/fr\/product\/43673\/sardine-en-titane-6-pieces\/\">\u00e9galement des sardines<\/a><\/strong><\/span><br \/>\n<span style=\"color: #ff6600;\"><strong><a style=\"color: #ff6600;\" href=\"https:\/\/metal-badge.ch\/fr\/product\/43654\/corde-paracord-olive\/\">cordes paracordes<\/a><\/strong><\/span><br \/>\n<strong><span style=\"color: #ff6600;\"><a style=\"color: #ff6600;\" href=\"https:\/\/metal-badge.ch\/fr\/product\/43664\/bache-en-pu-couleur-camouflage-bache-camouflage-3-x-260-m\/\">b\u00e2ches<\/a><\/span><\/strong><br \/>\n<span style=\"color: #ff6600;\"><a style=\"color: #ff6600;\" href=\"https:\/\/metal-badge.ch\/fr\/product\/43681\/tiges-de-tente-en-aluminium-eloxe-2\/\"><strong>tiges<\/strong><\/a><\/span><\/p>\n","protected":false},"excerpt":{"rendered":"<p><span style=\"font-weight: 400;\">Fabriqu\u00e9 en PA Oxford et PVC r\u00e9sistant \u00e0 la d\u00e9chirure, camouflage avec 44 \u0153illets en aluminium antirouille et un diam\u00e8tre de 20 mm. La b\u00e2che est enduite de PVC \u00e0 l&rsquo;int\u00e9rieur et faite de tissu Oxford \/ coton \u00e0 l&rsquo;ext\u00e9rieur. Cette b\u00e2che utilisable de fa\u00e7on universelle tr\u00e8s r\u00e9sistante, absolument \u00e9tanche et r\u00e9sistante aux intemp\u00e9ries, est id\u00e9ale pour le camping, l\u2019ext\u00e9rieur, la protection contre le soleil, les tentes d\u2019urgence, et pour recouvrir des tas de bois, des machines, des voitures, des meubles de jardin et autres. La b\u00e2che de protection est \u00e9galement r\u00e9sistante aux moisissures et peut \u00eatre nettoy\u00e9e facilement. Le prix comprend une corde en paracorde de 8 m\u00e8tres de long. Nous proposons cette b\u00e2che en deux tailles.<\/span><\/p>\n","protected":false},"featured_media":108392,"comment_status":"closed","ping_status":"closed","template":"","meta":{"inline_featured_image":false},"product_brand":[],"product_cat":[1690,1435],"product_tag":[1773],"class_list":{"0":"post-108395","1":"product","2":"type-product","3":"status-publish","4":"has-post-thumbnail","6":"product_cat-baches-et-housses-de-protection","7":"product_cat-camping-voyage","8":"product_tag-chasse-peche","10":"first","11":"instock","12":"taxable","13":"shipping-taxable","14":"purchasable","15":"product-type-simple"},"_links":{"self":[{"href":"https:\/\/metal-badge.ch\/fr\/wp-json\/wp\/v2\/product\/108395","targetHints":{"allow":["GET"]}}],"collection":[{"href":"https:\/\/metal-badge.ch\/fr\/wp-json\/wp\/v2\/product"}],"about":[{"href":"https:\/\/metal-badge.ch\/fr\/wp-json\/wp\/v2\/types\/product"}],"replies":[{"embeddable":true,"href":"https:\/\/metal-badge.ch\/fr\/wp-json\/wp\/v2\/comments?post=108395"}],"wp:featuredmedia":[{"embeddable":true,"href":"https:\/\/metal-badge.ch\/fr\/wp-json\/wp\/v2\/media\/108392"}],"wp:attachment":[{"href":"https:\/\/metal-badge.ch\/fr\/wp-json\/wp\/v2\/media?parent=108395"}],"wp:term":[{"taxonomy":"product_brand","embeddable":true,"href":"https:\/\/metal-badge.ch\/fr\/wp-json\/wp\/v2\/product_brand?post=108395"},{"taxonomy":"product_cat","embeddable":true,"href":"https:\/\/metal-badge.ch\/fr\/wp-json\/wp\/v2\/product_cat?post=108395"},{"taxonomy":"product_tag","embeddable":true,"href":"https:\/\/metal-badge.ch\/fr\/wp-json\/wp\/v2\/product_tag?post=108395"}],"curies":[{"name":"wp","href":"https:\/\/api.w.org\/{rel}","templated":true}]}}