{"id":108371,"date":"2021-07-03T23:26:17","date_gmt":"2021-07-03T21:26:17","guid":{"rendered":"https:\/\/shop.metal-badge.ch\/product\/108371\/sabot-de-roue-sabot-de-stationnement-lq-270\/"},"modified":"2021-07-03T23:26:17","modified_gmt":"2021-07-03T21:26:17","slug":"sabot-de-roue-sabot-de-stationnement-lq-270","status":"publish","type":"product","link":"https:\/\/metal-badge.ch\/fr\/product\/108371\/sabot-de-roue-sabot-de-stationnement-lq-270\/","title":{"rendered":"Sabot de roue \/ sabot de stationnement LQ-270"},"content":{"rendered":"<p><span style=\"font-weight: 400;\">Sabots de roue universels pour la protection contre le vol pour les pneus jusqu&rsquo;\u00e0 265 mm<\/span><\/p>\n<p><span style=\"font-weight: 400;\">Sabot de roue pour remorque, caravane<\/span><\/p>\n<p><span style=\"font-weight: 400;\">Prot\u00e9gez votre voiture, votre moto, votre remorque et bien d&rsquo;autres choses encore de mani\u00e8re fiable contre le vol.<\/span><\/p>\n<p><span style=\"font-weight: 400;\">Convient aux jantes en aluminium, en acier et en plastique. Le rev\u00eatement en caoutchouc emp\u00eache que les roues et les jantes ne soient ray\u00e9es. Installation rapide et facile. Convient \u00e9galement aux scooters, aux caravanes et aux petits avions.<\/span><\/p>\n<p><b>Description du produit&nbsp;:<\/b><\/p>\n<ul>\n<li><span style=\"font-weight: 400;\">Garez votre v\u00e9hicule en toute s\u00e9curit\u00e9 :&nbsp;il suffit de fixer les robustes sabots \u00e0 pneus sur n&rsquo;importe quelle roue. Ils bloquent la roue afin qu&rsquo;elle ne puisse pas \u00eatre retir\u00e9e. Les couleurs de signalement dissuadent les voleurs \u00e0 distance.<\/span><span style=\"font-weight: 400;\"><br \/>\n<\/span><\/li>\n<li><span style=\"font-weight: 400;\">Une protection fiable pour de nombreux types de v\u00e9hicules :&nbsp;les voitures et les camping-cars, mais aussi les motos, les scooters, les remorques de bateaux, et bien d&rsquo;autres, sont d\u00e9sormais \u00e0 l&rsquo;abri des voleurs. Les capuchons de verrouillage emp\u00eachent l&rsquo;eau de p\u00e9n\u00e9trer dans les serrures. Ainsi, vos v\u00e9hicules restent bien prot\u00e9g\u00e9s, m\u00eame lorsqu&rsquo;ils sont gar\u00e9s pendant de longues p\u00e9riodes.<\/span><span style=\"font-weight: 400;\"><br \/>\n<\/span><\/li>\n<li><span style=\"font-weight: 400;\">Installation facile et rapide :&nbsp;Les sabots de roue s&rsquo;adaptent aux pneus d&rsquo;une largeur maximale de 265 mm. Il suffit de le d\u00e9rouler \u00e0 la taille souhait\u00e9e, de le fixer \u00e0 la roue et le tour est jou\u00e9 !<\/span><span style=\"font-weight: 400;\"><br \/>\n<\/span><\/li>\n<li><span style=\"font-weight: 400;\">Une protection fiable contre le vol de votre v\u00e9hicule&nbsp;<\/span><\/li>\n<li><span style=\"font-weight: 400;\">Convient pour les voitures, les motos, les caravanes, les voiturettes de golf, les petits avions, les remorques de bateau, les scooters, les karts, les tondeuses \u00e0 gazon et bien plus encore.<\/span><\/li>\n<li><span style=\"font-weight: 400;\">Pour les pneus de 50 \u00e0 265 mm de largeur<\/span><\/li>\n<li><span style=\"font-weight: 400;\">Installation rapide et facile<\/span><\/li>\n<li><span style=\"font-weight: 400;\">Convient \u00e0 toutes les jantes<\/span><\/li>\n<li><span style=\"font-weight: 400;\">Respectueux de vos jantes : poign\u00e9e plastifi\u00e9e, pince caoutchout\u00e9e.<\/span><\/li>\n<li><span style=\"font-weight: 400;\">Convient aux jantes en acier, en aluminium et en plastique.<\/span><\/li>\n<li><span style=\"font-weight: 400;\">Verrouillage de s\u00e9curit\u00e9 avec capuchon caoutchout\u00e9 : prot\u00e9g\u00e9 du vent et des intemp\u00e9ries<\/span><\/li>\n<li><span style=\"font-weight: 400;\">Mati\u00e8re&nbsp;: acier et aluminium<\/span><\/li>\n<li><span style=\"font-weight: 400;\">Taille : environ 23,5 &#8211; 34,5 x 7,5 x 47 cm ; poids : environ 2,3 kg (chacun)<\/span><\/li>\n<li><span style=\"font-weight: 400;\">Sabot de pneu avec 2 cl\u00e9s &#8211; Sabot de roue caravane&nbsp;<\/span><\/li>\n<li><span style=\"font-weight: 400;\">EAN:&nbsp;4022107961349<\/span><\/li>\n<\/ul>\n","protected":false},"excerpt":{"rendered":"<p><span style=\"font-weight: 400;\">Sabots de roue universels pour la protection contre le vol pour les pneus jusqu&rsquo;\u00e0 265 mm<\/span><\/p>\n<p><span style=\"font-weight: 400;\">Sabot de roue pour remorque, caravane<\/span><\/p>\n<p><span style=\"font-weight: 400;\">Prot\u00e9gez votre voiture, votre moto, votre remorque et bien d&rsquo;autres choses encore de mani\u00e8re fiable contre le vol.<\/span><\/p>\n<p><span style=\"font-weight: 400;\">Convient aux jantes en aluminium, en acier et en plastique. Le rev\u00eatement en caoutchouc emp\u00eache que les roues et les jantes ne soient ray\u00e9es. Installation rapide et facile. Convient \u00e9galement aux scooters, aux caravanes et aux petits avions.<\/span><\/p>\n","protected":false},"featured_media":108352,"comment_status":"closed","ping_status":"closed","template":"","meta":{"inline_featured_image":false},"product_brand":[],"product_cat":[887],"product_tag":[1781,1793],"class_list":{"0":"post-108371","1":"product","2":"type-product","3":"status-publish","4":"has-post-thumbnail","6":"product_cat-accessoires","7":"product_tag-police-securite","8":"product_tag-vehicule-route","10":"first","11":"instock","12":"taxable","13":"shipping-taxable","14":"purchasable","15":"product-type-simple"},"_links":{"self":[{"href":"https:\/\/metal-badge.ch\/fr\/wp-json\/wp\/v2\/product\/108371","targetHints":{"allow":["GET"]}}],"collection":[{"href":"https:\/\/metal-badge.ch\/fr\/wp-json\/wp\/v2\/product"}],"about":[{"href":"https:\/\/metal-badge.ch\/fr\/wp-json\/wp\/v2\/types\/product"}],"replies":[{"embeddable":true,"href":"https:\/\/metal-badge.ch\/fr\/wp-json\/wp\/v2\/comments?post=108371"}],"wp:featuredmedia":[{"embeddable":true,"href":"https:\/\/metal-badge.ch\/fr\/wp-json\/wp\/v2\/media\/108352"}],"wp:attachment":[{"href":"https:\/\/metal-badge.ch\/fr\/wp-json\/wp\/v2\/media?parent=108371"}],"wp:term":[{"taxonomy":"product_brand","embeddable":true,"href":"https:\/\/metal-badge.ch\/fr\/wp-json\/wp\/v2\/product_brand?post=108371"},{"taxonomy":"product_cat","embeddable":true,"href":"https:\/\/metal-badge.ch\/fr\/wp-json\/wp\/v2\/product_cat?post=108371"},{"taxonomy":"product_tag","embeddable":true,"href":"https:\/\/metal-badge.ch\/fr\/wp-json\/wp\/v2\/product_tag?post=108371"}],"curies":[{"name":"wp","href":"https:\/\/api.w.org\/{rel}","templated":true}]}}